{"id":175,"date":"2017-04-04T11:13:04","date_gmt":"2017-04-04T11:13:04","guid":{"rendered":"http:\/\/www.le-celadon.fr\/sample-page\/"},"modified":"2022-05-19T09:50:27","modified_gmt":"2022-05-19T09:50:27","slug":"homepage","status":"publish","type":"page","link":"https:\/\/www.le-celadon.fr\/en\/","title":{"rendered":"Homepage"},"content":{"rendered":"<div class=\"line-through\">\n<section id=\"section-2\" class=\"section-page section-home-2 big-padding\">\n<div class=\"row\">\n<div class=\"columns medium-push-4 medium-8 img-wrap\">\n<figure><img decoding=\"async\" loading=\"lazy\" class=\"aligncenter wp-image-1203 size-large\" src=\"\/wp-content\/uploads\/2017\/05\/cuisine_le_celadon-1116x745.jpg\" alt=\"\" width=\"1116\" height=\"745\" srcset=\"https:\/\/www.le-celadon.fr\/wp-content\/uploads\/2017\/05\/cuisine_le_celadon-1116x745.jpg 1116w, https:\/\/www.le-celadon.fr\/wp-content\/uploads\/2017\/05\/cuisine_le_celadon-566x378.jpg 566w, https:\/\/www.le-celadon.fr\/wp-content\/uploads\/2017\/05\/cuisine_le_celadon-768x513.jpg 768w, https:\/\/www.le-celadon.fr\/wp-content\/uploads\/2017\/05\/cuisine_le_celadon-360x240.jpg 360w, https:\/\/www.le-celadon.fr\/wp-content\/uploads\/2017\/05\/cuisine_le_celadon-312x208.jpg 312w, https:\/\/www.le-celadon.fr\/wp-content\/uploads\/2017\/05\/cuisine_le_celadon-1618x1080.jpg 1618w, https:\/\/www.le-celadon.fr\/wp-content\/uploads\/2017\/05\/cuisine_le_celadon-88x59.jpg 88w, https:\/\/www.le-celadon.fr\/wp-content\/uploads\/2017\/05\/cuisine_le_celadon-75x50.jpg 75w, https:\/\/www.le-celadon.fr\/wp-content\/uploads\/2017\/05\/cuisine_le_celadon-1920x1281.jpg 1920w, https:\/\/www.le-celadon.fr\/wp-content\/uploads\/2017\/05\/cuisine_le_celadon-321x214.jpg 321w\" sizes=\"(max-width: 1116px) 100vw, 1116px\" \/><\/figure>\n<\/div>\n<div class=\"box-transparent columns medium-pull-8 medium-4\">\n<div class=\"wrapper\">\n<h2 class=\"title\">A beautiful 19th century house<\/h2>\n<p>Authentic French residence, renovated with elegance, imbued with charm, history and travel souvenirs. A revitalising stopover for guests \u00a0between Brittany, Anjou and Poitou. Charming guesthouse in Vend\u00e9e, between Brittany, Anjou and Poitou.<\/p>\n<p><a class=\"btn-white\" href=\"\/en\/the-residence\/\">discover<\/a><\/p>\n<\/div>\n<\/div>\n<\/div>\n<\/section>\n<section class=\"section-page section-home-3\">\n<figure class=\"img-wrap\"><img decoding=\"async\" loading=\"lazy\" class=\"aligncenter wp-image-1204 size-full\" src=\"\/wp-content\/uploads\/2017\/05\/chambre_perle.jpg\" alt=\"\" width=\"7360\" height=\"4912\" srcset=\"https:\/\/www.le-celadon.fr\/wp-content\/uploads\/2017\/05\/chambre_perle.jpg 7360w, https:\/\/www.le-celadon.fr\/wp-content\/uploads\/2017\/05\/chambre_perle-566x378.jpg 566w, https:\/\/www.le-celadon.fr\/wp-content\/uploads\/2017\/05\/chambre_perle-768x513.jpg 768w, https:\/\/www.le-celadon.fr\/wp-content\/uploads\/2017\/05\/chambre_perle-1116x745.jpg 1116w, https:\/\/www.le-celadon.fr\/wp-content\/uploads\/2017\/05\/chambre_perle-360x240.jpg 360w, https:\/\/www.le-celadon.fr\/wp-content\/uploads\/2017\/05\/chambre_perle-312x208.jpg 312w, https:\/\/www.le-celadon.fr\/wp-content\/uploads\/2017\/05\/chambre_perle-1618x1080.jpg 1618w, https:\/\/www.le-celadon.fr\/wp-content\/uploads\/2017\/05\/chambre_perle-88x59.jpg 88w, https:\/\/www.le-celadon.fr\/wp-content\/uploads\/2017\/05\/chambre_perle-75x50.jpg 75w, https:\/\/www.le-celadon.fr\/wp-content\/uploads\/2017\/05\/chambre_perle-1920x1281.jpg 1920w, https:\/\/www.le-celadon.fr\/wp-content\/uploads\/2017\/05\/chambre_perle-321x214.jpg 321w\" sizes=\"(max-width: 7360px) 100vw, 7360px\" \/><\/figure>\n<div class=\"row\">\n<div class=\"box-transparent columns large-5 large-float-right\">\n<div class=\"wrapper\">\n<h2 class=\"title\">Le C\u00e9ladon&#8217;s rooms<\/h2>\n<p>The 1<sup>st<\/sup> and 2<sup>nd<\/sup> floors house four rooms each for up to two people (extra bed on request), as well as a vast completely private lounge devoted to welcoming Le C\u00e9ladon&#8217;s guests.<br \/>A family suite nestled in the garden that can accommodate up to four people (plus a baby bed) completes this set.<\/p>\n<p><a class=\"btn-white\" href=\"\/en\/rooms\/\">further information<\/a><\/p>\n<\/div>\n<\/div>\n<\/div>\n<\/section>\n<section id=\"section-2\" class=\"section-page section-home-4 big-padding\">\n<div class=\"row\">\n<div class=\"medium-7 column\">\n<figure><img decoding=\"async\" loading=\"lazy\" class=\"alignleft wp-image-630 size-full\" src=\"\/wp-content\/uploads\/2017\/04\/home-3.jpg\" alt=\"\" width=\"613\" height=\"419\" srcset=\"https:\/\/www.le-celadon.fr\/wp-content\/uploads\/2017\/04\/home-3.jpg 613w, https:\/\/www.le-celadon.fr\/wp-content\/uploads\/2017\/04\/home-3-566x387.jpg 566w, https:\/\/www.le-celadon.fr\/wp-content\/uploads\/2017\/04\/home-3-360x246.jpg 360w, https:\/\/www.le-celadon.fr\/wp-content\/uploads\/2017\/04\/home-3-312x213.jpg 312w, https:\/\/www.le-celadon.fr\/wp-content\/uploads\/2017\/04\/home-3-86x59.jpg 86w, https:\/\/www.le-celadon.fr\/wp-content\/uploads\/2017\/04\/home-3-73x50.jpg 73w, https:\/\/www.le-celadon.fr\/wp-content\/uploads\/2017\/04\/home-3-321x219.jpg 321w\" sizes=\"(max-width: 613px) 100vw, 613px\" \/><\/figure>\n<div class=\"box-transparent\">\n<div class=\"wrapper\">\n<h2 class=\"title\">Exteriors fitted out for relaxation<\/h2>\n<p>The fully-equipped and intimate park offers a large heated pool, that is completely secure and set back from the main body of the park and equipped with an exceptional pool house. A jacuzzi, nestling on one of the many terraces, harmoniously completes this relaxing space.<\/p>\n<p><a class=\"btn-white\" href=\"\/en\/the-residence\/exterior-facilities\/\">see more<\/a><\/p>\n<\/div>\n<\/div>\n<\/div>\n<div class=\"columns medium-5 img-wrap\">\n<figure><img decoding=\"async\" loading=\"lazy\" class=\"wp-image-632 size-full aligncenter\" src=\"\/wp-content\/uploads\/2017\/04\/home-4.jpg\" alt=\"\" width=\"560\" height=\"715\" srcset=\"https:\/\/www.le-celadon.fr\/wp-content\/uploads\/2017\/04\/home-4.jpg 560w, https:\/\/www.le-celadon.fr\/wp-content\/uploads\/2017\/04\/home-4-227x290.jpg 227w, https:\/\/www.le-celadon.fr\/wp-content\/uploads\/2017\/04\/home-4-312x398.jpg 312w, https:\/\/www.le-celadon.fr\/wp-content\/uploads\/2017\/04\/home-4-46x59.jpg 46w, https:\/\/www.le-celadon.fr\/wp-content\/uploads\/2017\/04\/home-4-39x50.jpg 39w, https:\/\/www.le-celadon.fr\/wp-content\/uploads\/2017\/04\/home-4-289x369.jpg 289w\" sizes=\"(max-width: 560px) 100vw, 560px\" \/><\/figure>\n<\/div>\n<\/div>\n<\/section>\n<\/div>\n<section class=\"section-pods\">\n<header class=\"pattern-logo\">\n<h2>Surroundings<\/h2>\n<p><a class=\"btn-border-white\" href=\"\/en\/surroundings\/\">discover<\/a><\/p>\n<\/header>\n<div class=\"row\">\n<div class=\"pod columns medium-6 large-3\">\n<figure><img decoding=\"async\" loading=\"lazy\" class=\"alignnone wp-image-639 size-full\" src=\"\/wp-content\/uploads\/2017\/04\/pod-1.jpg\" alt=\"\" width=\"319\" height=\"370\" srcset=\"https:\/\/www.le-celadon.fr\/wp-content\/uploads\/2017\/04\/pod-1.jpg 319w, https:\/\/www.le-celadon.fr\/wp-content\/uploads\/2017\/04\/pod-1-250x290.jpg 250w, https:\/\/www.le-celadon.fr\/wp-content\/uploads\/2017\/04\/pod-1-312x362.jpg 312w, https:\/\/www.le-celadon.fr\/wp-content\/uploads\/2017\/04\/pod-1-51x59.jpg 51w, https:\/\/www.le-celadon.fr\/wp-content\/uploads\/2017\/04\/pod-1-43x50.jpg 43w, https:\/\/www.le-celadon.fr\/wp-content\/uploads\/2017\/04\/pod-1-318x369.jpg 318w\" sizes=\"(max-width: 319px) 100vw, 319px\" \/><\/figure>\n<p><a href=\"\/en\/puy-du-fou\/\"><span class=\"title\">le puy du fou<\/span><\/a><\/p>\n<\/div>\n<div class=\"pod columns medium-6 large-3\">\n<figure><img decoding=\"async\" loading=\"lazy\" class=\"alignnone wp-image-640 size-full\" src=\"\/wp-content\/uploads\/2017\/04\/pod-2.jpg\" alt=\"\" width=\"320\" height=\"370\" srcset=\"https:\/\/www.le-celadon.fr\/wp-content\/uploads\/2017\/04\/pod-2.jpg 320w, https:\/\/www.le-celadon.fr\/wp-content\/uploads\/2017\/04\/pod-2-251x290.jpg 251w, https:\/\/www.le-celadon.fr\/wp-content\/uploads\/2017\/04\/pod-2-312x361.jpg 312w, https:\/\/www.le-celadon.fr\/wp-content\/uploads\/2017\/04\/pod-2-51x59.jpg 51w, https:\/\/www.le-celadon.fr\/wp-content\/uploads\/2017\/04\/pod-2-43x50.jpg 43w, https:\/\/www.le-celadon.fr\/wp-content\/uploads\/2017\/04\/pod-2-319x369.jpg 319w\" sizes=\"(max-width: 320px) 100vw, 320px\" \/><\/figure>\n<p><a href=\"\/en\/la-city-of-nantes\/\"><span class=\"title\">Nantes<\/span><\/a><\/p>\n<\/div>\n<div class=\"pod columns medium-6 large-3\">\n<figure><img decoding=\"async\" loading=\"lazy\" class=\"alignnone wp-image-641 size-full\" src=\"\/wp-content\/uploads\/2017\/04\/pod-3.jpg\" alt=\"\" width=\"321\" height=\"370\" srcset=\"https:\/\/www.le-celadon.fr\/wp-content\/uploads\/2017\/04\/pod-3.jpg 321w, https:\/\/www.le-celadon.fr\/wp-content\/uploads\/2017\/04\/pod-3-252x290.jpg 252w, https:\/\/www.le-celadon.fr\/wp-content\/uploads\/2017\/04\/pod-3-312x360.jpg 312w, https:\/\/www.le-celadon.fr\/wp-content\/uploads\/2017\/04\/pod-3-51x59.jpg 51w, https:\/\/www.le-celadon.fr\/wp-content\/uploads\/2017\/04\/pod-3-43x50.jpg 43w, https:\/\/www.le-celadon.fr\/wp-content\/uploads\/2017\/04\/pod-3-320x369.jpg 320w\" sizes=\"(max-width: 321px) 100vw, 321px\" \/><\/figure>\n<p><a href=\"\/en\/the-vendee-coast\/\"><span class=\"title\">the Vend\u00e9e coast<\/span><\/a><\/p>\n<\/div>\n<div class=\"pod columns medium-6 large-3\">\n<figure><img decoding=\"async\" loading=\"lazy\" class=\"alignnone wp-image-642 size-full\" src=\"\/wp-content\/uploads\/2017\/04\/pod-4.jpg\" alt=\"\" width=\"320\" height=\"370\" srcset=\"https:\/\/www.le-celadon.fr\/wp-content\/uploads\/2017\/04\/pod-4.jpg 320w, https:\/\/www.le-celadon.fr\/wp-content\/uploads\/2017\/04\/pod-4-251x290.jpg 251w, https:\/\/www.le-celadon.fr\/wp-content\/uploads\/2017\/04\/pod-4-312x361.jpg 312w, https:\/\/www.le-celadon.fr\/wp-content\/uploads\/2017\/04\/pod-4-51x59.jpg 51w, https:\/\/www.le-celadon.fr\/wp-content\/uploads\/2017\/04\/pod-4-43x50.jpg 43w, https:\/\/www.le-celadon.fr\/wp-content\/uploads\/2017\/04\/pod-4-319x369.jpg 319w\" sizes=\"(max-width: 320px) 100vw, 320px\" \/><\/figure>\n<p><a href=\"\/en\/the-other-tourist-sites\/\"><span class=\"title\">other tourist sites<\/span><\/a><\/p>\n<\/div>\n<\/div>\n<\/section>\n","protected":false},"excerpt":{"rendered":"<p>A beautiful 19th century house Authentic French residence, renovated with elegance, imbued with charm, history and travel souvenirs. A revitalising stopover for guests \u00a0between Brittany, Anjou and Poitou. Charming guesthouse in Vend\u00e9e, between Brittany, Anjou and Poitou. discover Le C\u00e9ladon&#8217;s rooms The 1st and 2nd floors house four rooms each for up to two people (extra bed on request), as &hellip; <a href=\"https:\/\/www.le-celadon.fr\/en\/\" class=\"more\"><\/a><\/p>\n","protected":false},"author":3,"featured_media":0,"parent":0,"menu_order":-10,"comment_status":"closed","ping_status":"open","template":"front-page.php","meta":{"footnotes":""},"acf":[],"yoast_head":"<!-- This site is optimized with the Yoast SEO plugin v22.6 - https:\/\/yoast.com\/wordpress\/plugins\/seo\/ -->\n<title>Authentic French residence in Vend\u00e9e - Le C\u00e9ladon<\/title>\n<meta name=\"description\" content=\"Charming guesthouse in Vend\u00e9e, between Brittany, Anjou and Poitou. Located 30 mins from the Puy du Fou, it offers the opportunity for a restful stopover.\" \/>\n<meta name=\"robots\" content=\"index, follow, max-snippet:-1, max-image-preview:large, max-video-preview:-1\" \/>\n<link rel=\"canonical\" href=\"https:\/\/www.le-celadon.fr\/en\/\" \/>\n<meta property=\"og:locale\" content=\"en_US\" \/>\n<meta property=\"og:type\" content=\"article\" \/>\n<meta property=\"og:title\" content=\"Authentic French residence in Vend\u00e9e - Le C\u00e9ladon\" \/>\n<meta property=\"og:description\" content=\"Charming guesthouse in Vend\u00e9e, between Brittany, Anjou and Poitou. Located 30 mins from the Puy du Fou, it offers the opportunity for a restful stopover.\" \/>\n<meta property=\"og:url\" content=\"https:\/\/www.le-celadon.fr\/en\/\" \/>\n<meta property=\"og:site_name\" content=\"Celadon\" \/>\n<meta property=\"article:publisher\" content=\"https:\/\/www.facebook.com\/Le-C%c3%a9ladon-Maison-dh%c3%b4te-de-charme-985842411553284\/\" \/>\n<meta property=\"article:modified_time\" content=\"2022-05-19T09:50:27+00:00\" \/>\n<meta name=\"twitter:card\" content=\"summary_large_image\" \/>\n<meta name=\"twitter:label1\" content=\"Est. reading time\" \/>\n\t<meta name=\"twitter:data1\" content=\"1 minute\" \/>\n<script type=\"application\/ld+json\" class=\"yoast-schema-graph\">{\"@context\":\"https:\/\/schema.org\",\"@graph\":[{\"@type\":\"WebPage\",\"@id\":\"https:\/\/www.le-celadon.fr\/en\/\",\"url\":\"https:\/\/www.le-celadon.fr\/en\/\",\"name\":\"Authentic French residence in Vend\u00e9e - Le C\u00e9ladon\",\"isPartOf\":{\"@id\":\"https:\/\/www.le-celadon.fr\/fr\/#website\"},\"datePublished\":\"2017-04-04T11:13:04+00:00\",\"dateModified\":\"2022-05-19T09:50:27+00:00\",\"description\":\"Charming guesthouse in Vend\u00e9e, between Brittany, Anjou and Poitou. Located 30 mins from the Puy du Fou, it offers the opportunity for a restful stopover.\",\"breadcrumb\":{\"@id\":\"https:\/\/www.le-celadon.fr\/en\/#breadcrumb\"},\"inLanguage\":\"en-US\",\"potentialAction\":[{\"@type\":\"ReadAction\",\"target\":[\"https:\/\/www.le-celadon.fr\/en\/\"]}]},{\"@type\":\"BreadcrumbList\",\"@id\":\"https:\/\/www.le-celadon.fr\/en\/#breadcrumb\",\"itemListElement\":[{\"@type\":\"ListItem\",\"position\":1,\"name\":\"Home\",\"item\":\"https:\/\/www.le-celadon.fr\/en\/\"},{\"@type\":\"ListItem\",\"position\":2,\"name\":\"Homepage\"}]},{\"@type\":\"WebSite\",\"@id\":\"https:\/\/www.le-celadon.fr\/fr\/#website\",\"url\":\"https:\/\/www.le-celadon.fr\/fr\/\",\"name\":\"Celadon\",\"description\":\"Maison d&#039;h\u00f4tes de charme proche du Puy du Fou\",\"publisher\":{\"@id\":\"https:\/\/www.le-celadon.fr\/fr\/#organization\"},\"potentialAction\":[{\"@type\":\"SearchAction\",\"target\":{\"@type\":\"EntryPoint\",\"urlTemplate\":\"https:\/\/www.le-celadon.fr\/fr\/?s={search_term_string}\"},\"query-input\":\"required name=search_term_string\"}],\"inLanguage\":\"en-US\"},{\"@type\":\"Organization\",\"@id\":\"https:\/\/www.le-celadon.fr\/fr\/#organization\",\"name\":\"Le C\u00e9ladon\",\"url\":\"https:\/\/www.le-celadon.fr\/fr\/\",\"logo\":{\"@type\":\"ImageObject\",\"inLanguage\":\"en-US\",\"@id\":\"https:\/\/www.le-celadon.fr\/fr\/#\/schema\/logo\/image\/\",\"url\":\"https:\/\/www.le-celadon.fr\/wp-content\/uploads\/2017\/04\/header-logo.png\",\"contentUrl\":\"https:\/\/www.le-celadon.fr\/wp-content\/uploads\/2017\/04\/header-logo.png\",\"width\":275,\"height\":59,\"caption\":\"Le C\u00e9ladon\"},\"image\":{\"@id\":\"https:\/\/www.le-celadon.fr\/fr\/#\/schema\/logo\/image\/\"},\"sameAs\":[\"https:\/\/www.facebook.com\/Le-C\u00e9ladon-Maison-dh\u00f4te-de-charme-985842411553284\/\"]}]}<\/script>\n<!-- \/ Yoast SEO plugin. -->","yoast_head_json":{"title":"Authentic French residence in Vend\u00e9e - Le C\u00e9ladon","description":"Charming guesthouse in Vend\u00e9e, between Brittany, Anjou and Poitou. Located 30 mins from the Puy du Fou, it offers the opportunity for a restful stopover.","robots":{"index":"index","follow":"follow","max-snippet":"max-snippet:-1","max-image-preview":"max-image-preview:large","max-video-preview":"max-video-preview:-1"},"canonical":"https:\/\/www.le-celadon.fr\/en\/","og_locale":"en_US","og_type":"article","og_title":"Authentic French residence in Vend\u00e9e - Le C\u00e9ladon","og_description":"Charming guesthouse in Vend\u00e9e, between Brittany, Anjou and Poitou. Located 30 mins from the Puy du Fou, it offers the opportunity for a restful stopover.","og_url":"https:\/\/www.le-celadon.fr\/en\/","og_site_name":"Celadon","article_publisher":"https:\/\/www.facebook.com\/Le-C%c3%a9ladon-Maison-dh%c3%b4te-de-charme-985842411553284\/","article_modified_time":"2022-05-19T09:50:27+00:00","twitter_card":"summary_large_image","twitter_misc":{"Est. reading time":"1 minute"},"schema":{"@context":"https:\/\/schema.org","@graph":[{"@type":"WebPage","@id":"https:\/\/www.le-celadon.fr\/en\/","url":"https:\/\/www.le-celadon.fr\/en\/","name":"Authentic French residence in Vend\u00e9e - Le C\u00e9ladon","isPartOf":{"@id":"https:\/\/www.le-celadon.fr\/fr\/#website"},"datePublished":"2017-04-04T11:13:04+00:00","dateModified":"2022-05-19T09:50:27+00:00","description":"Charming guesthouse in Vend\u00e9e, between Brittany, Anjou and Poitou. Located 30 mins from the Puy du Fou, it offers the opportunity for a restful stopover.","breadcrumb":{"@id":"https:\/\/www.le-celadon.fr\/en\/#breadcrumb"},"inLanguage":"en-US","potentialAction":[{"@type":"ReadAction","target":["https:\/\/www.le-celadon.fr\/en\/"]}]},{"@type":"BreadcrumbList","@id":"https:\/\/www.le-celadon.fr\/en\/#breadcrumb","itemListElement":[{"@type":"ListItem","position":1,"name":"Home","item":"https:\/\/www.le-celadon.fr\/en\/"},{"@type":"ListItem","position":2,"name":"Homepage"}]},{"@type":"WebSite","@id":"https:\/\/www.le-celadon.fr\/fr\/#website","url":"https:\/\/www.le-celadon.fr\/fr\/","name":"Celadon","description":"Maison d&#039;h\u00f4tes de charme proche du Puy du Fou","publisher":{"@id":"https:\/\/www.le-celadon.fr\/fr\/#organization"},"potentialAction":[{"@type":"SearchAction","target":{"@type":"EntryPoint","urlTemplate":"https:\/\/www.le-celadon.fr\/fr\/?s={search_term_string}"},"query-input":"required name=search_term_string"}],"inLanguage":"en-US"},{"@type":"Organization","@id":"https:\/\/www.le-celadon.fr\/fr\/#organization","name":"Le C\u00e9ladon","url":"https:\/\/www.le-celadon.fr\/fr\/","logo":{"@type":"ImageObject","inLanguage":"en-US","@id":"https:\/\/www.le-celadon.fr\/fr\/#\/schema\/logo\/image\/","url":"https:\/\/www.le-celadon.fr\/wp-content\/uploads\/2017\/04\/header-logo.png","contentUrl":"https:\/\/www.le-celadon.fr\/wp-content\/uploads\/2017\/04\/header-logo.png","width":275,"height":59,"caption":"Le C\u00e9ladon"},"image":{"@id":"https:\/\/www.le-celadon.fr\/fr\/#\/schema\/logo\/image\/"},"sameAs":["https:\/\/www.facebook.com\/Le-C\u00e9ladon-Maison-dh\u00f4te-de-charme-985842411553284\/"]}]}},"_links":{"self":[{"href":"https:\/\/www.le-celadon.fr\/en\/wp-json\/wp\/v2\/pages\/175"}],"collection":[{"href":"https:\/\/www.le-celadon.fr\/en\/wp-json\/wp\/v2\/pages"}],"about":[{"href":"https:\/\/www.le-celadon.fr\/en\/wp-json\/wp\/v2\/types\/page"}],"author":[{"embeddable":true,"href":"https:\/\/www.le-celadon.fr\/en\/wp-json\/wp\/v2\/users\/3"}],"replies":[{"embeddable":true,"href":"https:\/\/www.le-celadon.fr\/en\/wp-json\/wp\/v2\/comments?post=175"}],"version-history":[{"count":6,"href":"https:\/\/www.le-celadon.fr\/en\/wp-json\/wp\/v2\/pages\/175\/revisions"}],"predecessor-version":[{"id":3628,"href":"https:\/\/www.le-celadon.fr\/en\/wp-json\/wp\/v2\/pages\/175\/revisions\/3628"}],"wp:attachment":[{"href":"https:\/\/www.le-celadon.fr\/en\/wp-json\/wp\/v2\/media?parent=175"}],"curies":[{"name":"wp","href":"https:\/\/api.w.org\/{rel}","templated":true}]}}