{"id":190,"date":"2017-04-15T16:39:00","date_gmt":"2017-04-15T16:39:00","guid":{"rendered":"http:\/\/www.le-celadon.fr\/?page_id=190"},"modified":"2025-05-16T16:02:10","modified_gmt":"2025-05-16T16:02:10","slug":"les-amenagements-exterieurs","status":"publish","type":"page","link":"https:\/\/www.le-celadon.fr\/fr\/la-maison\/les-amenagements-exterieurs\/","title":{"rendered":"Les am\u00e9nagements ext\u00e9rieurs"},"content":{"rendered":"<h2>Un parc centenaire et am\u00e9nag\u00e9<\/h2>\n<p><img decoding=\"async\" loading=\"lazy\" class=\"alignright wp-image-2990\" src=\"https:\/\/www.le-celadon.fr\/wp-content\/uploads\/2020\/06\/70c3-566x424.jpg\" alt=\"parc le celadon\" width=\"500\" height=\"374\" srcset=\"https:\/\/www.le-celadon.fr\/wp-content\/uploads\/2020\/06\/70c3-566x424.jpg 566w, https:\/\/www.le-celadon.fr\/wp-content\/uploads\/2020\/06\/70c3-768x575.jpg 768w, https:\/\/www.le-celadon.fr\/wp-content\/uploads\/2020\/06\/70c3-360x269.jpg 360w, https:\/\/www.le-celadon.fr\/wp-content\/uploads\/2020\/06\/70c3-312x233.jpg 312w, https:\/\/www.le-celadon.fr\/wp-content\/uploads\/2020\/06\/70c3-79x59.jpg 79w, https:\/\/www.le-celadon.fr\/wp-content\/uploads\/2020\/06\/70c3-67x50.jpg 67w, https:\/\/www.le-celadon.fr\/wp-content\/uploads\/2020\/06\/70c3-321x240.jpg 321w, https:\/\/www.le-celadon.fr\/wp-content\/uploads\/2020\/06\/70c3.jpg 1025w\" sizes=\"(max-width: 500px) 100vw, 500px\" \/><\/p>\n<p>Le C\u00e9ladon dispose d\u2019un parc de 5000 m\u00b2 offrant\u00a0de nombreux espaces am\u00e9nag\u00e9s pour vous d\u00e9tendre et vous ressourcer.<\/p>\n<p>Un bassin naturel, serti de pierres et d\u2019arums, jouxte le jacuzzi sur une terrasse d\u00e9di\u00e9e en retrait de la terrasse principale, accessible de la cuisine, o\u00f9 sont servis les petits d\u00e9jeuners.<\/p>\n<p>V\u00e9ritable lieu de r\u00eaverie, de lecture et de farniente, le parc dispose d\u2019un espace sportif et de d\u00e9tente s\u00e9curis\u00e9 et tr\u00e8s intime.<\/p>\n<p>Transats, fauteuils et parasols vous invitent \u00e0 un moment de repos autour de la belle piscine de 14 x 6 m\u00e8tres.<\/p>\n<p><img decoding=\"async\" loading=\"lazy\" class=\"alignnone wp-image-3367\" src=\"https:\/\/www.le-celadon.fr\/wp-content\/uploads\/2020\/07\/amenagements-exterieurs-4-scaled.jpg\" alt=\"\" width=\"400\" height=\"300\" srcset=\"https:\/\/www.le-celadon.fr\/wp-content\/uploads\/2020\/07\/amenagements-exterieurs-4-scaled.jpg 2560w, https:\/\/www.le-celadon.fr\/wp-content\/uploads\/2020\/07\/amenagements-exterieurs-4-566x425.jpg 566w, https:\/\/www.le-celadon.fr\/wp-content\/uploads\/2020\/07\/amenagements-exterieurs-4-1116x837.jpg 1116w, https:\/\/www.le-celadon.fr\/wp-content\/uploads\/2020\/07\/amenagements-exterieurs-4-768x576.jpg 768w, https:\/\/www.le-celadon.fr\/wp-content\/uploads\/2020\/07\/amenagements-exterieurs-4-1536x1152.jpg 1536w, https:\/\/www.le-celadon.fr\/wp-content\/uploads\/2020\/07\/amenagements-exterieurs-4-2048x1536.jpg 2048w, https:\/\/www.le-celadon.fr\/wp-content\/uploads\/2020\/07\/amenagements-exterieurs-4-360x270.jpg 360w, https:\/\/www.le-celadon.fr\/wp-content\/uploads\/2020\/07\/amenagements-exterieurs-4-312x234.jpg 312w, https:\/\/www.le-celadon.fr\/wp-content\/uploads\/2020\/07\/amenagements-exterieurs-4-1440x1080.jpg 1440w, https:\/\/www.le-celadon.fr\/wp-content\/uploads\/2020\/07\/amenagements-exterieurs-4-79x59.jpg 79w, https:\/\/www.le-celadon.fr\/wp-content\/uploads\/2020\/07\/amenagements-exterieurs-4-67x50.jpg 67w, https:\/\/www.le-celadon.fr\/wp-content\/uploads\/2020\/07\/amenagements-exterieurs-4-1920x1440.jpg 1920w, https:\/\/www.le-celadon.fr\/wp-content\/uploads\/2020\/07\/amenagements-exterieurs-4-321x241.jpg 321w\" sizes=\"(max-width: 400px) 100vw, 400px\" \/> <img decoding=\"async\" loading=\"lazy\" class=\"alignright wp-image-1142\" src=\"https:\/\/www.le-celadon.fr\/wp-content\/uploads\/2017\/04\/DSC_8272.jpg\" alt=\"\" width=\"449\" height=\"300\" srcset=\"https:\/\/www.le-celadon.fr\/wp-content\/uploads\/2017\/04\/DSC_8272.jpg 6980w, https:\/\/www.le-celadon.fr\/wp-content\/uploads\/2017\/04\/DSC_8272-566x378.jpg 566w, https:\/\/www.le-celadon.fr\/wp-content\/uploads\/2017\/04\/DSC_8272-768x513.jpg 768w, https:\/\/www.le-celadon.fr\/wp-content\/uploads\/2017\/04\/DSC_8272-1116x745.jpg 1116w, https:\/\/www.le-celadon.fr\/wp-content\/uploads\/2017\/04\/DSC_8272-360x240.jpg 360w, https:\/\/www.le-celadon.fr\/wp-content\/uploads\/2017\/04\/DSC_8272-312x208.jpg 312w, https:\/\/www.le-celadon.fr\/wp-content\/uploads\/2017\/04\/DSC_8272-1618x1080.jpg 1618w, https:\/\/www.le-celadon.fr\/wp-content\/uploads\/2017\/04\/DSC_8272-88x59.jpg 88w, https:\/\/www.le-celadon.fr\/wp-content\/uploads\/2017\/04\/DSC_8272-75x50.jpg 75w, https:\/\/www.le-celadon.fr\/wp-content\/uploads\/2017\/04\/DSC_8272-1920x1282.jpg 1920w, https:\/\/www.le-celadon.fr\/wp-content\/uploads\/2017\/04\/DSC_8272-321x214.jpg 321w\" sizes=\"(max-width: 449px) 100vw, 449px\" \/><\/p>\n<p>&nbsp;<\/p>\n<p>Chauff\u00e9e de mai \u00e0 septembre (entre 26 et 28\u00b0), la piscine et sa terrasse ajoutent au\u00a0confort des h\u00f4tes. Le Pool-house, con\u00e7u dans l\u2019esprit des maisons de vacances de l\u2019\u00cele de R\u00e9, est une v\u00e9ritable maison r\u00e9solument moderne et empreinte des lettrines et souvenirs de l\u2019\u00c9tude notariale adjacente. D\u00e9coration soign\u00e9e, tons clairs et lit de repos compl\u00e8tent l\u2019am\u00e9nagement de ce lieu comportant douches, vestiaires et toilettes.<\/p>\n<p>&nbsp;<\/p>\n<p><img decoding=\"async\" loading=\"lazy\" class=\"alignnone wp-image-3361\" src=\"https:\/\/www.le-celadon.fr\/wp-content\/uploads\/2020\/07\/amenagements-exterieurs-3-scaled.jpg\" alt=\"\" width=\"440\" height=\"330\" srcset=\"https:\/\/www.le-celadon.fr\/wp-content\/uploads\/2020\/07\/amenagements-exterieurs-3-scaled.jpg 2560w, https:\/\/www.le-celadon.fr\/wp-content\/uploads\/2020\/07\/amenagements-exterieurs-3-566x425.jpg 566w, https:\/\/www.le-celadon.fr\/wp-content\/uploads\/2020\/07\/amenagements-exterieurs-3-1116x837.jpg 1116w, https:\/\/www.le-celadon.fr\/wp-content\/uploads\/2020\/07\/amenagements-exterieurs-3-768x576.jpg 768w, https:\/\/www.le-celadon.fr\/wp-content\/uploads\/2020\/07\/amenagements-exterieurs-3-1536x1152.jpg 1536w, https:\/\/www.le-celadon.fr\/wp-content\/uploads\/2020\/07\/amenagements-exterieurs-3-2048x1536.jpg 2048w, https:\/\/www.le-celadon.fr\/wp-content\/uploads\/2020\/07\/amenagements-exterieurs-3-360x270.jpg 360w, https:\/\/www.le-celadon.fr\/wp-content\/uploads\/2020\/07\/amenagements-exterieurs-3-312x234.jpg 312w, https:\/\/www.le-celadon.fr\/wp-content\/uploads\/2020\/07\/amenagements-exterieurs-3-1440x1080.jpg 1440w, https:\/\/www.le-celadon.fr\/wp-content\/uploads\/2020\/07\/amenagements-exterieurs-3-79x59.jpg 79w, https:\/\/www.le-celadon.fr\/wp-content\/uploads\/2020\/07\/amenagements-exterieurs-3-67x50.jpg 67w, https:\/\/www.le-celadon.fr\/wp-content\/uploads\/2020\/07\/amenagements-exterieurs-3-1920x1440.jpg 1920w, https:\/\/www.le-celadon.fr\/wp-content\/uploads\/2020\/07\/amenagements-exterieurs-3-321x241.jpg 321w\" sizes=\"(max-width: 440px) 100vw, 440px\" \/> <img decoding=\"async\" loading=\"lazy\" class=\"alignright wp-image-3364\" src=\"https:\/\/www.le-celadon.fr\/wp-content\/uploads\/2020\/07\/amenagements-exterieurs-2-scaled.jpg\" alt=\"\" width=\"440\" height=\"330\" srcset=\"https:\/\/www.le-celadon.fr\/wp-content\/uploads\/2020\/07\/amenagements-exterieurs-2-scaled.jpg 2560w, https:\/\/www.le-celadon.fr\/wp-content\/uploads\/2020\/07\/amenagements-exterieurs-2-566x425.jpg 566w, https:\/\/www.le-celadon.fr\/wp-content\/uploads\/2020\/07\/amenagements-exterieurs-2-1116x837.jpg 1116w, https:\/\/www.le-celadon.fr\/wp-content\/uploads\/2020\/07\/amenagements-exterieurs-2-768x576.jpg 768w, https:\/\/www.le-celadon.fr\/wp-content\/uploads\/2020\/07\/amenagements-exterieurs-2-1536x1152.jpg 1536w, https:\/\/www.le-celadon.fr\/wp-content\/uploads\/2020\/07\/amenagements-exterieurs-2-2048x1536.jpg 2048w, https:\/\/www.le-celadon.fr\/wp-content\/uploads\/2020\/07\/amenagements-exterieurs-2-360x270.jpg 360w, https:\/\/www.le-celadon.fr\/wp-content\/uploads\/2020\/07\/amenagements-exterieurs-2-312x234.jpg 312w, https:\/\/www.le-celadon.fr\/wp-content\/uploads\/2020\/07\/amenagements-exterieurs-2-1440x1080.jpg 1440w, https:\/\/www.le-celadon.fr\/wp-content\/uploads\/2020\/07\/amenagements-exterieurs-2-79x59.jpg 79w, https:\/\/www.le-celadon.fr\/wp-content\/uploads\/2020\/07\/amenagements-exterieurs-2-67x50.jpg 67w, https:\/\/www.le-celadon.fr\/wp-content\/uploads\/2020\/07\/amenagements-exterieurs-2-1920x1440.jpg 1920w, https:\/\/www.le-celadon.fr\/wp-content\/uploads\/2020\/07\/amenagements-exterieurs-2-321x241.jpg 321w\" sizes=\"(max-width: 440px) 100vw, 440px\" \/><\/p>\n","protected":false},"excerpt":{"rendered":"<p>Un parc centenaire et am\u00e9nag\u00e9 Le C\u00e9ladon dispose d\u2019un parc de 5000 m\u00b2 offrant\u00a0de nombreux espaces am\u00e9nag\u00e9s pour vous d\u00e9tendre et vous ressourcer. Un bassin naturel, serti de pierres et d\u2019arums, jouxte le jacuzzi sur une terrasse d\u00e9di\u00e9e en retrait de la terrasse principale, accessible de la cuisine, o\u00f9 sont servis les petits d\u00e9jeuners. V\u00e9ritable lieu de r\u00eaverie, de lecture &hellip; <a href=\"https:\/\/www.le-celadon.fr\/fr\/la-maison\/les-amenagements-exterieurs\/\" class=\"more\"><\/a><\/p>\n","protected":false},"author":3,"featured_media":0,"parent":233,"menu_order":0,"comment_status":"closed","ping_status":"closed","template":"","meta":{"footnotes":""},"acf":[],"yoast_head":"<!-- This site is optimized with the Yoast SEO plugin v22.6 - https:\/\/yoast.com\/wordpress\/plugins\/seo\/ -->\n<title>Les am\u00e9nagements ext\u00e9rieurs - Le C\u00e9ladon<\/title>\n<meta name=\"description\" content=\"Transats, fauteuils et parasols vous invitent \u00e0 un moment de repos autour de la belle piscine chauff\u00e9e de mai \u00e0 septembre.\" \/>\n<meta name=\"robots\" content=\"index, follow, max-snippet:-1, max-image-preview:large, max-video-preview:-1\" \/>\n<link rel=\"canonical\" href=\"https:\/\/www.le-celadon.fr\/fr\/la-maison\/les-amenagements-exterieurs\/\" \/>\n<meta property=\"og:locale\" content=\"fr_FR\" \/>\n<meta property=\"og:type\" content=\"article\" \/>\n<meta property=\"og:title\" content=\"Les am\u00e9nagements ext\u00e9rieurs - Le C\u00e9ladon\" \/>\n<meta property=\"og:description\" content=\"Transats, fauteuils et parasols vous invitent \u00e0 un moment de repos autour de la belle piscine chauff\u00e9e de mai \u00e0 septembre.\" \/>\n<meta property=\"og:url\" content=\"https:\/\/www.le-celadon.fr\/fr\/la-maison\/les-amenagements-exterieurs\/\" \/>\n<meta property=\"og:site_name\" content=\"Celadon\" \/>\n<meta property=\"article:publisher\" content=\"https:\/\/www.facebook.com\/Le-C%c3%a9ladon-Maison-dh%c3%b4te-de-charme-985842411553284\/\" \/>\n<meta property=\"article:modified_time\" content=\"2025-05-16T16:02:10+00:00\" \/>\n<meta property=\"og:image\" content=\"https:\/\/www.le-celadon.fr\/wp-content\/uploads\/2020\/06\/70c3-566x424.jpg\" \/>\n<meta name=\"twitter:card\" content=\"summary_large_image\" \/>\n<meta name=\"twitter:label1\" content=\"Dur\u00e9e de lecture estim\u00e9e\" \/>\n\t<meta name=\"twitter:data1\" content=\"2 minutes\" \/>\n<script type=\"application\/ld+json\" class=\"yoast-schema-graph\">{\"@context\":\"https:\/\/schema.org\",\"@graph\":[{\"@type\":\"WebPage\",\"@id\":\"https:\/\/www.le-celadon.fr\/fr\/la-maison\/les-amenagements-exterieurs\/\",\"url\":\"https:\/\/www.le-celadon.fr\/fr\/la-maison\/les-amenagements-exterieurs\/\",\"name\":\"Les am\u00e9nagements ext\u00e9rieurs - Le C\u00e9ladon\",\"isPartOf\":{\"@id\":\"https:\/\/www.le-celadon.fr\/fr\/#website\"},\"primaryImageOfPage\":{\"@id\":\"https:\/\/www.le-celadon.fr\/fr\/la-maison\/les-amenagements-exterieurs\/#primaryimage\"},\"image\":{\"@id\":\"https:\/\/www.le-celadon.fr\/fr\/la-maison\/les-amenagements-exterieurs\/#primaryimage\"},\"thumbnailUrl\":\"https:\/\/www.le-celadon.fr\/wp-content\/uploads\/2020\/06\/70c3-566x424.jpg\",\"datePublished\":\"2017-04-15T16:39:00+00:00\",\"dateModified\":\"2025-05-16T16:02:10+00:00\",\"description\":\"Transats, fauteuils et parasols vous invitent \u00e0 un moment de repos autour de la belle piscine chauff\u00e9e de mai \u00e0 septembre.\",\"breadcrumb\":{\"@id\":\"https:\/\/www.le-celadon.fr\/fr\/la-maison\/les-amenagements-exterieurs\/#breadcrumb\"},\"inLanguage\":\"fr-FR\",\"potentialAction\":[{\"@type\":\"ReadAction\",\"target\":[\"https:\/\/www.le-celadon.fr\/fr\/la-maison\/les-amenagements-exterieurs\/\"]}]},{\"@type\":\"ImageObject\",\"inLanguage\":\"fr-FR\",\"@id\":\"https:\/\/www.le-celadon.fr\/fr\/la-maison\/les-amenagements-exterieurs\/#primaryimage\",\"url\":\"https:\/\/www.le-celadon.fr\/wp-content\/uploads\/2020\/06\/70c3-566x424.jpg\",\"contentUrl\":\"https:\/\/www.le-celadon.fr\/wp-content\/uploads\/2020\/06\/70c3-566x424.jpg\"},{\"@type\":\"BreadcrumbList\",\"@id\":\"https:\/\/www.le-celadon.fr\/fr\/la-maison\/les-amenagements-exterieurs\/#breadcrumb\",\"itemListElement\":[{\"@type\":\"ListItem\",\"position\":1,\"name\":\"Home\",\"item\":\"https:\/\/www.le-celadon.fr\/fr\/\"},{\"@type\":\"ListItem\",\"position\":2,\"name\":\"La Maison\",\"item\":\"https:\/\/www.le-celadon.fr\/fr\/la-maison\/\"},{\"@type\":\"ListItem\",\"position\":3,\"name\":\"Les am\u00e9nagements ext\u00e9rieurs\"}]},{\"@type\":\"WebSite\",\"@id\":\"https:\/\/www.le-celadon.fr\/fr\/#website\",\"url\":\"https:\/\/www.le-celadon.fr\/fr\/\",\"name\":\"Celadon\",\"description\":\"Maison d&#039;h\u00f4tes de charme proche du Puy du Fou\",\"publisher\":{\"@id\":\"https:\/\/www.le-celadon.fr\/fr\/#organization\"},\"potentialAction\":[{\"@type\":\"SearchAction\",\"target\":{\"@type\":\"EntryPoint\",\"urlTemplate\":\"https:\/\/www.le-celadon.fr\/fr\/?s={search_term_string}\"},\"query-input\":\"required name=search_term_string\"}],\"inLanguage\":\"fr-FR\"},{\"@type\":\"Organization\",\"@id\":\"https:\/\/www.le-celadon.fr\/fr\/#organization\",\"name\":\"Le C\u00e9ladon\",\"url\":\"https:\/\/www.le-celadon.fr\/fr\/\",\"logo\":{\"@type\":\"ImageObject\",\"inLanguage\":\"fr-FR\",\"@id\":\"https:\/\/www.le-celadon.fr\/fr\/#\/schema\/logo\/image\/\",\"url\":\"https:\/\/www.le-celadon.fr\/wp-content\/uploads\/2017\/04\/header-logo.png\",\"contentUrl\":\"https:\/\/www.le-celadon.fr\/wp-content\/uploads\/2017\/04\/header-logo.png\",\"width\":275,\"height\":59,\"caption\":\"Le C\u00e9ladon\"},\"image\":{\"@id\":\"https:\/\/www.le-celadon.fr\/fr\/#\/schema\/logo\/image\/\"},\"sameAs\":[\"https:\/\/www.facebook.com\/Le-C\u00e9ladon-Maison-dh\u00f4te-de-charme-985842411553284\/\"]}]}<\/script>\n<!-- \/ Yoast SEO plugin. -->","yoast_head_json":{"title":"Les am\u00e9nagements ext\u00e9rieurs - Le C\u00e9ladon","description":"Transats, fauteuils et parasols vous invitent \u00e0 un moment de repos autour de la belle piscine chauff\u00e9e de mai \u00e0 septembre.","robots":{"index":"index","follow":"follow","max-snippet":"max-snippet:-1","max-image-preview":"max-image-preview:large","max-video-preview":"max-video-preview:-1"},"canonical":"https:\/\/www.le-celadon.fr\/fr\/la-maison\/les-amenagements-exterieurs\/","og_locale":"fr_FR","og_type":"article","og_title":"Les am\u00e9nagements ext\u00e9rieurs - Le C\u00e9ladon","og_description":"Transats, fauteuils et parasols vous invitent \u00e0 un moment de repos autour de la belle piscine chauff\u00e9e de mai \u00e0 septembre.","og_url":"https:\/\/www.le-celadon.fr\/fr\/la-maison\/les-amenagements-exterieurs\/","og_site_name":"Celadon","article_publisher":"https:\/\/www.facebook.com\/Le-C%c3%a9ladon-Maison-dh%c3%b4te-de-charme-985842411553284\/","article_modified_time":"2025-05-16T16:02:10+00:00","og_image":[{"url":"https:\/\/www.le-celadon.fr\/wp-content\/uploads\/2020\/06\/70c3-566x424.jpg"}],"twitter_card":"summary_large_image","twitter_misc":{"Dur\u00e9e de lecture estim\u00e9e":"2 minutes"},"schema":{"@context":"https:\/\/schema.org","@graph":[{"@type":"WebPage","@id":"https:\/\/www.le-celadon.fr\/fr\/la-maison\/les-amenagements-exterieurs\/","url":"https:\/\/www.le-celadon.fr\/fr\/la-maison\/les-amenagements-exterieurs\/","name":"Les am\u00e9nagements ext\u00e9rieurs - Le C\u00e9ladon","isPartOf":{"@id":"https:\/\/www.le-celadon.fr\/fr\/#website"},"primaryImageOfPage":{"@id":"https:\/\/www.le-celadon.fr\/fr\/la-maison\/les-amenagements-exterieurs\/#primaryimage"},"image":{"@id":"https:\/\/www.le-celadon.fr\/fr\/la-maison\/les-amenagements-exterieurs\/#primaryimage"},"thumbnailUrl":"https:\/\/www.le-celadon.fr\/wp-content\/uploads\/2020\/06\/70c3-566x424.jpg","datePublished":"2017-04-15T16:39:00+00:00","dateModified":"2025-05-16T16:02:10+00:00","description":"Transats, fauteuils et parasols vous invitent \u00e0 un moment de repos autour de la belle piscine chauff\u00e9e de mai \u00e0 septembre.","breadcrumb":{"@id":"https:\/\/www.le-celadon.fr\/fr\/la-maison\/les-amenagements-exterieurs\/#breadcrumb"},"inLanguage":"fr-FR","potentialAction":[{"@type":"ReadAction","target":["https:\/\/www.le-celadon.fr\/fr\/la-maison\/les-amenagements-exterieurs\/"]}]},{"@type":"ImageObject","inLanguage":"fr-FR","@id":"https:\/\/www.le-celadon.fr\/fr\/la-maison\/les-amenagements-exterieurs\/#primaryimage","url":"https:\/\/www.le-celadon.fr\/wp-content\/uploads\/2020\/06\/70c3-566x424.jpg","contentUrl":"https:\/\/www.le-celadon.fr\/wp-content\/uploads\/2020\/06\/70c3-566x424.jpg"},{"@type":"BreadcrumbList","@id":"https:\/\/www.le-celadon.fr\/fr\/la-maison\/les-amenagements-exterieurs\/#breadcrumb","itemListElement":[{"@type":"ListItem","position":1,"name":"Home","item":"https:\/\/www.le-celadon.fr\/fr\/"},{"@type":"ListItem","position":2,"name":"La Maison","item":"https:\/\/www.le-celadon.fr\/fr\/la-maison\/"},{"@type":"ListItem","position":3,"name":"Les am\u00e9nagements ext\u00e9rieurs"}]},{"@type":"WebSite","@id":"https:\/\/www.le-celadon.fr\/fr\/#website","url":"https:\/\/www.le-celadon.fr\/fr\/","name":"Celadon","description":"Maison d&#039;h\u00f4tes de charme proche du Puy du Fou","publisher":{"@id":"https:\/\/www.le-celadon.fr\/fr\/#organization"},"potentialAction":[{"@type":"SearchAction","target":{"@type":"EntryPoint","urlTemplate":"https:\/\/www.le-celadon.fr\/fr\/?s={search_term_string}"},"query-input":"required name=search_term_string"}],"inLanguage":"fr-FR"},{"@type":"Organization","@id":"https:\/\/www.le-celadon.fr\/fr\/#organization","name":"Le C\u00e9ladon","url":"https:\/\/www.le-celadon.fr\/fr\/","logo":{"@type":"ImageObject","inLanguage":"fr-FR","@id":"https:\/\/www.le-celadon.fr\/fr\/#\/schema\/logo\/image\/","url":"https:\/\/www.le-celadon.fr\/wp-content\/uploads\/2017\/04\/header-logo.png","contentUrl":"https:\/\/www.le-celadon.fr\/wp-content\/uploads\/2017\/04\/header-logo.png","width":275,"height":59,"caption":"Le C\u00e9ladon"},"image":{"@id":"https:\/\/www.le-celadon.fr\/fr\/#\/schema\/logo\/image\/"},"sameAs":["https:\/\/www.facebook.com\/Le-C\u00e9ladon-Maison-dh\u00f4te-de-charme-985842411553284\/"]}]}},"_links":{"self":[{"href":"https:\/\/www.le-celadon.fr\/fr\/wp-json\/wp\/v2\/pages\/190"}],"collection":[{"href":"https:\/\/www.le-celadon.fr\/fr\/wp-json\/wp\/v2\/pages"}],"about":[{"href":"https:\/\/www.le-celadon.fr\/fr\/wp-json\/wp\/v2\/types\/page"}],"author":[{"embeddable":true,"href":"https:\/\/www.le-celadon.fr\/fr\/wp-json\/wp\/v2\/users\/3"}],"replies":[{"embeddable":true,"href":"https:\/\/www.le-celadon.fr\/fr\/wp-json\/wp\/v2\/comments?post=190"}],"version-history":[{"count":6,"href":"https:\/\/www.le-celadon.fr\/fr\/wp-json\/wp\/v2\/pages\/190\/revisions"}],"predecessor-version":[{"id":3793,"href":"https:\/\/www.le-celadon.fr\/fr\/wp-json\/wp\/v2\/pages\/190\/revisions\/3793"}],"up":[{"embeddable":true,"href":"https:\/\/www.le-celadon.fr\/fr\/wp-json\/wp\/v2\/pages\/233"}],"wp:attachment":[{"href":"https:\/\/www.le-celadon.fr\/fr\/wp-json\/wp\/v2\/media?parent=190"}],"curies":[{"name":"wp","href":"https:\/\/api.w.org\/{rel}","templated":true}]}}