{"id":2,"date":"2017-04-04T11:13:04","date_gmt":"2017-04-04T11:13:04","guid":{"rendered":"http:\/\/www.le-celadon.fr\/?page_id=2"},"modified":"2025-07-15T17:07:20","modified_gmt":"2025-07-15T17:07:20","slug":"page-daccueil","status":"publish","type":"page","link":"https:\/\/www.le-celadon.fr\/fr\/","title":{"rendered":"Page d&rsquo;accueil"},"content":{"rendered":"<div class=\"line-through\">\n<section id=\"section-2\" class=\"section-page section-home-2 big-padding\">\n<div class=\"row\">\n<div class=\"columns medium-push-4 medium-8 img-wrap\">\n<figure><img decoding=\"async\" loading=\"lazy\" class=\"alignnone wp-image-3696 size-full\" src=\"https:\/\/www.le-celadon.fr\/wp-content\/uploads\/2022\/06\/le-celadon-jardin-scaled.jpg\" alt=\"\" width=\"2560\" height=\"1920\" srcset=\"https:\/\/www.le-celadon.fr\/wp-content\/uploads\/2022\/06\/le-celadon-jardin-scaled.jpg 2560w, https:\/\/www.le-celadon.fr\/wp-content\/uploads\/2022\/06\/le-celadon-jardin-566x425.jpg 566w, https:\/\/www.le-celadon.fr\/wp-content\/uploads\/2022\/06\/le-celadon-jardin-1116x837.jpg 1116w, https:\/\/www.le-celadon.fr\/wp-content\/uploads\/2022\/06\/le-celadon-jardin-768x576.jpg 768w, https:\/\/www.le-celadon.fr\/wp-content\/uploads\/2022\/06\/le-celadon-jardin-1536x1152.jpg 1536w, https:\/\/www.le-celadon.fr\/wp-content\/uploads\/2022\/06\/le-celadon-jardin-2048x1536.jpg 2048w, https:\/\/www.le-celadon.fr\/wp-content\/uploads\/2022\/06\/le-celadon-jardin-360x270.jpg 360w, https:\/\/www.le-celadon.fr\/wp-content\/uploads\/2022\/06\/le-celadon-jardin-312x234.jpg 312w, https:\/\/www.le-celadon.fr\/wp-content\/uploads\/2022\/06\/le-celadon-jardin-1440x1080.jpg 1440w, https:\/\/www.le-celadon.fr\/wp-content\/uploads\/2022\/06\/le-celadon-jardin-79x59.jpg 79w, https:\/\/www.le-celadon.fr\/wp-content\/uploads\/2022\/06\/le-celadon-jardin-67x50.jpg 67w, https:\/\/www.le-celadon.fr\/wp-content\/uploads\/2022\/06\/le-celadon-jardin-1920x1440.jpg 1920w, https:\/\/www.le-celadon.fr\/wp-content\/uploads\/2022\/06\/le-celadon-jardin-321x241.jpg 321w\" sizes=\"(max-width: 2560px) 100vw, 2560px\" \/><\/figure>\n<\/div>\n<div class=\"box-transparent columns medium-pull-8 medium-4\">\n<div class=\"wrapper\">\n<h2 class=\"title\">Une belle maison du XIX<\/h2>\n<p>Authentique demeure fran\u00e7aise, remani\u00e9e avec \u00e9l\u00e9gance, empreinte de charme, d\u2019histoire et de souvenirs de voyage. Une halte ressour\u00e7ante pour ses h\u00f4tes situ\u00e9e entre Bretagne, Anjou et Poitou.<\/p>\n<p><a class=\"btn-white\" href=\"\/celadon\/la-maison\/\">d\u00e9couvrir<\/a><\/p>\n<\/div>\n<\/div>\n<\/div>\n<\/section>\n<section class=\"section-page section-home-3\">\n<figure class=\"img-wrap\"><img decoding=\"async\" loading=\"lazy\" class=\"wp-image-1204 size-full aligncenter\" src=\"\/wp-content\/uploads\/2017\/05\/chambre_perle.jpg\" alt=\"\" width=\"7360\" height=\"4912\" srcset=\"https:\/\/www.le-celadon.fr\/wp-content\/uploads\/2017\/05\/chambre_perle.jpg 7360w, https:\/\/www.le-celadon.fr\/wp-content\/uploads\/2017\/05\/chambre_perle-566x378.jpg 566w, https:\/\/www.le-celadon.fr\/wp-content\/uploads\/2017\/05\/chambre_perle-768x513.jpg 768w, https:\/\/www.le-celadon.fr\/wp-content\/uploads\/2017\/05\/chambre_perle-1116x745.jpg 1116w, https:\/\/www.le-celadon.fr\/wp-content\/uploads\/2017\/05\/chambre_perle-360x240.jpg 360w, https:\/\/www.le-celadon.fr\/wp-content\/uploads\/2017\/05\/chambre_perle-312x208.jpg 312w, https:\/\/www.le-celadon.fr\/wp-content\/uploads\/2017\/05\/chambre_perle-1618x1080.jpg 1618w, https:\/\/www.le-celadon.fr\/wp-content\/uploads\/2017\/05\/chambre_perle-88x59.jpg 88w, https:\/\/www.le-celadon.fr\/wp-content\/uploads\/2017\/05\/chambre_perle-75x50.jpg 75w, https:\/\/www.le-celadon.fr\/wp-content\/uploads\/2017\/05\/chambre_perle-1920x1281.jpg 1920w, https:\/\/www.le-celadon.fr\/wp-content\/uploads\/2017\/05\/chambre_perle-321x214.jpg 321w\" sizes=\"(max-width: 7360px) 100vw, 7360px\" \/><\/figure>\n<div class=\"row\">\n<div class=\"box-transparent columns large-5 large-float-right\">\n<div class=\"wrapper\">\n<h2 class=\"title\">Les chambres du C\u00e9ladon<\/h2>\n<p>Le 1er et 2\u00e8me \u00e9tages abritent 4 chambres pouvant accueillir deux personnes chacune (lit d\u2019appoint sur demande), ainsi qu&rsquo;un vaste salon totalement privatif d\u00e9di\u00e9 \u00e0 l&rsquo;accueil des h\u00f4tes du C\u00e9ladon.<br \/>\nUne suite familiale nich\u00e9e dans le jardin et pouvant accueillir jusqu\u2019\u00e0 quatre personnes (dont un lit b\u00e9b\u00e9) compl\u00e8te cet ensemble.<\/p>\n<p><a class=\"btn-white\" href=\"\/celadon\/les-chambres\/\">plus d&rsquo;information<\/a><\/p>\n<\/div>\n<\/div>\n<\/div>\n<\/section>\n<section id=\"section-2\" class=\"section-page section-home-4 big-padding\">\n<div class=\"row\">\n<div class=\"medium-7 column\">\n<figure><img decoding=\"async\" loading=\"lazy\" class=\"wp-image-630 size-full alignleft\" src=\"\/wp-content\/uploads\/2017\/04\/home-3.jpg\" alt=\"\" width=\"613\" height=\"419\" srcset=\"https:\/\/www.le-celadon.fr\/wp-content\/uploads\/2017\/04\/home-3.jpg 613w, https:\/\/www.le-celadon.fr\/wp-content\/uploads\/2017\/04\/home-3-566x387.jpg 566w, https:\/\/www.le-celadon.fr\/wp-content\/uploads\/2017\/04\/home-3-360x246.jpg 360w, https:\/\/www.le-celadon.fr\/wp-content\/uploads\/2017\/04\/home-3-312x213.jpg 312w, https:\/\/www.le-celadon.fr\/wp-content\/uploads\/2017\/04\/home-3-86x59.jpg 86w, https:\/\/www.le-celadon.fr\/wp-content\/uploads\/2017\/04\/home-3-73x50.jpg 73w, https:\/\/www.le-celadon.fr\/wp-content\/uploads\/2017\/04\/home-3-321x219.jpg 321w\" sizes=\"(max-width: 613px) 100vw, 613px\" \/><\/figure>\n<div class=\"box-transparent\">\n<div class=\"wrapper\">\n<h2 class=\"title\">Des ext\u00e9rieurs am\u00e9nag\u00e9s pour la d\u00e9tente<\/h2>\n<p>Le parc am\u00e9nag\u00e9 et intime accueille une grande piscine chauff\u00e9e, enti\u00e8rement s\u00e9curis\u00e9e et en retrait, dot\u00e9e d\u2019un pool house d\u2019exception. Un jacuzzi, lov\u00e9 sur l\u2019une des nombreuses terrasses, compl\u00e8te harmonieusement ce lieu de d\u00e9tente.<\/p>\n<p><a class=\"btn-white\" href=\"\/la-maison\/les-amenagements-exterieurs\/\">en voir plus<\/a><\/p>\n<\/div>\n<\/div>\n<\/div>\n<div class=\"columns medium-5 img-wrap\">\n<figure><img decoding=\"async\" loading=\"lazy\" class=\"wp-image-632 size-full aligncenter\" src=\"\/wp-content\/uploads\/2017\/04\/home-4.jpg\" alt=\"\" width=\"560\" height=\"715\" srcset=\"https:\/\/www.le-celadon.fr\/wp-content\/uploads\/2017\/04\/home-4.jpg 560w, https:\/\/www.le-celadon.fr\/wp-content\/uploads\/2017\/04\/home-4-227x290.jpg 227w, https:\/\/www.le-celadon.fr\/wp-content\/uploads\/2017\/04\/home-4-312x398.jpg 312w, https:\/\/www.le-celadon.fr\/wp-content\/uploads\/2017\/04\/home-4-46x59.jpg 46w, https:\/\/www.le-celadon.fr\/wp-content\/uploads\/2017\/04\/home-4-39x50.jpg 39w, https:\/\/www.le-celadon.fr\/wp-content\/uploads\/2017\/04\/home-4-289x369.jpg 289w\" sizes=\"(max-width: 560px) 100vw, 560px\" \/><\/figure>\n<\/div>\n<\/div>\n<\/section>\n<\/div>\n<section class=\"section-pods\">\n<header class=\"pattern-logo\">\n<h2>Les alentours<\/h2>\n<p><a class=\"btn-border-white\" href=\"\/fr\/les-alentours\/\">d\u00e9couvrir<\/a><\/p>\n<\/header>\n<div class=\"row\">\n<div class=\"pod columns medium-6 large-3\">\n<figure><img decoding=\"async\" loading=\"lazy\" class=\"alignnone wp-image-639 size-full\" src=\"\/wp-content\/uploads\/2017\/04\/pod-1.jpg\" alt=\"\" width=\"319\" height=\"370\" srcset=\"https:\/\/www.le-celadon.fr\/wp-content\/uploads\/2017\/04\/pod-1.jpg 319w, https:\/\/www.le-celadon.fr\/wp-content\/uploads\/2017\/04\/pod-1-250x290.jpg 250w, https:\/\/www.le-celadon.fr\/wp-content\/uploads\/2017\/04\/pod-1-312x362.jpg 312w, https:\/\/www.le-celadon.fr\/wp-content\/uploads\/2017\/04\/pod-1-51x59.jpg 51w, https:\/\/www.le-celadon.fr\/wp-content\/uploads\/2017\/04\/pod-1-43x50.jpg 43w, https:\/\/www.le-celadon.fr\/wp-content\/uploads\/2017\/04\/pod-1-318x369.jpg 318w\" sizes=\"(max-width: 319px) 100vw, 319px\" \/><\/figure>\n<p><a href=\"\/celadon\/le-puy-du-fou\/\"><span class=\"title\">le puy du fou<\/span><\/a><\/p>\n<\/div>\n<div class=\"pod columns medium-6 large-3\">\n<figure><img decoding=\"async\" loading=\"lazy\" class=\"alignnone wp-image-640 size-full\" src=\"\/wp-content\/uploads\/2017\/04\/pod-2.jpg\" alt=\"\" width=\"320\" height=\"370\" srcset=\"https:\/\/www.le-celadon.fr\/wp-content\/uploads\/2017\/04\/pod-2.jpg 320w, https:\/\/www.le-celadon.fr\/wp-content\/uploads\/2017\/04\/pod-2-251x290.jpg 251w, https:\/\/www.le-celadon.fr\/wp-content\/uploads\/2017\/04\/pod-2-312x361.jpg 312w, https:\/\/www.le-celadon.fr\/wp-content\/uploads\/2017\/04\/pod-2-51x59.jpg 51w, https:\/\/www.le-celadon.fr\/wp-content\/uploads\/2017\/04\/pod-2-43x50.jpg 43w, https:\/\/www.le-celadon.fr\/wp-content\/uploads\/2017\/04\/pod-2-319x369.jpg 319w\" sizes=\"(max-width: 320px) 100vw, 320px\" \/><\/figure>\n<p><a href=\"\/celadon\/la-ville-de-nantes\/\"><span class=\"title\">Nantes<\/span><\/a><\/p>\n<\/div>\n<div class=\"pod columns medium-6 large-3\">\n<figure><img decoding=\"async\" loading=\"lazy\" class=\"alignnone wp-image-641 size-full\" src=\"\/wp-content\/uploads\/2017\/04\/pod-3.jpg\" alt=\"\" width=\"321\" height=\"370\" srcset=\"https:\/\/www.le-celadon.fr\/wp-content\/uploads\/2017\/04\/pod-3.jpg 321w, https:\/\/www.le-celadon.fr\/wp-content\/uploads\/2017\/04\/pod-3-252x290.jpg 252w, https:\/\/www.le-celadon.fr\/wp-content\/uploads\/2017\/04\/pod-3-312x360.jpg 312w, https:\/\/www.le-celadon.fr\/wp-content\/uploads\/2017\/04\/pod-3-51x59.jpg 51w, https:\/\/www.le-celadon.fr\/wp-content\/uploads\/2017\/04\/pod-3-43x50.jpg 43w, https:\/\/www.le-celadon.fr\/wp-content\/uploads\/2017\/04\/pod-3-320x369.jpg 320w\" sizes=\"(max-width: 321px) 100vw, 321px\" \/><\/figure>\n<p><a href=\"\/celadon\/la-cote-vendeenne\/\"><span class=\"title\">la c\u00f4te vend\u00e9enne<\/span><\/a><\/p>\n<\/div>\n<div class=\"pod columns medium-6 large-3\">\n<figure><img decoding=\"async\" loading=\"lazy\" class=\"alignnone wp-image-642 size-full\" src=\"\/wp-content\/uploads\/2017\/04\/pod-4.jpg\" alt=\"\" width=\"320\" height=\"370\" srcset=\"https:\/\/www.le-celadon.fr\/wp-content\/uploads\/2017\/04\/pod-4.jpg 320w, https:\/\/www.le-celadon.fr\/wp-content\/uploads\/2017\/04\/pod-4-251x290.jpg 251w, https:\/\/www.le-celadon.fr\/wp-content\/uploads\/2017\/04\/pod-4-312x361.jpg 312w, https:\/\/www.le-celadon.fr\/wp-content\/uploads\/2017\/04\/pod-4-51x59.jpg 51w, https:\/\/www.le-celadon.fr\/wp-content\/uploads\/2017\/04\/pod-4-43x50.jpg 43w, https:\/\/www.le-celadon.fr\/wp-content\/uploads\/2017\/04\/pod-4-319x369.jpg 319w\" sizes=\"(max-width: 320px) 100vw, 320px\" \/><\/figure>\n<p><a href=\"\/celadon\/les-autres-lieux-touristiques\/\"><span class=\"title\">de nombreux lieux<\/span><\/a><\/p>\n<\/div>\n<\/div>\n<\/section>\n","protected":false},"excerpt":{"rendered":"<p>Une belle maison du XIX Authentique demeure fran\u00e7aise, remani\u00e9e avec \u00e9l\u00e9gance, empreinte de charme, d\u2019histoire et de souvenirs de voyage. Une halte ressour\u00e7ante pour ses h\u00f4tes situ\u00e9e entre Bretagne, Anjou et Poitou. d\u00e9couvrir Les chambres du C\u00e9ladon Le 1er et 2\u00e8me \u00e9tages abritent 4 chambres pouvant accueillir deux personnes chacune (lit d\u2019appoint sur demande), ainsi qu&rsquo;un vaste salon totalement privatif &hellip; <a href=\"https:\/\/www.le-celadon.fr\/fr\/\" class=\"more\"><\/a><\/p>\n","protected":false},"author":3,"featured_media":0,"parent":0,"menu_order":-10,"comment_status":"closed","ping_status":"open","template":"front-page.php","meta":{"footnotes":""},"acf":[],"yoast_head":"<!-- This site is optimized with the Yoast SEO plugin v22.6 - https:\/\/yoast.com\/wordpress\/plugins\/seo\/ -->\n<title>Maison d\u2019h\u00f4te de charme en Vend\u00e9e - Le C\u00e9ladon<\/title>\n<meta name=\"description\" content=\"Situ\u00e9e entre Bretagne, Anjou et Poitou, Le C\u00e9ladon est une demeure particuli\u00e8re \u00e0 seulement 35 min du Puy du Fou. Vous y trouverez calme et s\u00e9r\u00e9nit\u00e9.\" \/>\n<meta name=\"robots\" content=\"index, follow, max-snippet:-1, max-image-preview:large, max-video-preview:-1\" \/>\n<link rel=\"canonical\" href=\"https:\/\/www.le-celadon.fr\/fr\/\" \/>\n<meta property=\"og:locale\" content=\"fr_FR\" \/>\n<meta property=\"og:type\" content=\"article\" \/>\n<meta property=\"og:title\" content=\"Maison d\u2019h\u00f4te de charme en Vend\u00e9e - Le C\u00e9ladon\" \/>\n<meta property=\"og:description\" content=\"Situ\u00e9e entre Bretagne, Anjou et Poitou, Le C\u00e9ladon est une demeure particuli\u00e8re \u00e0 seulement 35 min du Puy du Fou. Vous y trouverez calme et s\u00e9r\u00e9nit\u00e9.\" \/>\n<meta property=\"og:url\" content=\"https:\/\/www.le-celadon.fr\/fr\/\" \/>\n<meta property=\"og:site_name\" content=\"Celadon\" \/>\n<meta property=\"article:publisher\" content=\"https:\/\/www.facebook.com\/Le-C%c3%a9ladon-Maison-dh%c3%b4te-de-charme-985842411553284\/\" \/>\n<meta property=\"article:modified_time\" content=\"2025-07-15T17:07:20+00:00\" \/>\n<meta property=\"og:image\" content=\"https:\/\/www.le-celadon.fr\/wp-content\/uploads\/2022\/06\/le-celadon-jardin-scaled.jpg\" \/>\n<meta name=\"twitter:card\" content=\"summary_large_image\" \/>\n<meta name=\"twitter:label1\" content=\"Dur\u00e9e de lecture estim\u00e9e\" \/>\n\t<meta name=\"twitter:data1\" content=\"3 minutes\" \/>\n<script type=\"application\/ld+json\" class=\"yoast-schema-graph\">{\"@context\":\"https:\/\/schema.org\",\"@graph\":[{\"@type\":\"WebPage\",\"@id\":\"https:\/\/www.le-celadon.fr\/fr\/\",\"url\":\"https:\/\/www.le-celadon.fr\/fr\/\",\"name\":\"Maison d\u2019h\u00f4te de charme en Vend\u00e9e - Le C\u00e9ladon\",\"isPartOf\":{\"@id\":\"https:\/\/www.le-celadon.fr\/fr\/#website\"},\"primaryImageOfPage\":{\"@id\":\"https:\/\/www.le-celadon.fr\/fr\/#primaryimage\"},\"image\":{\"@id\":\"https:\/\/www.le-celadon.fr\/fr\/#primaryimage\"},\"thumbnailUrl\":\"https:\/\/www.le-celadon.fr\/wp-content\/uploads\/2022\/06\/le-celadon-jardin-scaled.jpg\",\"datePublished\":\"2017-04-04T11:13:04+00:00\",\"dateModified\":\"2025-07-15T17:07:20+00:00\",\"description\":\"Situ\u00e9e entre Bretagne, Anjou et Poitou, Le C\u00e9ladon est une demeure particuli\u00e8re \u00e0 seulement 35 min du Puy du Fou. Vous y trouverez calme et s\u00e9r\u00e9nit\u00e9.\",\"breadcrumb\":{\"@id\":\"https:\/\/www.le-celadon.fr\/fr\/#breadcrumb\"},\"inLanguage\":\"fr-FR\",\"potentialAction\":[{\"@type\":\"ReadAction\",\"target\":[\"https:\/\/www.le-celadon.fr\/fr\/\"]}]},{\"@type\":\"ImageObject\",\"inLanguage\":\"fr-FR\",\"@id\":\"https:\/\/www.le-celadon.fr\/fr\/#primaryimage\",\"url\":\"https:\/\/www.le-celadon.fr\/wp-content\/uploads\/2022\/06\/le-celadon-jardin-scaled.jpg\",\"contentUrl\":\"https:\/\/www.le-celadon.fr\/wp-content\/uploads\/2022\/06\/le-celadon-jardin-scaled.jpg\"},{\"@type\":\"BreadcrumbList\",\"@id\":\"https:\/\/www.le-celadon.fr\/fr\/#breadcrumb\",\"itemListElement\":[{\"@type\":\"ListItem\",\"position\":1,\"name\":\"Home\",\"item\":\"https:\/\/www.le-celadon.fr\/fr\/\"},{\"@type\":\"ListItem\",\"position\":2,\"name\":\"Page d&#8217;accueil\"}]},{\"@type\":\"WebSite\",\"@id\":\"https:\/\/www.le-celadon.fr\/fr\/#website\",\"url\":\"https:\/\/www.le-celadon.fr\/fr\/\",\"name\":\"Celadon\",\"description\":\"Maison d&#039;h\u00f4tes de charme proche du Puy du Fou\",\"publisher\":{\"@id\":\"https:\/\/www.le-celadon.fr\/fr\/#organization\"},\"potentialAction\":[{\"@type\":\"SearchAction\",\"target\":{\"@type\":\"EntryPoint\",\"urlTemplate\":\"https:\/\/www.le-celadon.fr\/fr\/?s={search_term_string}\"},\"query-input\":\"required name=search_term_string\"}],\"inLanguage\":\"fr-FR\"},{\"@type\":\"Organization\",\"@id\":\"https:\/\/www.le-celadon.fr\/fr\/#organization\",\"name\":\"Le C\u00e9ladon\",\"url\":\"https:\/\/www.le-celadon.fr\/fr\/\",\"logo\":{\"@type\":\"ImageObject\",\"inLanguage\":\"fr-FR\",\"@id\":\"https:\/\/www.le-celadon.fr\/fr\/#\/schema\/logo\/image\/\",\"url\":\"https:\/\/www.le-celadon.fr\/wp-content\/uploads\/2017\/04\/header-logo.png\",\"contentUrl\":\"https:\/\/www.le-celadon.fr\/wp-content\/uploads\/2017\/04\/header-logo.png\",\"width\":275,\"height\":59,\"caption\":\"Le C\u00e9ladon\"},\"image\":{\"@id\":\"https:\/\/www.le-celadon.fr\/fr\/#\/schema\/logo\/image\/\"},\"sameAs\":[\"https:\/\/www.facebook.com\/Le-C\u00e9ladon-Maison-dh\u00f4te-de-charme-985842411553284\/\"]}]}<\/script>\n<!-- \/ Yoast SEO plugin. -->","yoast_head_json":{"title":"Maison d\u2019h\u00f4te de charme en Vend\u00e9e - Le C\u00e9ladon","description":"Situ\u00e9e entre Bretagne, Anjou et Poitou, Le C\u00e9ladon est une demeure particuli\u00e8re \u00e0 seulement 35 min du Puy du Fou. Vous y trouverez calme et s\u00e9r\u00e9nit\u00e9.","robots":{"index":"index","follow":"follow","max-snippet":"max-snippet:-1","max-image-preview":"max-image-preview:large","max-video-preview":"max-video-preview:-1"},"canonical":"https:\/\/www.le-celadon.fr\/fr\/","og_locale":"fr_FR","og_type":"article","og_title":"Maison d\u2019h\u00f4te de charme en Vend\u00e9e - Le C\u00e9ladon","og_description":"Situ\u00e9e entre Bretagne, Anjou et Poitou, Le C\u00e9ladon est une demeure particuli\u00e8re \u00e0 seulement 35 min du Puy du Fou. Vous y trouverez calme et s\u00e9r\u00e9nit\u00e9.","og_url":"https:\/\/www.le-celadon.fr\/fr\/","og_site_name":"Celadon","article_publisher":"https:\/\/www.facebook.com\/Le-C%c3%a9ladon-Maison-dh%c3%b4te-de-charme-985842411553284\/","article_modified_time":"2025-07-15T17:07:20+00:00","og_image":[{"url":"https:\/\/www.le-celadon.fr\/wp-content\/uploads\/2022\/06\/le-celadon-jardin-scaled.jpg"}],"twitter_card":"summary_large_image","twitter_misc":{"Dur\u00e9e de lecture estim\u00e9e":"3 minutes"},"schema":{"@context":"https:\/\/schema.org","@graph":[{"@type":"WebPage","@id":"https:\/\/www.le-celadon.fr\/fr\/","url":"https:\/\/www.le-celadon.fr\/fr\/","name":"Maison d\u2019h\u00f4te de charme en Vend\u00e9e - Le C\u00e9ladon","isPartOf":{"@id":"https:\/\/www.le-celadon.fr\/fr\/#website"},"primaryImageOfPage":{"@id":"https:\/\/www.le-celadon.fr\/fr\/#primaryimage"},"image":{"@id":"https:\/\/www.le-celadon.fr\/fr\/#primaryimage"},"thumbnailUrl":"https:\/\/www.le-celadon.fr\/wp-content\/uploads\/2022\/06\/le-celadon-jardin-scaled.jpg","datePublished":"2017-04-04T11:13:04+00:00","dateModified":"2025-07-15T17:07:20+00:00","description":"Situ\u00e9e entre Bretagne, Anjou et Poitou, Le C\u00e9ladon est une demeure particuli\u00e8re \u00e0 seulement 35 min du Puy du Fou. Vous y trouverez calme et s\u00e9r\u00e9nit\u00e9.","breadcrumb":{"@id":"https:\/\/www.le-celadon.fr\/fr\/#breadcrumb"},"inLanguage":"fr-FR","potentialAction":[{"@type":"ReadAction","target":["https:\/\/www.le-celadon.fr\/fr\/"]}]},{"@type":"ImageObject","inLanguage":"fr-FR","@id":"https:\/\/www.le-celadon.fr\/fr\/#primaryimage","url":"https:\/\/www.le-celadon.fr\/wp-content\/uploads\/2022\/06\/le-celadon-jardin-scaled.jpg","contentUrl":"https:\/\/www.le-celadon.fr\/wp-content\/uploads\/2022\/06\/le-celadon-jardin-scaled.jpg"},{"@type":"BreadcrumbList","@id":"https:\/\/www.le-celadon.fr\/fr\/#breadcrumb","itemListElement":[{"@type":"ListItem","position":1,"name":"Home","item":"https:\/\/www.le-celadon.fr\/fr\/"},{"@type":"ListItem","position":2,"name":"Page d&#8217;accueil"}]},{"@type":"WebSite","@id":"https:\/\/www.le-celadon.fr\/fr\/#website","url":"https:\/\/www.le-celadon.fr\/fr\/","name":"Celadon","description":"Maison d&#039;h\u00f4tes de charme proche du Puy du Fou","publisher":{"@id":"https:\/\/www.le-celadon.fr\/fr\/#organization"},"potentialAction":[{"@type":"SearchAction","target":{"@type":"EntryPoint","urlTemplate":"https:\/\/www.le-celadon.fr\/fr\/?s={search_term_string}"},"query-input":"required name=search_term_string"}],"inLanguage":"fr-FR"},{"@type":"Organization","@id":"https:\/\/www.le-celadon.fr\/fr\/#organization","name":"Le C\u00e9ladon","url":"https:\/\/www.le-celadon.fr\/fr\/","logo":{"@type":"ImageObject","inLanguage":"fr-FR","@id":"https:\/\/www.le-celadon.fr\/fr\/#\/schema\/logo\/image\/","url":"https:\/\/www.le-celadon.fr\/wp-content\/uploads\/2017\/04\/header-logo.png","contentUrl":"https:\/\/www.le-celadon.fr\/wp-content\/uploads\/2017\/04\/header-logo.png","width":275,"height":59,"caption":"Le C\u00e9ladon"},"image":{"@id":"https:\/\/www.le-celadon.fr\/fr\/#\/schema\/logo\/image\/"},"sameAs":["https:\/\/www.facebook.com\/Le-C\u00e9ladon-Maison-dh\u00f4te-de-charme-985842411553284\/"]}]}},"_links":{"self":[{"href":"https:\/\/www.le-celadon.fr\/fr\/wp-json\/wp\/v2\/pages\/2"}],"collection":[{"href":"https:\/\/www.le-celadon.fr\/fr\/wp-json\/wp\/v2\/pages"}],"about":[{"href":"https:\/\/www.le-celadon.fr\/fr\/wp-json\/wp\/v2\/types\/page"}],"author":[{"embeddable":true,"href":"https:\/\/www.le-celadon.fr\/fr\/wp-json\/wp\/v2\/users\/3"}],"replies":[{"embeddable":true,"href":"https:\/\/www.le-celadon.fr\/fr\/wp-json\/wp\/v2\/comments?post=2"}],"version-history":[{"count":5,"href":"https:\/\/www.le-celadon.fr\/fr\/wp-json\/wp\/v2\/pages\/2\/revisions"}],"predecessor-version":[{"id":3823,"href":"https:\/\/www.le-celadon.fr\/fr\/wp-json\/wp\/v2\/pages\/2\/revisions\/3823"}],"wp:attachment":[{"href":"https:\/\/www.le-celadon.fr\/fr\/wp-json\/wp\/v2\/media?parent=2"}],"curies":[{"name":"wp","href":"https:\/\/api.w.org\/{rel}","templated":true}]}}