{"id":226,"date":"2017-04-17T14:36:47","date_gmt":"2017-04-17T14:36:47","guid":{"rendered":"http:\/\/www.le-celadon.fr\/?page_id=226"},"modified":"2017-06-28T10:36:07","modified_gmt":"2017-06-28T10:36:07","slug":"notre-histoire","status":"publish","type":"page","link":"https:\/\/www.le-celadon.fr\/fr\/la-maison\/notre-histoire\/","title":{"rendered":"Notre histoire"},"content":{"rendered":"<h1>Une demeure historique et familiale<\/h1>\n<p>Con\u00e7ue dans le pur style typique de l\u2019\u00e9poque, Le C\u00e9ladon comporte une fa\u00e7ade imposante en pierre surmont\u00e9e d\u2019un toit en ardoise ainsi que divers \u00e9l\u00e9ments d\u00e9coratifs dont une sculpture de vierge couronn\u00e9e.<\/p>\n<h2>Depuis\u00a01874<\/h2>\n<p><img decoding=\"async\" loading=\"lazy\" class=\"wp-image-820 size-medium alignright\" src=\"https:\/\/www.le-celadon.fr\/wp-content\/uploads\/2017\/04\/histoire_du_celadon-566x393.jpg\" alt=\"\" width=\"566\" height=\"393\" srcset=\"https:\/\/www.le-celadon.fr\/wp-content\/uploads\/2017\/04\/histoire_du_celadon-566x393.jpg 566w, https:\/\/www.le-celadon.fr\/wp-content\/uploads\/2017\/04\/histoire_du_celadon-768x533.jpg 768w, https:\/\/www.le-celadon.fr\/wp-content\/uploads\/2017\/04\/histoire_du_celadon-1116x775.jpg 1116w, https:\/\/www.le-celadon.fr\/wp-content\/uploads\/2017\/04\/histoire_du_celadon-360x250.jpg 360w, https:\/\/www.le-celadon.fr\/wp-content\/uploads\/2017\/04\/histoire_du_celadon-312x217.jpg 312w, https:\/\/www.le-celadon.fr\/wp-content\/uploads\/2017\/04\/histoire_du_celadon-1555x1080.jpg 1555w, https:\/\/www.le-celadon.fr\/wp-content\/uploads\/2017\/04\/histoire_du_celadon-85x59.jpg 85w, https:\/\/www.le-celadon.fr\/wp-content\/uploads\/2017\/04\/histoire_du_celadon-72x50.jpg 72w, https:\/\/www.le-celadon.fr\/wp-content\/uploads\/2017\/04\/histoire_du_celadon-1920x1333.jpg 1920w, https:\/\/www.le-celadon.fr\/wp-content\/uploads\/2017\/04\/histoire_du_celadon-321x223.jpg 321w, https:\/\/www.le-celadon.fr\/wp-content\/uploads\/2017\/04\/histoire_du_celadon.jpg 2016w\" sizes=\"(max-width: 566px) 100vw, 566px\" \/><\/p>\n<p>Achet\u00e9e en 1894 par Armand DENIS,\u00a0Notaire\u00a0\u00e0 Montaigu et anc\u00eatre des actuels successeurs, la maison a \u00e9t\u00e9 construite en 1874.<\/p>\n<p>C\u2019est \u00e0 cette \u00e9poque que d\u00e9marre l\u2019empreinte notariale sur ce superbe domaine qui sera transmis de g\u00e9n\u00e9ration en g\u00e9n\u00e9ration, de p\u00e8re en fils, de notaire en notaire.<\/p>\n<p>Armand DENIS, arri\u00e8re grand-p\u00e8re des actuels successeurs, s\u2019y \u00e9tablit rapidement avec sa famille et d\u00e9cide d\u2019y installer son \u00c9tude. Elle trouvera sa place dans le petit bureau tandis que la salle d\u2019attente sera install\u00e9e dans l\u2019actuelle cuisine.<\/p>\n<p>Son fils, \u00e9galement Armand, assurera la reprise de l\u2019\u00c9tude et de la maison apr\u00e8s le d\u00e9c\u00e8s de son p\u00e8re jusqu\u2019\u00e0 la fin des ann\u00e9es 1950.<\/p>\n<p>Durant la seconde guerre mondiale, la maison servit de refuge \u00e0 de nombreux membres de la famille qui durent \u00e9vacuer la ville de Nantes fortement bombard\u00e9e. Malgr\u00e9 la guerre, l\u2019\u00c9tude n\u2019a jamais cess\u00e9 de fonctionner.<\/p>\n<p>En 1959, Pierre DENIS, fils d\u2019Armand, reprend \u00e0 son tour la maison et l\u2019\u00c9tude. Il entreprendra de grands travaux dans la maison et transf\u00e9rera les bureaux de l\u2019\u00c9tude dans une partie des anciennes d\u00e9pendances servant d&rsquo;\u00e9curies.<\/p>\n<h3>La quatri\u00e8me g\u00e9n\u00e9ration<\/h3>\n<p>En 1996, Olivier DENIS, succ\u00e8de \u00e0 son p\u00e8re en perp\u00e9tuant la tradition notariale familiale et proc\u00e8de \u00e0 l\u2019agrandissement de l\u2019\u00c9tude. La famille DENIS de Montaigu entre alors dans la quatri\u00e8me g\u00e9n\u00e9ration de notaires.\u00a0Quelques ann\u00e9es plus tard, fin 2010, il reprend la maison familiale et d\u00e9cide de la r\u00e9nover int\u00e9gralement.<\/p>\n<p><img decoding=\"async\" loading=\"lazy\" class=\"alignright wp-image-2099 size-medium\" src=\"https:\/\/www.le-celadon.fr\/wp-content\/uploads\/2017\/04\/bon-souvenir-jarrive-a\u0300-Montaigu.--566x425.jpg\" alt=\"\" width=\"566\" height=\"425\" srcset=\"https:\/\/www.le-celadon.fr\/wp-content\/uploads\/2017\/04\/bon-souvenir-jarrive-a\u0300-Montaigu.--566x425.jpg 566w, https:\/\/www.le-celadon.fr\/wp-content\/uploads\/2017\/04\/bon-souvenir-jarrive-a\u0300-Montaigu.--360x270.jpg 360w, https:\/\/www.le-celadon.fr\/wp-content\/uploads\/2017\/04\/bon-souvenir-jarrive-a\u0300-Montaigu.--312x234.jpg 312w, https:\/\/www.le-celadon.fr\/wp-content\/uploads\/2017\/04\/bon-souvenir-jarrive-a\u0300-Montaigu.--79x59.jpg 79w, https:\/\/www.le-celadon.fr\/wp-content\/uploads\/2017\/04\/bon-souvenir-jarrive-a\u0300-Montaigu.--67x50.jpg 67w, https:\/\/www.le-celadon.fr\/wp-content\/uploads\/2017\/04\/bon-souvenir-jarrive-a\u0300-Montaigu.--321x241.jpg 321w, https:\/\/www.le-celadon.fr\/wp-content\/uploads\/2017\/04\/bon-souvenir-jarrive-a\u0300-Montaigu.-.jpg 640w\" sizes=\"(max-width: 566px) 100vw, 566px\" \/><\/p>\n<p>Tout en la dotant d\u2019un meilleur confort et de facilit\u00e9s int\u00e9rieures,\u00a0il int\u00e8gre au parc de superbes \u00e9quipements ext\u00e9rieurs (piscine, jacuzzi, pool house, terrasses).<\/p>\n<p>Si les \u00e9curies, l\u2019immense potager, le poulailler et l\u2019ancien chenil ont tous disparu, la marre et les arbres centenaires ont \u00e9t\u00e9 parfaitement conserv\u00e9s et entretenus.<\/p>\n<p>Le C\u00e9ladon s\u2019inscrit dans une histoire familiale de traditions et de modernit\u00e9, chacun ayant contribu\u00e9 \u00e0 magnifier et conserver le patrimoine pour le faire entrer dans le XXI si\u00e8cle avec \u00e9l\u00e9gance.<\/p>\n<p>&nbsp;<\/p>\n<p>&nbsp;<\/p>\n<p><img decoding=\"async\" loading=\"lazy\" class=\"size-full wp-image-1229 aligncenter\" src=\"https:\/\/www.le-celadon.fr\/wp-content\/uploads\/2017\/04\/montaigu_histoire.jpg\" alt=\"\" width=\"940\" height=\"609\" srcset=\"https:\/\/www.le-celadon.fr\/wp-content\/uploads\/2017\/04\/montaigu_histoire.jpg 940w, https:\/\/www.le-celadon.fr\/wp-content\/uploads\/2017\/04\/montaigu_histoire-566x367.jpg 566w, https:\/\/www.le-celadon.fr\/wp-content\/uploads\/2017\/04\/montaigu_histoire-768x498.jpg 768w, https:\/\/www.le-celadon.fr\/wp-content\/uploads\/2017\/04\/montaigu_histoire-360x233.jpg 360w, https:\/\/www.le-celadon.fr\/wp-content\/uploads\/2017\/04\/montaigu_histoire-312x202.jpg 312w, https:\/\/www.le-celadon.fr\/wp-content\/uploads\/2017\/04\/montaigu_histoire-91x59.jpg 91w, https:\/\/www.le-celadon.fr\/wp-content\/uploads\/2017\/04\/montaigu_histoire-77x50.jpg 77w, https:\/\/www.le-celadon.fr\/wp-content\/uploads\/2017\/04\/montaigu_histoire-321x208.jpg 321w\" sizes=\"(max-width: 940px) 100vw, 940px\" \/><\/p>\n","protected":false},"excerpt":{"rendered":"<p>Une demeure historique et familiale Con\u00e7ue dans le pur style typique de l\u2019\u00e9poque, Le C\u00e9ladon comporte une fa\u00e7ade imposante en pierre surmont\u00e9e d\u2019un toit en ardoise ainsi que divers \u00e9l\u00e9ments d\u00e9coratifs dont une sculpture de vierge couronn\u00e9e. Depuis\u00a01874 Achet\u00e9e en 1894 par Armand DENIS,\u00a0Notaire\u00a0\u00e0 Montaigu et anc\u00eatre des actuels successeurs, la maison a \u00e9t\u00e9 construite en 1874. C\u2019est \u00e0 cette &hellip; <a href=\"https:\/\/www.le-celadon.fr\/fr\/la-maison\/notre-histoire\/\" class=\"more\"><\/a><\/p>\n","protected":false},"author":3,"featured_media":0,"parent":233,"menu_order":0,"comment_status":"closed","ping_status":"closed","template":"","meta":{"footnotes":""},"acf":[],"yoast_head":"<!-- This site is optimized with the Yoast SEO plugin v22.6 - https:\/\/yoast.com\/wordpress\/plugins\/seo\/ -->\n<title>Notre histoire - Le C\u00e9ladon<\/title>\n<meta name=\"description\" content=\"Achet\u00e9e en 1894 par Armand DENIS, Notaire \u00e0 Montaigu et anc\u00eatre des actuels successeurs, la maison a \u00e9t\u00e9 construite en 1874 dans le style de l&#039;\u00e9poque.\" \/>\n<meta name=\"robots\" content=\"index, follow, max-snippet:-1, max-image-preview:large, max-video-preview:-1\" \/>\n<link rel=\"canonical\" href=\"https:\/\/www.le-celadon.fr\/fr\/la-maison\/notre-histoire\/\" \/>\n<meta property=\"og:locale\" content=\"fr_FR\" \/>\n<meta property=\"og:type\" content=\"article\" \/>\n<meta property=\"og:title\" content=\"Notre histoire - Le C\u00e9ladon\" \/>\n<meta property=\"og:description\" content=\"Achet\u00e9e en 1894 par Armand DENIS, Notaire \u00e0 Montaigu et anc\u00eatre des actuels successeurs, la maison a \u00e9t\u00e9 construite en 1874 dans le style de l&#039;\u00e9poque.\" \/>\n<meta property=\"og:url\" content=\"https:\/\/www.le-celadon.fr\/fr\/la-maison\/notre-histoire\/\" \/>\n<meta property=\"og:site_name\" content=\"Celadon\" \/>\n<meta property=\"article:publisher\" content=\"https:\/\/www.facebook.com\/Le-C%c3%a9ladon-Maison-dh%c3%b4te-de-charme-985842411553284\/\" \/>\n<meta property=\"article:modified_time\" content=\"2017-06-28T10:36:07+00:00\" \/>\n<meta property=\"og:image\" content=\"https:\/\/www.le-celadon.fr\/wp-content\/uploads\/2017\/04\/histoire_du_celadon-566x393.jpg\" \/>\n<meta name=\"twitter:card\" content=\"summary_large_image\" \/>\n<meta name=\"twitter:label1\" content=\"Dur\u00e9e de lecture estim\u00e9e\" \/>\n\t<meta name=\"twitter:data1\" content=\"2 minutes\" \/>\n<script type=\"application\/ld+json\" class=\"yoast-schema-graph\">{\"@context\":\"https:\/\/schema.org\",\"@graph\":[{\"@type\":\"WebPage\",\"@id\":\"https:\/\/www.le-celadon.fr\/fr\/la-maison\/notre-histoire\/\",\"url\":\"https:\/\/www.le-celadon.fr\/fr\/la-maison\/notre-histoire\/\",\"name\":\"Notre histoire - Le C\u00e9ladon\",\"isPartOf\":{\"@id\":\"https:\/\/www.le-celadon.fr\/fr\/#website\"},\"primaryImageOfPage\":{\"@id\":\"https:\/\/www.le-celadon.fr\/fr\/la-maison\/notre-histoire\/#primaryimage\"},\"image\":{\"@id\":\"https:\/\/www.le-celadon.fr\/fr\/la-maison\/notre-histoire\/#primaryimage\"},\"thumbnailUrl\":\"https:\/\/www.le-celadon.fr\/wp-content\/uploads\/2017\/04\/histoire_du_celadon-566x393.jpg\",\"datePublished\":\"2017-04-17T14:36:47+00:00\",\"dateModified\":\"2017-06-28T10:36:07+00:00\",\"description\":\"Achet\u00e9e en 1894 par Armand DENIS, Notaire \u00e0 Montaigu et anc\u00eatre des actuels successeurs, la maison a \u00e9t\u00e9 construite en 1874 dans le style de l'\u00e9poque.\",\"breadcrumb\":{\"@id\":\"https:\/\/www.le-celadon.fr\/fr\/la-maison\/notre-histoire\/#breadcrumb\"},\"inLanguage\":\"fr-FR\",\"potentialAction\":[{\"@type\":\"ReadAction\",\"target\":[\"https:\/\/www.le-celadon.fr\/fr\/la-maison\/notre-histoire\/\"]}]},{\"@type\":\"ImageObject\",\"inLanguage\":\"fr-FR\",\"@id\":\"https:\/\/www.le-celadon.fr\/fr\/la-maison\/notre-histoire\/#primaryimage\",\"url\":\"https:\/\/www.le-celadon.fr\/wp-content\/uploads\/2017\/04\/histoire_du_celadon-566x393.jpg\",\"contentUrl\":\"https:\/\/www.le-celadon.fr\/wp-content\/uploads\/2017\/04\/histoire_du_celadon-566x393.jpg\"},{\"@type\":\"BreadcrumbList\",\"@id\":\"https:\/\/www.le-celadon.fr\/fr\/la-maison\/notre-histoire\/#breadcrumb\",\"itemListElement\":[{\"@type\":\"ListItem\",\"position\":1,\"name\":\"Home\",\"item\":\"https:\/\/www.le-celadon.fr\/fr\/\"},{\"@type\":\"ListItem\",\"position\":2,\"name\":\"La Maison\",\"item\":\"https:\/\/www.le-celadon.fr\/fr\/la-maison\/\"},{\"@type\":\"ListItem\",\"position\":3,\"name\":\"Notre histoire\"}]},{\"@type\":\"WebSite\",\"@id\":\"https:\/\/www.le-celadon.fr\/fr\/#website\",\"url\":\"https:\/\/www.le-celadon.fr\/fr\/\",\"name\":\"Celadon\",\"description\":\"Maison d&#039;h\u00f4tes de charme proche du Puy du Fou\",\"publisher\":{\"@id\":\"https:\/\/www.le-celadon.fr\/fr\/#organization\"},\"potentialAction\":[{\"@type\":\"SearchAction\",\"target\":{\"@type\":\"EntryPoint\",\"urlTemplate\":\"https:\/\/www.le-celadon.fr\/fr\/?s={search_term_string}\"},\"query-input\":\"required name=search_term_string\"}],\"inLanguage\":\"fr-FR\"},{\"@type\":\"Organization\",\"@id\":\"https:\/\/www.le-celadon.fr\/fr\/#organization\",\"name\":\"Le C\u00e9ladon\",\"url\":\"https:\/\/www.le-celadon.fr\/fr\/\",\"logo\":{\"@type\":\"ImageObject\",\"inLanguage\":\"fr-FR\",\"@id\":\"https:\/\/www.le-celadon.fr\/fr\/#\/schema\/logo\/image\/\",\"url\":\"https:\/\/www.le-celadon.fr\/wp-content\/uploads\/2017\/04\/header-logo.png\",\"contentUrl\":\"https:\/\/www.le-celadon.fr\/wp-content\/uploads\/2017\/04\/header-logo.png\",\"width\":275,\"height\":59,\"caption\":\"Le C\u00e9ladon\"},\"image\":{\"@id\":\"https:\/\/www.le-celadon.fr\/fr\/#\/schema\/logo\/image\/\"},\"sameAs\":[\"https:\/\/www.facebook.com\/Le-C\u00e9ladon-Maison-dh\u00f4te-de-charme-985842411553284\/\"]}]}<\/script>\n<!-- \/ Yoast SEO plugin. -->","yoast_head_json":{"title":"Notre histoire - Le C\u00e9ladon","description":"Achet\u00e9e en 1894 par Armand DENIS, Notaire \u00e0 Montaigu et anc\u00eatre des actuels successeurs, la maison a \u00e9t\u00e9 construite en 1874 dans le style de l'\u00e9poque.","robots":{"index":"index","follow":"follow","max-snippet":"max-snippet:-1","max-image-preview":"max-image-preview:large","max-video-preview":"max-video-preview:-1"},"canonical":"https:\/\/www.le-celadon.fr\/fr\/la-maison\/notre-histoire\/","og_locale":"fr_FR","og_type":"article","og_title":"Notre histoire - Le C\u00e9ladon","og_description":"Achet\u00e9e en 1894 par Armand DENIS, Notaire \u00e0 Montaigu et anc\u00eatre des actuels successeurs, la maison a \u00e9t\u00e9 construite en 1874 dans le style de l'\u00e9poque.","og_url":"https:\/\/www.le-celadon.fr\/fr\/la-maison\/notre-histoire\/","og_site_name":"Celadon","article_publisher":"https:\/\/www.facebook.com\/Le-C%c3%a9ladon-Maison-dh%c3%b4te-de-charme-985842411553284\/","article_modified_time":"2017-06-28T10:36:07+00:00","og_image":[{"url":"https:\/\/www.le-celadon.fr\/wp-content\/uploads\/2017\/04\/histoire_du_celadon-566x393.jpg"}],"twitter_card":"summary_large_image","twitter_misc":{"Dur\u00e9e de lecture estim\u00e9e":"2 minutes"},"schema":{"@context":"https:\/\/schema.org","@graph":[{"@type":"WebPage","@id":"https:\/\/www.le-celadon.fr\/fr\/la-maison\/notre-histoire\/","url":"https:\/\/www.le-celadon.fr\/fr\/la-maison\/notre-histoire\/","name":"Notre histoire - Le C\u00e9ladon","isPartOf":{"@id":"https:\/\/www.le-celadon.fr\/fr\/#website"},"primaryImageOfPage":{"@id":"https:\/\/www.le-celadon.fr\/fr\/la-maison\/notre-histoire\/#primaryimage"},"image":{"@id":"https:\/\/www.le-celadon.fr\/fr\/la-maison\/notre-histoire\/#primaryimage"},"thumbnailUrl":"https:\/\/www.le-celadon.fr\/wp-content\/uploads\/2017\/04\/histoire_du_celadon-566x393.jpg","datePublished":"2017-04-17T14:36:47+00:00","dateModified":"2017-06-28T10:36:07+00:00","description":"Achet\u00e9e en 1894 par Armand DENIS, Notaire \u00e0 Montaigu et anc\u00eatre des actuels successeurs, la maison a \u00e9t\u00e9 construite en 1874 dans le style de l'\u00e9poque.","breadcrumb":{"@id":"https:\/\/www.le-celadon.fr\/fr\/la-maison\/notre-histoire\/#breadcrumb"},"inLanguage":"fr-FR","potentialAction":[{"@type":"ReadAction","target":["https:\/\/www.le-celadon.fr\/fr\/la-maison\/notre-histoire\/"]}]},{"@type":"ImageObject","inLanguage":"fr-FR","@id":"https:\/\/www.le-celadon.fr\/fr\/la-maison\/notre-histoire\/#primaryimage","url":"https:\/\/www.le-celadon.fr\/wp-content\/uploads\/2017\/04\/histoire_du_celadon-566x393.jpg","contentUrl":"https:\/\/www.le-celadon.fr\/wp-content\/uploads\/2017\/04\/histoire_du_celadon-566x393.jpg"},{"@type":"BreadcrumbList","@id":"https:\/\/www.le-celadon.fr\/fr\/la-maison\/notre-histoire\/#breadcrumb","itemListElement":[{"@type":"ListItem","position":1,"name":"Home","item":"https:\/\/www.le-celadon.fr\/fr\/"},{"@type":"ListItem","position":2,"name":"La Maison","item":"https:\/\/www.le-celadon.fr\/fr\/la-maison\/"},{"@type":"ListItem","position":3,"name":"Notre histoire"}]},{"@type":"WebSite","@id":"https:\/\/www.le-celadon.fr\/fr\/#website","url":"https:\/\/www.le-celadon.fr\/fr\/","name":"Celadon","description":"Maison d&#039;h\u00f4tes de charme proche du Puy du Fou","publisher":{"@id":"https:\/\/www.le-celadon.fr\/fr\/#organization"},"potentialAction":[{"@type":"SearchAction","target":{"@type":"EntryPoint","urlTemplate":"https:\/\/www.le-celadon.fr\/fr\/?s={search_term_string}"},"query-input":"required name=search_term_string"}],"inLanguage":"fr-FR"},{"@type":"Organization","@id":"https:\/\/www.le-celadon.fr\/fr\/#organization","name":"Le C\u00e9ladon","url":"https:\/\/www.le-celadon.fr\/fr\/","logo":{"@type":"ImageObject","inLanguage":"fr-FR","@id":"https:\/\/www.le-celadon.fr\/fr\/#\/schema\/logo\/image\/","url":"https:\/\/www.le-celadon.fr\/wp-content\/uploads\/2017\/04\/header-logo.png","contentUrl":"https:\/\/www.le-celadon.fr\/wp-content\/uploads\/2017\/04\/header-logo.png","width":275,"height":59,"caption":"Le C\u00e9ladon"},"image":{"@id":"https:\/\/www.le-celadon.fr\/fr\/#\/schema\/logo\/image\/"},"sameAs":["https:\/\/www.facebook.com\/Le-C\u00e9ladon-Maison-dh\u00f4te-de-charme-985842411553284\/"]}]}},"_links":{"self":[{"href":"https:\/\/www.le-celadon.fr\/fr\/wp-json\/wp\/v2\/pages\/226"}],"collection":[{"href":"https:\/\/www.le-celadon.fr\/fr\/wp-json\/wp\/v2\/pages"}],"about":[{"href":"https:\/\/www.le-celadon.fr\/fr\/wp-json\/wp\/v2\/types\/page"}],"author":[{"embeddable":true,"href":"https:\/\/www.le-celadon.fr\/fr\/wp-json\/wp\/v2\/users\/3"}],"replies":[{"embeddable":true,"href":"https:\/\/www.le-celadon.fr\/fr\/wp-json\/wp\/v2\/comments?post=226"}],"version-history":[{"count":5,"href":"https:\/\/www.le-celadon.fr\/fr\/wp-json\/wp\/v2\/pages\/226\/revisions"}],"predecessor-version":[{"id":2702,"href":"https:\/\/www.le-celadon.fr\/fr\/wp-json\/wp\/v2\/pages\/226\/revisions\/2702"}],"up":[{"embeddable":true,"href":"https:\/\/www.le-celadon.fr\/fr\/wp-json\/wp\/v2\/pages\/233"}],"wp:attachment":[{"href":"https:\/\/www.le-celadon.fr\/fr\/wp-json\/wp\/v2\/media?parent=226"}],"curies":[{"name":"wp","href":"https:\/\/api.w.org\/{rel}","templated":true}]}}