{"id":228,"date":"2017-04-17T14:40:36","date_gmt":"2017-04-17T14:40:36","guid":{"rendered":"http:\/\/www.le-celadon.fr\/?page_id=228"},"modified":"2022-05-31T14:23:18","modified_gmt":"2022-05-31T14:23:18","slug":"lhote","status":"publish","type":"page","link":"https:\/\/www.le-celadon.fr\/fr\/la-maison\/lhote\/","title":{"rendered":"L\u2019H\u00f4te"},"content":{"rendered":"<h2>L&rsquo;amour d&rsquo;un lieu<\/h2>\n<p><img decoding=\"async\" loading=\"lazy\" class=\"alignright wp-image-3668\" src=\"https:\/\/www.le-celadon.fr\/wp-content\/uploads\/2022\/05\/IMG_5761-317x290.jpg\" alt=\"\" width=\"450\" height=\"412\" srcset=\"https:\/\/www.le-celadon.fr\/wp-content\/uploads\/2022\/05\/IMG_5761-317x290.jpg 317w, https:\/\/www.le-celadon.fr\/wp-content\/uploads\/2022\/05\/IMG_5761-566x518.jpg 566w, https:\/\/www.le-celadon.fr\/wp-content\/uploads\/2022\/05\/IMG_5761-768x703.jpg 768w, https:\/\/www.le-celadon.fr\/wp-content\/uploads\/2022\/05\/IMG_5761-312x286.jpg 312w, https:\/\/www.le-celadon.fr\/wp-content\/uploads\/2022\/05\/IMG_5761-64x59.jpg 64w, https:\/\/www.le-celadon.fr\/wp-content\/uploads\/2022\/05\/IMG_5761-55x50.jpg 55w, https:\/\/www.le-celadon.fr\/wp-content\/uploads\/2022\/05\/IMG_5761-321x294.jpg 321w, https:\/\/www.le-celadon.fr\/wp-content\/uploads\/2022\/05\/IMG_5761.jpg 1048w\" sizes=\"(max-width: 450px) 100vw, 450px\" \/><\/p>\n<p>C\u2019est l\u2019histoire d\u2019une demeure familiale fran\u00e7aise, jouxtant l\u2019\u00c9tude de notaires reprise de p\u00e8re en fils.<\/p>\n<p>Une histoire que le couple, Sophie et Olivier DENIS, d\u00e9cide de poursuivre, avec leurs deux filles, Lucie et Louise, en reprenant la maison d\u2019enfance d\u2019Olivier en 2010.<\/p>\n<p>Tous deux \u00e9pris de voyage, l\u2019un est amoureux de beaux-arts, l\u2019autre passionn\u00e9e de d\u00e9coration ; symbiose de ces amours, la maison se pare de beaut\u00e9 en h\u00e9ritage. La demeure conna\u00eet alors une nouvelle vie et, apr\u00e8s<strong> une restauration respectueuse<\/strong>, devient la Maison de Famille o\u00f9 chacun se retrouve et aspire \u00e0 recevoir.<\/p>\n<p><strong>Lieu de partage et de convivialit\u00e9<\/strong>, elle s\u2019anime autour de souvenirs rapport\u00e9s de voyage et de lieux de vie.<\/p>\n<p>&nbsp;<\/p>\n<p>&nbsp;<\/p>\n<h2>L&rsquo;hospitalit\u00e9 et le partage<\/h2>\n<p>Lorsque brutalement, Olivier quitte ce monde en septembre 2015, Sophie refuse d\u2019\u00e9crire le mot \u00ab fin \u00bb et re\u00e7oit la force de continuer leur bel ouvrage. Elle d\u00e9cide alors que ce message d\u2019hospitalit\u00e9 qu\u2019elle avait en partage avec son \u00e9poux disparu doit perdurer et re-baptise la maison \u00a0Le C\u00e9ladon, <strong>en hommage \u00e0 un lieu aim\u00e9 mais aussi aux couleurs de l\u2019Asie<\/strong> dont leurs filles sont originaires.<\/p>\n<p>Dot\u00e9e d\u2019une \u00e9nergie farouche, cette ancienne avocate, vous recevra dans cet univers d\u2019ancienne<strong> maison bourgeoise revisit\u00e9 et chaleureux<\/strong>. Elle vous contera autour d\u2019une madeleine et d\u2019un th\u00e9, l\u2019histoire des lieux et de ses objets. Intarissable et p\u00e9tillante, sp\u00e9cialis\u00e9e sur le sud-est asiatique, elle vous montrera les collections d\u2019Olivier et vous parlera de la nouvelle vie de la Maison de Montaigu aux accents du monde et de France.<\/p>\n<p>Sophie DENIS\u00a0vous accueillera au C\u00e9ladon dans l\u2019esprit de convivialit\u00e9 et de partage ayant pr\u00e9valu \u00e0 sa construction.<\/p>\n<p style=\"text-align: right;\"><span style=\"font-size: 14pt; color: #aec8b2;\"><em>Sophie DENIS<\/em><\/span><\/p>\n","protected":false},"excerpt":{"rendered":"<p>L&rsquo;amour d&rsquo;un lieu C\u2019est l\u2019histoire d\u2019une demeure familiale fran\u00e7aise, jouxtant l\u2019\u00c9tude de notaires reprise de p\u00e8re en fils. Une histoire que le couple, Sophie et Olivier DENIS, d\u00e9cide de poursuivre, avec leurs deux filles, Lucie et Louise, en reprenant la maison d\u2019enfance d\u2019Olivier en 2010. Tous deux \u00e9pris de voyage, l\u2019un est amoureux de beaux-arts, l\u2019autre passionn\u00e9e de d\u00e9coration ; &hellip; <a href=\"https:\/\/www.le-celadon.fr\/fr\/la-maison\/lhote\/\" class=\"more\"><\/a><\/p>\n","protected":false},"author":3,"featured_media":0,"parent":233,"menu_order":0,"comment_status":"closed","ping_status":"closed","template":"","meta":{"footnotes":""},"acf":[],"yoast_head":"<!-- This site is optimized with the Yoast SEO plugin v22.6 - https:\/\/yoast.com\/wordpress\/plugins\/seo\/ -->\n<title>Sophie DENIS votre h\u00f4te - Le C\u00e9ladon<\/title>\n<meta name=\"description\" content=\"Intarissable et p\u00e9tillante, sp\u00e9cialis\u00e9e sur le sud-est asiatique, Sophie DENIS vous accueillera au C\u00e9ladon dans un esprit de convivialit\u00e9 et de partage.\" \/>\n<meta name=\"robots\" content=\"index, follow, max-snippet:-1, max-image-preview:large, max-video-preview:-1\" \/>\n<link rel=\"canonical\" href=\"https:\/\/www.le-celadon.fr\/fr\/la-maison\/lhote\/\" \/>\n<meta property=\"og:locale\" content=\"fr_FR\" \/>\n<meta property=\"og:type\" content=\"article\" \/>\n<meta property=\"og:title\" content=\"Sophie DENIS votre h\u00f4te - Le C\u00e9ladon\" \/>\n<meta property=\"og:description\" content=\"Intarissable et p\u00e9tillante, sp\u00e9cialis\u00e9e sur le sud-est asiatique, Sophie DENIS vous accueillera au C\u00e9ladon dans un esprit de convivialit\u00e9 et de partage.\" \/>\n<meta property=\"og:url\" content=\"https:\/\/www.le-celadon.fr\/fr\/la-maison\/lhote\/\" \/>\n<meta property=\"og:site_name\" content=\"Celadon\" \/>\n<meta property=\"article:publisher\" content=\"https:\/\/www.facebook.com\/Le-C%c3%a9ladon-Maison-dh%c3%b4te-de-charme-985842411553284\/\" \/>\n<meta property=\"article:modified_time\" content=\"2022-05-31T14:23:18+00:00\" \/>\n<meta property=\"og:image\" content=\"https:\/\/www.le-celadon.fr\/wp-content\/uploads\/2022\/05\/IMG_5761-317x290.jpg\" \/>\n<meta name=\"twitter:card\" content=\"summary_large_image\" \/>\n<meta name=\"twitter:label1\" content=\"Dur\u00e9e de lecture estim\u00e9e\" \/>\n\t<meta name=\"twitter:data1\" content=\"2 minutes\" \/>\n<script type=\"application\/ld+json\" class=\"yoast-schema-graph\">{\"@context\":\"https:\/\/schema.org\",\"@graph\":[{\"@type\":\"WebPage\",\"@id\":\"https:\/\/www.le-celadon.fr\/fr\/la-maison\/lhote\/\",\"url\":\"https:\/\/www.le-celadon.fr\/fr\/la-maison\/lhote\/\",\"name\":\"Sophie DENIS votre h\u00f4te - Le C\u00e9ladon\",\"isPartOf\":{\"@id\":\"https:\/\/www.le-celadon.fr\/fr\/#website\"},\"primaryImageOfPage\":{\"@id\":\"https:\/\/www.le-celadon.fr\/fr\/la-maison\/lhote\/#primaryimage\"},\"image\":{\"@id\":\"https:\/\/www.le-celadon.fr\/fr\/la-maison\/lhote\/#primaryimage\"},\"thumbnailUrl\":\"https:\/\/www.le-celadon.fr\/wp-content\/uploads\/2022\/05\/IMG_5761-317x290.jpg\",\"datePublished\":\"2017-04-17T14:40:36+00:00\",\"dateModified\":\"2022-05-31T14:23:18+00:00\",\"description\":\"Intarissable et p\u00e9tillante, sp\u00e9cialis\u00e9e sur le sud-est asiatique, Sophie DENIS vous accueillera au C\u00e9ladon dans un esprit de convivialit\u00e9 et de partage.\",\"breadcrumb\":{\"@id\":\"https:\/\/www.le-celadon.fr\/fr\/la-maison\/lhote\/#breadcrumb\"},\"inLanguage\":\"fr-FR\",\"potentialAction\":[{\"@type\":\"ReadAction\",\"target\":[\"https:\/\/www.le-celadon.fr\/fr\/la-maison\/lhote\/\"]}]},{\"@type\":\"ImageObject\",\"inLanguage\":\"fr-FR\",\"@id\":\"https:\/\/www.le-celadon.fr\/fr\/la-maison\/lhote\/#primaryimage\",\"url\":\"https:\/\/www.le-celadon.fr\/wp-content\/uploads\/2022\/05\/IMG_5761-317x290.jpg\",\"contentUrl\":\"https:\/\/www.le-celadon.fr\/wp-content\/uploads\/2022\/05\/IMG_5761-317x290.jpg\"},{\"@type\":\"BreadcrumbList\",\"@id\":\"https:\/\/www.le-celadon.fr\/fr\/la-maison\/lhote\/#breadcrumb\",\"itemListElement\":[{\"@type\":\"ListItem\",\"position\":1,\"name\":\"Home\",\"item\":\"https:\/\/www.le-celadon.fr\/fr\/\"},{\"@type\":\"ListItem\",\"position\":2,\"name\":\"La Maison\",\"item\":\"https:\/\/www.le-celadon.fr\/fr\/la-maison\/\"},{\"@type\":\"ListItem\",\"position\":3,\"name\":\"L\u2019H\u00f4te\"}]},{\"@type\":\"WebSite\",\"@id\":\"https:\/\/www.le-celadon.fr\/fr\/#website\",\"url\":\"https:\/\/www.le-celadon.fr\/fr\/\",\"name\":\"Celadon\",\"description\":\"Maison d&#039;h\u00f4tes de charme proche du Puy du Fou\",\"publisher\":{\"@id\":\"https:\/\/www.le-celadon.fr\/fr\/#organization\"},\"potentialAction\":[{\"@type\":\"SearchAction\",\"target\":{\"@type\":\"EntryPoint\",\"urlTemplate\":\"https:\/\/www.le-celadon.fr\/fr\/?s={search_term_string}\"},\"query-input\":\"required name=search_term_string\"}],\"inLanguage\":\"fr-FR\"},{\"@type\":\"Organization\",\"@id\":\"https:\/\/www.le-celadon.fr\/fr\/#organization\",\"name\":\"Le C\u00e9ladon\",\"url\":\"https:\/\/www.le-celadon.fr\/fr\/\",\"logo\":{\"@type\":\"ImageObject\",\"inLanguage\":\"fr-FR\",\"@id\":\"https:\/\/www.le-celadon.fr\/fr\/#\/schema\/logo\/image\/\",\"url\":\"https:\/\/www.le-celadon.fr\/wp-content\/uploads\/2017\/04\/header-logo.png\",\"contentUrl\":\"https:\/\/www.le-celadon.fr\/wp-content\/uploads\/2017\/04\/header-logo.png\",\"width\":275,\"height\":59,\"caption\":\"Le C\u00e9ladon\"},\"image\":{\"@id\":\"https:\/\/www.le-celadon.fr\/fr\/#\/schema\/logo\/image\/\"},\"sameAs\":[\"https:\/\/www.facebook.com\/Le-C\u00e9ladon-Maison-dh\u00f4te-de-charme-985842411553284\/\"]}]}<\/script>\n<!-- \/ Yoast SEO plugin. -->","yoast_head_json":{"title":"Sophie DENIS votre h\u00f4te - Le C\u00e9ladon","description":"Intarissable et p\u00e9tillante, sp\u00e9cialis\u00e9e sur le sud-est asiatique, Sophie DENIS vous accueillera au C\u00e9ladon dans un esprit de convivialit\u00e9 et de partage.","robots":{"index":"index","follow":"follow","max-snippet":"max-snippet:-1","max-image-preview":"max-image-preview:large","max-video-preview":"max-video-preview:-1"},"canonical":"https:\/\/www.le-celadon.fr\/fr\/la-maison\/lhote\/","og_locale":"fr_FR","og_type":"article","og_title":"Sophie DENIS votre h\u00f4te - Le C\u00e9ladon","og_description":"Intarissable et p\u00e9tillante, sp\u00e9cialis\u00e9e sur le sud-est asiatique, Sophie DENIS vous accueillera au C\u00e9ladon dans un esprit de convivialit\u00e9 et de partage.","og_url":"https:\/\/www.le-celadon.fr\/fr\/la-maison\/lhote\/","og_site_name":"Celadon","article_publisher":"https:\/\/www.facebook.com\/Le-C%c3%a9ladon-Maison-dh%c3%b4te-de-charme-985842411553284\/","article_modified_time":"2022-05-31T14:23:18+00:00","og_image":[{"url":"https:\/\/www.le-celadon.fr\/wp-content\/uploads\/2022\/05\/IMG_5761-317x290.jpg"}],"twitter_card":"summary_large_image","twitter_misc":{"Dur\u00e9e de lecture estim\u00e9e":"2 minutes"},"schema":{"@context":"https:\/\/schema.org","@graph":[{"@type":"WebPage","@id":"https:\/\/www.le-celadon.fr\/fr\/la-maison\/lhote\/","url":"https:\/\/www.le-celadon.fr\/fr\/la-maison\/lhote\/","name":"Sophie DENIS votre h\u00f4te - Le C\u00e9ladon","isPartOf":{"@id":"https:\/\/www.le-celadon.fr\/fr\/#website"},"primaryImageOfPage":{"@id":"https:\/\/www.le-celadon.fr\/fr\/la-maison\/lhote\/#primaryimage"},"image":{"@id":"https:\/\/www.le-celadon.fr\/fr\/la-maison\/lhote\/#primaryimage"},"thumbnailUrl":"https:\/\/www.le-celadon.fr\/wp-content\/uploads\/2022\/05\/IMG_5761-317x290.jpg","datePublished":"2017-04-17T14:40:36+00:00","dateModified":"2022-05-31T14:23:18+00:00","description":"Intarissable et p\u00e9tillante, sp\u00e9cialis\u00e9e sur le sud-est asiatique, Sophie DENIS vous accueillera au C\u00e9ladon dans un esprit de convivialit\u00e9 et de partage.","breadcrumb":{"@id":"https:\/\/www.le-celadon.fr\/fr\/la-maison\/lhote\/#breadcrumb"},"inLanguage":"fr-FR","potentialAction":[{"@type":"ReadAction","target":["https:\/\/www.le-celadon.fr\/fr\/la-maison\/lhote\/"]}]},{"@type":"ImageObject","inLanguage":"fr-FR","@id":"https:\/\/www.le-celadon.fr\/fr\/la-maison\/lhote\/#primaryimage","url":"https:\/\/www.le-celadon.fr\/wp-content\/uploads\/2022\/05\/IMG_5761-317x290.jpg","contentUrl":"https:\/\/www.le-celadon.fr\/wp-content\/uploads\/2022\/05\/IMG_5761-317x290.jpg"},{"@type":"BreadcrumbList","@id":"https:\/\/www.le-celadon.fr\/fr\/la-maison\/lhote\/#breadcrumb","itemListElement":[{"@type":"ListItem","position":1,"name":"Home","item":"https:\/\/www.le-celadon.fr\/fr\/"},{"@type":"ListItem","position":2,"name":"La Maison","item":"https:\/\/www.le-celadon.fr\/fr\/la-maison\/"},{"@type":"ListItem","position":3,"name":"L\u2019H\u00f4te"}]},{"@type":"WebSite","@id":"https:\/\/www.le-celadon.fr\/fr\/#website","url":"https:\/\/www.le-celadon.fr\/fr\/","name":"Celadon","description":"Maison d&#039;h\u00f4tes de charme proche du Puy du Fou","publisher":{"@id":"https:\/\/www.le-celadon.fr\/fr\/#organization"},"potentialAction":[{"@type":"SearchAction","target":{"@type":"EntryPoint","urlTemplate":"https:\/\/www.le-celadon.fr\/fr\/?s={search_term_string}"},"query-input":"required name=search_term_string"}],"inLanguage":"fr-FR"},{"@type":"Organization","@id":"https:\/\/www.le-celadon.fr\/fr\/#organization","name":"Le C\u00e9ladon","url":"https:\/\/www.le-celadon.fr\/fr\/","logo":{"@type":"ImageObject","inLanguage":"fr-FR","@id":"https:\/\/www.le-celadon.fr\/fr\/#\/schema\/logo\/image\/","url":"https:\/\/www.le-celadon.fr\/wp-content\/uploads\/2017\/04\/header-logo.png","contentUrl":"https:\/\/www.le-celadon.fr\/wp-content\/uploads\/2017\/04\/header-logo.png","width":275,"height":59,"caption":"Le C\u00e9ladon"},"image":{"@id":"https:\/\/www.le-celadon.fr\/fr\/#\/schema\/logo\/image\/"},"sameAs":["https:\/\/www.facebook.com\/Le-C\u00e9ladon-Maison-dh\u00f4te-de-charme-985842411553284\/"]}]}},"_links":{"self":[{"href":"https:\/\/www.le-celadon.fr\/fr\/wp-json\/wp\/v2\/pages\/228"}],"collection":[{"href":"https:\/\/www.le-celadon.fr\/fr\/wp-json\/wp\/v2\/pages"}],"about":[{"href":"https:\/\/www.le-celadon.fr\/fr\/wp-json\/wp\/v2\/types\/page"}],"author":[{"embeddable":true,"href":"https:\/\/www.le-celadon.fr\/fr\/wp-json\/wp\/v2\/users\/3"}],"replies":[{"embeddable":true,"href":"https:\/\/www.le-celadon.fr\/fr\/wp-json\/wp\/v2\/comments?post=228"}],"version-history":[{"count":5,"href":"https:\/\/www.le-celadon.fr\/fr\/wp-json\/wp\/v2\/pages\/228\/revisions"}],"predecessor-version":[{"id":3685,"href":"https:\/\/www.le-celadon.fr\/fr\/wp-json\/wp\/v2\/pages\/228\/revisions\/3685"}],"up":[{"embeddable":true,"href":"https:\/\/www.le-celadon.fr\/fr\/wp-json\/wp\/v2\/pages\/233"}],"wp:attachment":[{"href":"https:\/\/www.le-celadon.fr\/fr\/wp-json\/wp\/v2\/media?parent=228"}],"curies":[{"name":"wp","href":"https:\/\/api.w.org\/{rel}","templated":true}]}}