{"id":233,"date":"2017-04-17T15:28:03","date_gmt":"2017-04-17T15:28:03","guid":{"rendered":"http:\/\/www.le-celadon.fr\/?page_id=233"},"modified":"2025-07-15T17:15:36","modified_gmt":"2025-07-15T17:15:36","slug":"la-maison","status":"publish","type":"page","link":"https:\/\/www.le-celadon.fr\/fr\/la-maison\/","title":{"rendered":"La Maison"},"content":{"rendered":"<h2>Le Charme d&rsquo;une \u00e9l\u00e9gante maison fran\u00e7aise<\/h2>\n<p><img decoding=\"async\" loading=\"lazy\" class=\"alignright size-medium wp-image-3842\" src=\"https:\/\/www.le-celadon.fr\/wp-content\/uploads\/2025\/07\/PHOTO-N\u00b01-566x377.jpg\" alt=\"\" width=\"566\" height=\"377\" srcset=\"https:\/\/www.le-celadon.fr\/wp-content\/uploads\/2025\/07\/PHOTO-N\u00b01-566x377.jpg 566w, https:\/\/www.le-celadon.fr\/wp-content\/uploads\/2025\/07\/PHOTO-N\u00b01-1116x744.jpg 1116w, https:\/\/www.le-celadon.fr\/wp-content\/uploads\/2025\/07\/PHOTO-N\u00b01-768x512.jpg 768w, https:\/\/www.le-celadon.fr\/wp-content\/uploads\/2025\/07\/PHOTO-N\u00b01-1536x1024.jpg 1536w, https:\/\/www.le-celadon.fr\/wp-content\/uploads\/2025\/07\/PHOTO-N\u00b01-2048x1365.jpg 2048w, https:\/\/www.le-celadon.fr\/wp-content\/uploads\/2025\/07\/PHOTO-N\u00b01-360x240.jpg 360w, https:\/\/www.le-celadon.fr\/wp-content\/uploads\/2025\/07\/PHOTO-N\u00b01-312x208.jpg 312w, https:\/\/www.le-celadon.fr\/wp-content\/uploads\/2025\/07\/PHOTO-N\u00b01-1620x1080.jpg 1620w, https:\/\/www.le-celadon.fr\/wp-content\/uploads\/2025\/07\/PHOTO-N\u00b01-89x59.jpg 89w, https:\/\/www.le-celadon.fr\/wp-content\/uploads\/2025\/07\/PHOTO-N\u00b01-75x50.jpg 75w, https:\/\/www.le-celadon.fr\/wp-content\/uploads\/2025\/07\/PHOTO-N\u00b01-1920x1280.jpg 1920w, https:\/\/www.le-celadon.fr\/wp-content\/uploads\/2025\/07\/PHOTO-N\u00b01-321x214.jpg 321w\" sizes=\"(max-width: 566px) 100vw, 566px\" \/><\/p>\n<p><img decoding=\"async\" loading=\"lazy\" class=\"wp-image-1064 size-medium alignright\" src=\"\/wp-content\/uploads\/2017\/04\/salon_anakha-566x378.jpg\" alt=\"\" width=\"566\" height=\"378\" srcset=\"https:\/\/www.le-celadon.fr\/wp-content\/uploads\/2017\/04\/salon_anakha-566x378.jpg 566w, https:\/\/www.le-celadon.fr\/wp-content\/uploads\/2017\/04\/salon_anakha-768x513.jpg 768w, https:\/\/www.le-celadon.fr\/wp-content\/uploads\/2017\/04\/salon_anakha-1116x745.jpg 1116w, https:\/\/www.le-celadon.fr\/wp-content\/uploads\/2017\/04\/salon_anakha-360x240.jpg 360w, https:\/\/www.le-celadon.fr\/wp-content\/uploads\/2017\/04\/salon_anakha-312x208.jpg 312w, https:\/\/www.le-celadon.fr\/wp-content\/uploads\/2017\/04\/salon_anakha-1618x1080.jpg 1618w, https:\/\/www.le-celadon.fr\/wp-content\/uploads\/2017\/04\/salon_anakha-88x59.jpg 88w, https:\/\/www.le-celadon.fr\/wp-content\/uploads\/2017\/04\/salon_anakha-75x50.jpg 75w, https:\/\/www.le-celadon.fr\/wp-content\/uploads\/2017\/04\/salon_anakha-1920x1281.jpg 1920w, https:\/\/www.le-celadon.fr\/wp-content\/uploads\/2017\/04\/salon_anakha-321x214.jpg 321w\" sizes=\"(max-width: 566px) 100vw, 566px\" \/><\/p>\n<p>R\u00e9solument fran\u00e7aise et accueillante, typiquement\u00a0bourgeoise, assur\u00e9ment revisit\u00e9e par ses propri\u00e9taires \u00e9pris de voyages, tel est l\u2019esprit de la demeure LE CELADON.<\/p>\n<p>Id\u00e9alement situ\u00e9e, <strong>au c\u0153ur du centre ville<\/strong> et en retrait de rue, sa belle fa\u00e7ade force la curiosit\u00e9 et l\u2019admiration.<\/p>\n<p>Apr\u00e8s l\u2019all\u00e9e d\u2019acc\u00e8s, le perron conduit \u00e0 l\u2019entr\u00e9e traversante d\u2019o\u00f9 l\u2019on acc\u00e8de tant au parc qu\u2019aux pi\u00e8ces de r\u00e9ception, au petit bureau, \u00e0 la serre et \u00e0 la cuisine familiale.<\/p>\n<h2><\/h2>\n<h2>Modernit\u00e9, confort et respectueuse restauration<\/h2>\n<p>Restaur\u00e9e avec go\u00fbt, la demeure a conserv\u00e9 de son pass\u00e9 carrelages, stucs, boiseries, chemin\u00e9es et parquets anciens. Elle a emprunt\u00e9 \u00e0 notre temps, sa modernit\u00e9 et son confort (sanitaires, cuisine, bains, piscine et pool-house).<br \/>\n<strong>Magnifi\u00e9e \u00e0 la suite de sa remise en beaut\u00e9<\/strong>, elle a gagn\u00e9 en <strong>charme et \u00e9l\u00e9gance<\/strong> et est devenue une grande dame.<\/p>\n<ul>\n<li>Grand et petit salon, confortables canap\u00e9s et fauteuils<\/li>\n<li>Salle \u00e0 manger drap\u00e9e de vert et d\u2019accent asiatique<\/li>\n<li>Petit bureau aux notes vert de gris<\/li>\n<li>Cuisine au piano La Cornue, gourmande et chaleureuse,<\/li>\n<li>Serre baign\u00e9e de lumi\u00e8re,<br \/>\ns\u2019articulent autour de l\u2019entr\u00e9e majestueuse pour former un harmonieux et vaste ensemble acc\u00e9dant directement sur le grand parc situ\u00e9 \u00e0 l\u2019arri\u00e8re de la demeure.<\/li>\n<\/ul>\n<p><img decoding=\"async\" loading=\"lazy\" class=\"aligncenter wp-image-773 size-large\" src=\"\/wp-content\/uploads\/2017\/04\/salon_le_celadon-1116x745.jpg\" alt=\"\" width=\"1116\" height=\"745\" srcset=\"https:\/\/www.le-celadon.fr\/wp-content\/uploads\/2017\/04\/salon_le_celadon-1116x745.jpg 1116w, https:\/\/www.le-celadon.fr\/wp-content\/uploads\/2017\/04\/salon_le_celadon-566x378.jpg 566w, https:\/\/www.le-celadon.fr\/wp-content\/uploads\/2017\/04\/salon_le_celadon-768x513.jpg 768w, https:\/\/www.le-celadon.fr\/wp-content\/uploads\/2017\/04\/salon_le_celadon-360x240.jpg 360w, https:\/\/www.le-celadon.fr\/wp-content\/uploads\/2017\/04\/salon_le_celadon-312x208.jpg 312w, https:\/\/www.le-celadon.fr\/wp-content\/uploads\/2017\/04\/salon_le_celadon-1618x1080.jpg 1618w, https:\/\/www.le-celadon.fr\/wp-content\/uploads\/2017\/04\/salon_le_celadon-88x59.jpg 88w, https:\/\/www.le-celadon.fr\/wp-content\/uploads\/2017\/04\/salon_le_celadon-75x50.jpg 75w, https:\/\/www.le-celadon.fr\/wp-content\/uploads\/2017\/04\/salon_le_celadon-1920x1281.jpg 1920w, https:\/\/www.le-celadon.fr\/wp-content\/uploads\/2017\/04\/salon_le_celadon-321x214.jpg 321w\" sizes=\"(max-width: 1116px) 100vw, 1116px\" \/><\/p>\n<p>&nbsp;<\/p>\n<p>Dot\u00e9 d\u2019une mare proche de la terrasse, <strong>le parc aux arbres centenaires<\/strong> communique avec la <strong>piscine s\u00e9curis\u00e9e et le pool-house<\/strong> r\u00e9solument moderne, o\u00f9 accents marins de l\u2019ouest de la France et souvenirs t\u00e9moignent du patrimoine notarial originel.<\/p>\n<p>Plusieurs terrasses, jacuzzi et lieux de repos compl\u00e8tent l\u2019ensemble ext\u00e9rieur, <strong>lieu privil\u00e9gi\u00e9 des soir\u00e9es estivales<\/strong> au soleil couchant et des petits d\u00e9jeuners \u00e0 la fran\u00e7aise.<\/p>\n<h2>D\u00e9coration aux accents du voyage<\/h2>\n<p><img decoding=\"async\" loading=\"lazy\" class=\"alignright wp-image-1188 size-medium\" src=\"\/wp-content\/uploads\/2017\/04\/le_salon_le_celadon-566x377.jpg\" alt=\"\" width=\"566\" height=\"377\" srcset=\"https:\/\/www.le-celadon.fr\/wp-content\/uploads\/2017\/04\/le_salon_le_celadon-566x377.jpg 566w, https:\/\/www.le-celadon.fr\/wp-content\/uploads\/2017\/04\/le_salon_le_celadon-768x512.jpg 768w, https:\/\/www.le-celadon.fr\/wp-content\/uploads\/2017\/04\/le_salon_le_celadon-1116x744.jpg 1116w, https:\/\/www.le-celadon.fr\/wp-content\/uploads\/2017\/04\/le_salon_le_celadon-360x240.jpg 360w, https:\/\/www.le-celadon.fr\/wp-content\/uploads\/2017\/04\/le_salon_le_celadon-312x208.jpg 312w, https:\/\/www.le-celadon.fr\/wp-content\/uploads\/2017\/04\/le_salon_le_celadon-1620x1080.jpg 1620w, https:\/\/www.le-celadon.fr\/wp-content\/uploads\/2017\/04\/le_salon_le_celadon-89x59.jpg 89w, https:\/\/www.le-celadon.fr\/wp-content\/uploads\/2017\/04\/le_salon_le_celadon-75x50.jpg 75w, https:\/\/www.le-celadon.fr\/wp-content\/uploads\/2017\/04\/le_salon_le_celadon-1920x1280.jpg 1920w, https:\/\/www.le-celadon.fr\/wp-content\/uploads\/2017\/04\/le_salon_le_celadon-321x214.jpg 321w\" sizes=\"(max-width: 566px) 100vw, 566px\" \/>Chacune des pi\u00e8ces de la maison r\u00e9v\u00e8le sa personnalit\u00e9\u00a0et \u00e9voque un lieu ou une rencontre artistique \u00e0 travers ses\u00a0<strong>objets anciens et ses souvenirs<\/strong> <strong>rapport\u00e9s des voyages<\/strong> de ses propri\u00e9taires.<\/p>\n<p>Harmonieusement diss\u00e9min\u00e9s dans les diff\u00e9rentes pi\u00e8ces, ils nourrissent et accompagnent soir\u00e9es, rencontres et discussions.<\/p>\n<p>Le grand escalier en bois de ch\u00eane m\u00e8ne aux espaces intimes des deux \u00e9tages sup\u00e9rieurs d\u00e9di\u00e9s aux quatre confortables chambres d\u2019h\u00f4tes :<\/p>\n<p>\u00ab PERLE \u00bb, \u00ab NACRE \u00bb, \u00ab JADE \u00bb et \u00ab AMBRE\u00a0\u00bb affirment chacune leurs couleurs et partagent la s\u00e9r\u00e9nit\u00e9 du site et le salon priv\u00e9 \u00ab ANAKHA \u00bb situ\u00e9 au 2\u00e8me \u00e9tage, lieu de bien \u00eatre, de lecture et de convivialit\u00e9.<\/p>\n<p><strong>LE PETIT CELADON<\/strong>, suite familiale situ\u00e9e dans le jardin avec acc\u00e8s et jardin potager privatif compl\u00e8te cet ensemble.<\/p>\n<p>&nbsp;<\/p>\n<p>&nbsp;<\/p>\n<p>&nbsp;<\/p>\n<h2><\/h2>\n","protected":false},"excerpt":{"rendered":"<p>Le Charme d&rsquo;une \u00e9l\u00e9gante maison fran\u00e7aise R\u00e9solument fran\u00e7aise et accueillante, typiquement\u00a0bourgeoise, assur\u00e9ment revisit\u00e9e par ses propri\u00e9taires \u00e9pris de voyages, tel est l\u2019esprit de la demeure LE CELADON. Id\u00e9alement situ\u00e9e, au c\u0153ur du centre ville et en retrait de rue, sa belle fa\u00e7ade force la curiosit\u00e9 et l\u2019admiration. Apr\u00e8s l\u2019all\u00e9e d\u2019acc\u00e8s, le perron conduit \u00e0 l\u2019entr\u00e9e traversante d\u2019o\u00f9 l\u2019on acc\u00e8de tant &hellip; <a href=\"https:\/\/www.le-celadon.fr\/fr\/la-maison\/\" class=\"more\"><\/a><\/p>\n","protected":false},"author":3,"featured_media":0,"parent":0,"menu_order":0,"comment_status":"closed","ping_status":"closed","template":"","meta":{"footnotes":""},"acf":[],"yoast_head":"<!-- This site is optimized with the Yoast SEO plugin v22.6 - https:\/\/yoast.com\/wordpress\/plugins\/seo\/ -->\n<title>La Maison - Le C\u00e9ladon<\/title>\n<meta name=\"description\" content=\"Restaur\u00e9e avec go\u00fbt, la demeure LE CELADON a conserv\u00e9 de son pass\u00e9 carrelages, stucs, boiseries, chemin\u00e9es et parquets anciens.\" \/>\n<meta name=\"robots\" content=\"index, follow, max-snippet:-1, max-image-preview:large, max-video-preview:-1\" \/>\n<link rel=\"canonical\" href=\"https:\/\/www.le-celadon.fr\/fr\/la-maison\/\" \/>\n<meta property=\"og:locale\" content=\"fr_FR\" \/>\n<meta property=\"og:type\" content=\"article\" \/>\n<meta property=\"og:title\" content=\"La Maison - Le C\u00e9ladon\" \/>\n<meta property=\"og:description\" content=\"Restaur\u00e9e avec go\u00fbt, la demeure LE CELADON a conserv\u00e9 de son pass\u00e9 carrelages, stucs, boiseries, chemin\u00e9es et parquets anciens.\" \/>\n<meta property=\"og:url\" content=\"https:\/\/www.le-celadon.fr\/fr\/la-maison\/\" \/>\n<meta property=\"og:site_name\" content=\"Celadon\" \/>\n<meta property=\"article:publisher\" content=\"https:\/\/www.facebook.com\/Le-C%c3%a9ladon-Maison-dh%c3%b4te-de-charme-985842411553284\/\" \/>\n<meta property=\"article:modified_time\" content=\"2025-07-15T17:15:36+00:00\" \/>\n<meta name=\"twitter:card\" content=\"summary_large_image\" \/>\n<meta name=\"twitter:label1\" content=\"Dur\u00e9e de lecture estim\u00e9e\" \/>\n\t<meta name=\"twitter:data1\" content=\"3 minutes\" \/>\n<script type=\"application\/ld+json\" class=\"yoast-schema-graph\">{\"@context\":\"https:\/\/schema.org\",\"@graph\":[{\"@type\":\"WebPage\",\"@id\":\"https:\/\/www.le-celadon.fr\/fr\/la-maison\/\",\"url\":\"https:\/\/www.le-celadon.fr\/fr\/la-maison\/\",\"name\":\"La Maison - Le C\u00e9ladon\",\"isPartOf\":{\"@id\":\"https:\/\/www.le-celadon.fr\/fr\/#website\"},\"datePublished\":\"2017-04-17T15:28:03+00:00\",\"dateModified\":\"2025-07-15T17:15:36+00:00\",\"description\":\"Restaur\u00e9e avec go\u00fbt, la demeure LE CELADON a conserv\u00e9 de son pass\u00e9 carrelages, stucs, boiseries, chemin\u00e9es et parquets anciens.\",\"breadcrumb\":{\"@id\":\"https:\/\/www.le-celadon.fr\/fr\/la-maison\/#breadcrumb\"},\"inLanguage\":\"fr-FR\",\"potentialAction\":[{\"@type\":\"ReadAction\",\"target\":[\"https:\/\/www.le-celadon.fr\/fr\/la-maison\/\"]}]},{\"@type\":\"BreadcrumbList\",\"@id\":\"https:\/\/www.le-celadon.fr\/fr\/la-maison\/#breadcrumb\",\"itemListElement\":[{\"@type\":\"ListItem\",\"position\":1,\"name\":\"Home\",\"item\":\"https:\/\/www.le-celadon.fr\/fr\/\"},{\"@type\":\"ListItem\",\"position\":2,\"name\":\"La Maison\"}]},{\"@type\":\"WebSite\",\"@id\":\"https:\/\/www.le-celadon.fr\/fr\/#website\",\"url\":\"https:\/\/www.le-celadon.fr\/fr\/\",\"name\":\"Celadon\",\"description\":\"Maison d&#039;h\u00f4tes de charme proche du Puy du Fou\",\"publisher\":{\"@id\":\"https:\/\/www.le-celadon.fr\/fr\/#organization\"},\"potentialAction\":[{\"@type\":\"SearchAction\",\"target\":{\"@type\":\"EntryPoint\",\"urlTemplate\":\"https:\/\/www.le-celadon.fr\/fr\/?s={search_term_string}\"},\"query-input\":\"required name=search_term_string\"}],\"inLanguage\":\"fr-FR\"},{\"@type\":\"Organization\",\"@id\":\"https:\/\/www.le-celadon.fr\/fr\/#organization\",\"name\":\"Le C\u00e9ladon\",\"url\":\"https:\/\/www.le-celadon.fr\/fr\/\",\"logo\":{\"@type\":\"ImageObject\",\"inLanguage\":\"fr-FR\",\"@id\":\"https:\/\/www.le-celadon.fr\/fr\/#\/schema\/logo\/image\/\",\"url\":\"https:\/\/www.le-celadon.fr\/wp-content\/uploads\/2017\/04\/header-logo.png\",\"contentUrl\":\"https:\/\/www.le-celadon.fr\/wp-content\/uploads\/2017\/04\/header-logo.png\",\"width\":275,\"height\":59,\"caption\":\"Le C\u00e9ladon\"},\"image\":{\"@id\":\"https:\/\/www.le-celadon.fr\/fr\/#\/schema\/logo\/image\/\"},\"sameAs\":[\"https:\/\/www.facebook.com\/Le-C\u00e9ladon-Maison-dh\u00f4te-de-charme-985842411553284\/\"]}]}<\/script>\n<!-- \/ Yoast SEO plugin. -->","yoast_head_json":{"title":"La Maison - Le C\u00e9ladon","description":"Restaur\u00e9e avec go\u00fbt, la demeure LE CELADON a conserv\u00e9 de son pass\u00e9 carrelages, stucs, boiseries, chemin\u00e9es et parquets anciens.","robots":{"index":"index","follow":"follow","max-snippet":"max-snippet:-1","max-image-preview":"max-image-preview:large","max-video-preview":"max-video-preview:-1"},"canonical":"https:\/\/www.le-celadon.fr\/fr\/la-maison\/","og_locale":"fr_FR","og_type":"article","og_title":"La Maison - Le C\u00e9ladon","og_description":"Restaur\u00e9e avec go\u00fbt, la demeure LE CELADON a conserv\u00e9 de son pass\u00e9 carrelages, stucs, boiseries, chemin\u00e9es et parquets anciens.","og_url":"https:\/\/www.le-celadon.fr\/fr\/la-maison\/","og_site_name":"Celadon","article_publisher":"https:\/\/www.facebook.com\/Le-C%c3%a9ladon-Maison-dh%c3%b4te-de-charme-985842411553284\/","article_modified_time":"2025-07-15T17:15:36+00:00","twitter_card":"summary_large_image","twitter_misc":{"Dur\u00e9e de lecture estim\u00e9e":"3 minutes"},"schema":{"@context":"https:\/\/schema.org","@graph":[{"@type":"WebPage","@id":"https:\/\/www.le-celadon.fr\/fr\/la-maison\/","url":"https:\/\/www.le-celadon.fr\/fr\/la-maison\/","name":"La Maison - Le C\u00e9ladon","isPartOf":{"@id":"https:\/\/www.le-celadon.fr\/fr\/#website"},"datePublished":"2017-04-17T15:28:03+00:00","dateModified":"2025-07-15T17:15:36+00:00","description":"Restaur\u00e9e avec go\u00fbt, la demeure LE CELADON a conserv\u00e9 de son pass\u00e9 carrelages, stucs, boiseries, chemin\u00e9es et parquets anciens.","breadcrumb":{"@id":"https:\/\/www.le-celadon.fr\/fr\/la-maison\/#breadcrumb"},"inLanguage":"fr-FR","potentialAction":[{"@type":"ReadAction","target":["https:\/\/www.le-celadon.fr\/fr\/la-maison\/"]}]},{"@type":"BreadcrumbList","@id":"https:\/\/www.le-celadon.fr\/fr\/la-maison\/#breadcrumb","itemListElement":[{"@type":"ListItem","position":1,"name":"Home","item":"https:\/\/www.le-celadon.fr\/fr\/"},{"@type":"ListItem","position":2,"name":"La Maison"}]},{"@type":"WebSite","@id":"https:\/\/www.le-celadon.fr\/fr\/#website","url":"https:\/\/www.le-celadon.fr\/fr\/","name":"Celadon","description":"Maison d&#039;h\u00f4tes de charme proche du Puy du Fou","publisher":{"@id":"https:\/\/www.le-celadon.fr\/fr\/#organization"},"potentialAction":[{"@type":"SearchAction","target":{"@type":"EntryPoint","urlTemplate":"https:\/\/www.le-celadon.fr\/fr\/?s={search_term_string}"},"query-input":"required name=search_term_string"}],"inLanguage":"fr-FR"},{"@type":"Organization","@id":"https:\/\/www.le-celadon.fr\/fr\/#organization","name":"Le C\u00e9ladon","url":"https:\/\/www.le-celadon.fr\/fr\/","logo":{"@type":"ImageObject","inLanguage":"fr-FR","@id":"https:\/\/www.le-celadon.fr\/fr\/#\/schema\/logo\/image\/","url":"https:\/\/www.le-celadon.fr\/wp-content\/uploads\/2017\/04\/header-logo.png","contentUrl":"https:\/\/www.le-celadon.fr\/wp-content\/uploads\/2017\/04\/header-logo.png","width":275,"height":59,"caption":"Le C\u00e9ladon"},"image":{"@id":"https:\/\/www.le-celadon.fr\/fr\/#\/schema\/logo\/image\/"},"sameAs":["https:\/\/www.facebook.com\/Le-C\u00e9ladon-Maison-dh\u00f4te-de-charme-985842411553284\/"]}]}},"_links":{"self":[{"href":"https:\/\/www.le-celadon.fr\/fr\/wp-json\/wp\/v2\/pages\/233"}],"collection":[{"href":"https:\/\/www.le-celadon.fr\/fr\/wp-json\/wp\/v2\/pages"}],"about":[{"href":"https:\/\/www.le-celadon.fr\/fr\/wp-json\/wp\/v2\/types\/page"}],"author":[{"embeddable":true,"href":"https:\/\/www.le-celadon.fr\/fr\/wp-json\/wp\/v2\/users\/3"}],"replies":[{"embeddable":true,"href":"https:\/\/www.le-celadon.fr\/fr\/wp-json\/wp\/v2\/comments?post=233"}],"version-history":[{"count":5,"href":"https:\/\/www.le-celadon.fr\/fr\/wp-json\/wp\/v2\/pages\/233\/revisions"}],"predecessor-version":[{"id":3868,"href":"https:\/\/www.le-celadon.fr\/fr\/wp-json\/wp\/v2\/pages\/233\/revisions\/3868"}],"wp:attachment":[{"href":"https:\/\/www.le-celadon.fr\/fr\/wp-json\/wp\/v2\/media?parent=233"}],"curies":[{"name":"wp","href":"https:\/\/api.w.org\/{rel}","templated":true}]}}