{"id":236,"date":"2017-04-17T15:58:04","date_gmt":"2017-04-17T15:58:04","guid":{"rendered":"http:\/\/www.le-celadon.fr\/?page_id=236"},"modified":"2025-07-15T17:34:00","modified_gmt":"2025-07-15T17:34:00","slug":"nos-partenaires","status":"publish","type":"page","link":"https:\/\/www.le-celadon.fr\/fr\/la-maison\/nos-partenaires\/","title":{"rendered":"Nos partenaires"},"content":{"rendered":"<h1>Des partenaires \u00e0 proximit\u00e9<\/h1>\n<p>LE CELADON vous pr\u00e9sente ses partenaires pour vous garantir un s\u00e9jour inoubliable, enrichi de visites exceptionnelles et de souvenirs dans des lieux d\u2019exception.<\/p>\n<h2>Restauration<\/h2>\n<p><strong>La Robe<\/strong><br \/>\n2 rue Neuve, 85600 Montaigu-Vend\u00e9e<br \/>\n<a href=\"http:\/\/www.restaurant-la-robe.com\"><span style=\"color: #aec8b2;\">www.restaurant-la-robe.com\u00a0<\/span><\/a><br \/>\nTel : <strong>02 51 47 79 27 &#8211; 06 45 26 95 69 <\/strong><br \/>\nRestaurant une \u00e9toile au guide Michelin, \u00ab La Robe \u00bb vous propose une cuisine cr\u00e9ative et raffin\u00e9e en Vend\u00e9e.<br \/>\n<strong>Situ\u00e9 \u00e0 2 minutes \u00e0 pied de la propri\u00e9t\u00e9.<\/strong><\/p>\n<p><strong>L&rsquo;Atelier<\/strong><br \/>\n2 rue Neuve, 85600 Montaigu-Vend\u00e9e<br \/>\n<a href=\"http:\/\/www.restaurant-la-robe.com\"><span style=\"color: #aec8b2;\">www.restaurant-la-robe.com\u00a0<\/span><\/a><br \/>\nTel : <strong>02 28 97 83 16<\/strong><\/p>\n<p><strong>La Digue<\/strong><br \/>\n9 rue des abreuvrois, 85600 MONTAIGU<br \/>\n<a href=\"http:\/\/www.resto-ladigue.com\"><span style=\"color: #aec8b2;\">www.resto-ladigue.com<\/span><\/a><br \/>\nTel : <strong>02 51\u00a006 34 48<\/strong><\/p>\n<p><strong>Le 5 Bis<\/strong><br \/>\n5 rue de la Boucherie, 85600 Montaigu-Vend\u00e9e<br \/>\nTel : <strong>02 51 94 14 16<\/strong><\/p>\n<p><strong>Les Burgers du Bocage<\/strong><br \/>\n23 rue Georges Cl\u00e9menceau, 85600 Montaigu-Vend\u00e9e<br \/>\nTel : 02 51 40 29 85<\/p>\n<p><strong>Le Bonheur d\u2019Asie<\/strong><br \/>\n2 rue du Colonel Taylor, 85600 Montaigu-Vend\u00e9e<br \/>\nTel : <strong>02 51 06 32 69<\/strong><\/p>\n<p><strong>Le Galetas<\/strong><br \/>\n33 ter avenue Villebois Mareuil, 85600 Montaigu-Vend\u00e9e<br \/>\nTel : <strong>02 51 94 16 01<\/strong><\/p>\n<p><strong>Le Troisi\u00e8me<\/strong><br \/>\n3 place Dugast Matifeux, 85600 Montaigu-Vend\u00e9e<br \/>\nTel : <strong>02 51 46 35 42<\/strong><\/p>\n<p><strong>La Bulle<\/strong><br \/>\n4 place Dugast Matifeux, 85600 Montaigu-Vend\u00e9e<br \/>\nTel : <strong>09 67 43 51 48<\/strong><\/p>\n<h2>Restauration rapide &#8211; Traiteurs<\/h2>\n<p>\u2022 Charcuterie Gautron<br \/>\n\u2022 Maison Robin<br \/>\n\u2022 Le Grignon Snack<br \/>\n\u2022 Maison Planchot<br \/>\n\u2022 Chez Lee\u2019V<\/p>\n<h2>Presse<\/h2>\n<p><strong>Maison de la Presse<\/strong><br \/>\n6 place du Champ de Foire,<br \/>\n85600 MONTAIGU<br \/>\n<a href=\"http:\/\/www.maisondelapresse.tm.fr\/\" target=\"_blank\" rel=\"noopener noreferrer\">www.maisondelapresse.tm.fr<\/a><br \/>\nTel : <strong>02 51 48 81 47<\/strong><\/p>\n<h2>Tourisme<\/h2>\n<p><strong>Office du Tourisme<\/strong><br \/>\n67 rue Georges\u00a0Cl\u00e9menceau, 85600 MONTAIGU<br \/>\n<a href=\"http:\/\/www.officedetourisme.terresdemontaigu.fr\/\" target=\"_blank\" rel=\"noopener noreferrer\">www.officedetourisme.terresdemontaigu.fr<\/a><br \/>\nTel : <strong>02 51 06 39 17<\/strong><\/p>\n<h2>Boutiques<\/h2>\n<p>&nbsp;<\/p>\n<p><strong>Matou concept store<br \/>\n<\/strong>45 rue Georges\u00a0Clemenceau,\u00a085600 MONTAIGU<\/p>\n<h2>Beaut\u00e9<\/h2>\n<p><strong>Studio CL<\/strong><br \/>\nTel : <strong>06 81 74 63 65<\/strong><\/p>\n<h2>Transport<\/h2>\n<p><strong>Vend\u00e9e Transports Services<\/strong><br \/>\n1 rue Saint-Martin, 85600\u00a0Saint-Georges- de- Montaigu<br \/>\nTel : <strong>06 76 40 98 15<\/strong><\/p>\n","protected":false},"excerpt":{"rendered":"<p>Des partenaires \u00e0 proximit\u00e9 LE CELADON vous pr\u00e9sente ses partenaires pour vous garantir un s\u00e9jour inoubliable, enrichi de visites exceptionnelles et de souvenirs dans des lieux d\u2019exception. Restauration La Robe 2 rue Neuve, 85600 Montaigu-Vend\u00e9e www.restaurant-la-robe.com\u00a0 Tel : 02 51 47 79 27 &#8211; 06 45 26 95 69 Restaurant une \u00e9toile au guide Michelin, \u00ab La Robe \u00bb vous &hellip; <a href=\"https:\/\/www.le-celadon.fr\/fr\/la-maison\/nos-partenaires\/\" class=\"more\"><\/a><\/p>\n","protected":false},"author":3,"featured_media":0,"parent":233,"menu_order":0,"comment_status":"closed","ping_status":"closed","template":"","meta":{"footnotes":""},"acf":[],"yoast_head":"<!-- This site is optimized with the Yoast SEO plugin v22.6 - https:\/\/yoast.com\/wordpress\/plugins\/seo\/ -->\n<title>Nos partenaires - Le C\u00e9ladon<\/title>\n<meta name=\"description\" content=\"Le C\u00e9ladon vous fait part de ses partenaires pour vous garantir un s\u00e9jour inoubliable agr\u00e9ment\u00e9 de visites et de souvenirs dans des endroits de choix.\" \/>\n<meta name=\"robots\" content=\"index, follow, max-snippet:-1, max-image-preview:large, max-video-preview:-1\" \/>\n<link rel=\"canonical\" href=\"https:\/\/www.le-celadon.fr\/fr\/la-maison\/nos-partenaires\/\" \/>\n<meta property=\"og:locale\" content=\"fr_FR\" \/>\n<meta property=\"og:type\" content=\"article\" \/>\n<meta property=\"og:title\" content=\"Nos partenaires - Le C\u00e9ladon\" \/>\n<meta property=\"og:description\" content=\"Le C\u00e9ladon vous fait part de ses partenaires pour vous garantir un s\u00e9jour inoubliable agr\u00e9ment\u00e9 de visites et de souvenirs dans des endroits de choix.\" \/>\n<meta property=\"og:url\" content=\"https:\/\/www.le-celadon.fr\/fr\/la-maison\/nos-partenaires\/\" \/>\n<meta property=\"og:site_name\" content=\"Celadon\" \/>\n<meta property=\"article:publisher\" content=\"https:\/\/www.facebook.com\/Le-C%c3%a9ladon-Maison-dh%c3%b4te-de-charme-985842411553284\/\" \/>\n<meta property=\"article:modified_time\" content=\"2025-07-15T17:34:00+00:00\" \/>\n<meta name=\"twitter:card\" content=\"summary_large_image\" \/>\n<meta name=\"twitter:label1\" content=\"Dur\u00e9e de lecture estim\u00e9e\" \/>\n\t<meta name=\"twitter:data1\" content=\"2 minutes\" \/>\n<script type=\"application\/ld+json\" class=\"yoast-schema-graph\">{\"@context\":\"https:\/\/schema.org\",\"@graph\":[{\"@type\":\"WebPage\",\"@id\":\"https:\/\/www.le-celadon.fr\/fr\/la-maison\/nos-partenaires\/\",\"url\":\"https:\/\/www.le-celadon.fr\/fr\/la-maison\/nos-partenaires\/\",\"name\":\"Nos partenaires - Le C\u00e9ladon\",\"isPartOf\":{\"@id\":\"https:\/\/www.le-celadon.fr\/fr\/#website\"},\"datePublished\":\"2017-04-17T15:58:04+00:00\",\"dateModified\":\"2025-07-15T17:34:00+00:00\",\"description\":\"Le C\u00e9ladon vous fait part de ses partenaires pour vous garantir un s\u00e9jour inoubliable agr\u00e9ment\u00e9 de visites et de souvenirs dans des endroits de choix.\",\"breadcrumb\":{\"@id\":\"https:\/\/www.le-celadon.fr\/fr\/la-maison\/nos-partenaires\/#breadcrumb\"},\"inLanguage\":\"fr-FR\",\"potentialAction\":[{\"@type\":\"ReadAction\",\"target\":[\"https:\/\/www.le-celadon.fr\/fr\/la-maison\/nos-partenaires\/\"]}]},{\"@type\":\"BreadcrumbList\",\"@id\":\"https:\/\/www.le-celadon.fr\/fr\/la-maison\/nos-partenaires\/#breadcrumb\",\"itemListElement\":[{\"@type\":\"ListItem\",\"position\":1,\"name\":\"Home\",\"item\":\"https:\/\/www.le-celadon.fr\/fr\/\"},{\"@type\":\"ListItem\",\"position\":2,\"name\":\"La Maison\",\"item\":\"https:\/\/www.le-celadon.fr\/fr\/la-maison\/\"},{\"@type\":\"ListItem\",\"position\":3,\"name\":\"Nos partenaires\"}]},{\"@type\":\"WebSite\",\"@id\":\"https:\/\/www.le-celadon.fr\/fr\/#website\",\"url\":\"https:\/\/www.le-celadon.fr\/fr\/\",\"name\":\"Celadon\",\"description\":\"Maison d&#039;h\u00f4tes de charme proche du Puy du Fou\",\"publisher\":{\"@id\":\"https:\/\/www.le-celadon.fr\/fr\/#organization\"},\"potentialAction\":[{\"@type\":\"SearchAction\",\"target\":{\"@type\":\"EntryPoint\",\"urlTemplate\":\"https:\/\/www.le-celadon.fr\/fr\/?s={search_term_string}\"},\"query-input\":\"required name=search_term_string\"}],\"inLanguage\":\"fr-FR\"},{\"@type\":\"Organization\",\"@id\":\"https:\/\/www.le-celadon.fr\/fr\/#organization\",\"name\":\"Le C\u00e9ladon\",\"url\":\"https:\/\/www.le-celadon.fr\/fr\/\",\"logo\":{\"@type\":\"ImageObject\",\"inLanguage\":\"fr-FR\",\"@id\":\"https:\/\/www.le-celadon.fr\/fr\/#\/schema\/logo\/image\/\",\"url\":\"https:\/\/www.le-celadon.fr\/wp-content\/uploads\/2017\/04\/header-logo.png\",\"contentUrl\":\"https:\/\/www.le-celadon.fr\/wp-content\/uploads\/2017\/04\/header-logo.png\",\"width\":275,\"height\":59,\"caption\":\"Le C\u00e9ladon\"},\"image\":{\"@id\":\"https:\/\/www.le-celadon.fr\/fr\/#\/schema\/logo\/image\/\"},\"sameAs\":[\"https:\/\/www.facebook.com\/Le-C\u00e9ladon-Maison-dh\u00f4te-de-charme-985842411553284\/\"]}]}<\/script>\n<!-- \/ Yoast SEO plugin. -->","yoast_head_json":{"title":"Nos partenaires - Le C\u00e9ladon","description":"Le C\u00e9ladon vous fait part de ses partenaires pour vous garantir un s\u00e9jour inoubliable agr\u00e9ment\u00e9 de visites et de souvenirs dans des endroits de choix.","robots":{"index":"index","follow":"follow","max-snippet":"max-snippet:-1","max-image-preview":"max-image-preview:large","max-video-preview":"max-video-preview:-1"},"canonical":"https:\/\/www.le-celadon.fr\/fr\/la-maison\/nos-partenaires\/","og_locale":"fr_FR","og_type":"article","og_title":"Nos partenaires - Le C\u00e9ladon","og_description":"Le C\u00e9ladon vous fait part de ses partenaires pour vous garantir un s\u00e9jour inoubliable agr\u00e9ment\u00e9 de visites et de souvenirs dans des endroits de choix.","og_url":"https:\/\/www.le-celadon.fr\/fr\/la-maison\/nos-partenaires\/","og_site_name":"Celadon","article_publisher":"https:\/\/www.facebook.com\/Le-C%c3%a9ladon-Maison-dh%c3%b4te-de-charme-985842411553284\/","article_modified_time":"2025-07-15T17:34:00+00:00","twitter_card":"summary_large_image","twitter_misc":{"Dur\u00e9e de lecture estim\u00e9e":"2 minutes"},"schema":{"@context":"https:\/\/schema.org","@graph":[{"@type":"WebPage","@id":"https:\/\/www.le-celadon.fr\/fr\/la-maison\/nos-partenaires\/","url":"https:\/\/www.le-celadon.fr\/fr\/la-maison\/nos-partenaires\/","name":"Nos partenaires - Le C\u00e9ladon","isPartOf":{"@id":"https:\/\/www.le-celadon.fr\/fr\/#website"},"datePublished":"2017-04-17T15:58:04+00:00","dateModified":"2025-07-15T17:34:00+00:00","description":"Le C\u00e9ladon vous fait part de ses partenaires pour vous garantir un s\u00e9jour inoubliable agr\u00e9ment\u00e9 de visites et de souvenirs dans des endroits de choix.","breadcrumb":{"@id":"https:\/\/www.le-celadon.fr\/fr\/la-maison\/nos-partenaires\/#breadcrumb"},"inLanguage":"fr-FR","potentialAction":[{"@type":"ReadAction","target":["https:\/\/www.le-celadon.fr\/fr\/la-maison\/nos-partenaires\/"]}]},{"@type":"BreadcrumbList","@id":"https:\/\/www.le-celadon.fr\/fr\/la-maison\/nos-partenaires\/#breadcrumb","itemListElement":[{"@type":"ListItem","position":1,"name":"Home","item":"https:\/\/www.le-celadon.fr\/fr\/"},{"@type":"ListItem","position":2,"name":"La Maison","item":"https:\/\/www.le-celadon.fr\/fr\/la-maison\/"},{"@type":"ListItem","position":3,"name":"Nos partenaires"}]},{"@type":"WebSite","@id":"https:\/\/www.le-celadon.fr\/fr\/#website","url":"https:\/\/www.le-celadon.fr\/fr\/","name":"Celadon","description":"Maison d&#039;h\u00f4tes de charme proche du Puy du Fou","publisher":{"@id":"https:\/\/www.le-celadon.fr\/fr\/#organization"},"potentialAction":[{"@type":"SearchAction","target":{"@type":"EntryPoint","urlTemplate":"https:\/\/www.le-celadon.fr\/fr\/?s={search_term_string}"},"query-input":"required name=search_term_string"}],"inLanguage":"fr-FR"},{"@type":"Organization","@id":"https:\/\/www.le-celadon.fr\/fr\/#organization","name":"Le C\u00e9ladon","url":"https:\/\/www.le-celadon.fr\/fr\/","logo":{"@type":"ImageObject","inLanguage":"fr-FR","@id":"https:\/\/www.le-celadon.fr\/fr\/#\/schema\/logo\/image\/","url":"https:\/\/www.le-celadon.fr\/wp-content\/uploads\/2017\/04\/header-logo.png","contentUrl":"https:\/\/www.le-celadon.fr\/wp-content\/uploads\/2017\/04\/header-logo.png","width":275,"height":59,"caption":"Le C\u00e9ladon"},"image":{"@id":"https:\/\/www.le-celadon.fr\/fr\/#\/schema\/logo\/image\/"},"sameAs":["https:\/\/www.facebook.com\/Le-C\u00e9ladon-Maison-dh\u00f4te-de-charme-985842411553284\/"]}]}},"_links":{"self":[{"href":"https:\/\/www.le-celadon.fr\/fr\/wp-json\/wp\/v2\/pages\/236"}],"collection":[{"href":"https:\/\/www.le-celadon.fr\/fr\/wp-json\/wp\/v2\/pages"}],"about":[{"href":"https:\/\/www.le-celadon.fr\/fr\/wp-json\/wp\/v2\/types\/page"}],"author":[{"embeddable":true,"href":"https:\/\/www.le-celadon.fr\/fr\/wp-json\/wp\/v2\/users\/3"}],"replies":[{"embeddable":true,"href":"https:\/\/www.le-celadon.fr\/fr\/wp-json\/wp\/v2\/comments?post=236"}],"version-history":[{"count":5,"href":"https:\/\/www.le-celadon.fr\/fr\/wp-json\/wp\/v2\/pages\/236\/revisions"}],"predecessor-version":[{"id":3888,"href":"https:\/\/www.le-celadon.fr\/fr\/wp-json\/wp\/v2\/pages\/236\/revisions\/3888"}],"up":[{"embeddable":true,"href":"https:\/\/www.le-celadon.fr\/fr\/wp-json\/wp\/v2\/pages\/233"}],"wp:attachment":[{"href":"https:\/\/www.le-celadon.fr\/fr\/wp-json\/wp\/v2\/media?parent=236"}],"curies":[{"name":"wp","href":"https:\/\/api.w.org\/{rel}","templated":true}]}}