{"id":240,"date":"2017-04-17T16:11:26","date_gmt":"2017-04-17T16:11:26","guid":{"rendered":"http:\/\/www.le-celadon.fr\/?page_id=240"},"modified":"2025-07-15T17:16:51","modified_gmt":"2025-07-15T17:16:51","slug":"les-services","status":"publish","type":"page","link":"https:\/\/www.le-celadon.fr\/fr\/la-maison\/les-services\/","title":{"rendered":"Les Services"},"content":{"rendered":"<h1>Accueil et Attentions<\/h1>\n<p>Le C\u00e9ladon est une demeure caract\u00e9ristique du patrimoine fran\u00e7ais du XIX\u00e8me si\u00e8cle. Situ\u00e9e \u00e0 30 min du \u00a0Puy du Fou et de Nantes, elle est l\u2019occasion d\u2019une\u00a0<strong>halte gourmande, luxueuse et reposante<\/strong> dans un \u00e9crin de verdure.<\/p>\n<p>&nbsp;<br \/>\n<img decoding=\"async\" loading=\"lazy\" class=\"wp-image-3228 alignright\" src=\"https:\/\/www.le-celadon.fr\/wp-content\/uploads\/2020\/06\/233D-1-scaled.jpg\" alt=\"\" width=\"400\" height=\"300\" srcset=\"https:\/\/www.le-celadon.fr\/wp-content\/uploads\/2020\/06\/233D-1-scaled.jpg 2560w, https:\/\/www.le-celadon.fr\/wp-content\/uploads\/2020\/06\/233D-1-566x425.jpg 566w, https:\/\/www.le-celadon.fr\/wp-content\/uploads\/2020\/06\/233D-1-1116x837.jpg 1116w, https:\/\/www.le-celadon.fr\/wp-content\/uploads\/2020\/06\/233D-1-768x576.jpg 768w, https:\/\/www.le-celadon.fr\/wp-content\/uploads\/2020\/06\/233D-1-1536x1152.jpg 1536w, https:\/\/www.le-celadon.fr\/wp-content\/uploads\/2020\/06\/233D-1-2048x1536.jpg 2048w, https:\/\/www.le-celadon.fr\/wp-content\/uploads\/2020\/06\/233D-1-360x270.jpg 360w, https:\/\/www.le-celadon.fr\/wp-content\/uploads\/2020\/06\/233D-1-312x234.jpg 312w, https:\/\/www.le-celadon.fr\/wp-content\/uploads\/2020\/06\/233D-1-1440x1080.jpg 1440w, https:\/\/www.le-celadon.fr\/wp-content\/uploads\/2020\/06\/233D-1-79x59.jpg 79w, https:\/\/www.le-celadon.fr\/wp-content\/uploads\/2020\/06\/233D-1-67x50.jpg 67w, https:\/\/www.le-celadon.fr\/wp-content\/uploads\/2020\/06\/233D-1-1920x1440.jpg 1920w, https:\/\/www.le-celadon.fr\/wp-content\/uploads\/2020\/06\/233D-1-321x241.jpg 321w\" sizes=\"(max-width: 400px) 100vw, 400px\" \/><\/p>\n<h2>Petits D\u00e9jeuners<\/h2>\n<p>L\u2019\u00e9t\u00e9, les petits d\u00e9jeuners sont servis sur la grande terrasse ou dans la serre en fonction de la m\u00e9t\u00e9o.<\/p>\n<p>L\u2019hiver, ils sont propos\u00e9s dans la salle \u00e0 manger.<\/p>\n<p>Produits frais, confitures et viennoiseries maison, tout est fait pour vous accueillir et partager les lieux dans un esprit familial et chaleureux.<\/p>\n<p>&nbsp;<\/p>\n<h2>Tout au long de la journ\u00e9e<\/h2>\n<p><img decoding=\"async\" loading=\"lazy\" class=\"wp-image-3233 alignright\" src=\"https:\/\/www.le-celadon.fr\/wp-content\/uploads\/2020\/06\/23C4-min-scaled.jpg\" alt=\"\" width=\"400\" height=\"300\" srcset=\"https:\/\/www.le-celadon.fr\/wp-content\/uploads\/2020\/06\/23C4-min-scaled.jpg 2560w, https:\/\/www.le-celadon.fr\/wp-content\/uploads\/2020\/06\/23C4-min-566x425.jpg 566w, https:\/\/www.le-celadon.fr\/wp-content\/uploads\/2020\/06\/23C4-min-1116x837.jpg 1116w, https:\/\/www.le-celadon.fr\/wp-content\/uploads\/2020\/06\/23C4-min-768x576.jpg 768w, https:\/\/www.le-celadon.fr\/wp-content\/uploads\/2020\/06\/23C4-min-1536x1152.jpg 1536w, https:\/\/www.le-celadon.fr\/wp-content\/uploads\/2020\/06\/23C4-min-2048x1536.jpg 2048w, https:\/\/www.le-celadon.fr\/wp-content\/uploads\/2020\/06\/23C4-min-360x270.jpg 360w, https:\/\/www.le-celadon.fr\/wp-content\/uploads\/2020\/06\/23C4-min-312x234.jpg 312w, https:\/\/www.le-celadon.fr\/wp-content\/uploads\/2020\/06\/23C4-min-1440x1080.jpg 1440w, https:\/\/www.le-celadon.fr\/wp-content\/uploads\/2020\/06\/23C4-min-79x59.jpg 79w, https:\/\/www.le-celadon.fr\/wp-content\/uploads\/2020\/06\/23C4-min-67x50.jpg 67w, https:\/\/www.le-celadon.fr\/wp-content\/uploads\/2020\/06\/23C4-min-1920x1440.jpg 1920w, https:\/\/www.le-celadon.fr\/wp-content\/uploads\/2020\/06\/23C4-min-321x241.jpg 321w\" sizes=\"(max-width: 400px) 100vw, 400px\" \/>Th\u00e9s, infusions, caf\u00e9 et autres petites attentions sont \u00e0 disposition des h\u00f4tes dans la serre, \u00e0 discr\u00e9tion.<\/p>\n<p>Un micro-ondes, un r\u00e9frig\u00e9rateur et de la vaisselle sont \u00e9galement accessible aux h\u00f4tes.<\/p>\n<p>L\u2019\u00e9t\u00e9, un barbecue est install\u00e9 \u00e0 leur usage.<\/p>\n<p>&nbsp;<\/p>\n<h2>V\u00e9los et Parking<\/h2>\n<p>La r\u00e9gion est propice \u00e0 de nombreuses excursions, que ce soit \u00e0 pied ou en v\u00e9lo. Afin de sillonner les environs, Le C\u00e9ladon met \u00e0 la disposition de ses clients des v\u00e9los fournis avec casques et<br \/>\nantivols.<\/p>\n<p>Un parking gratuit et s\u00e9curis\u00e9 est disponible dans la propri\u00e9t\u00e9.<\/p>\n<p>&nbsp;<\/p>\n","protected":false},"excerpt":{"rendered":"<p>Accueil et Attentions Le C\u00e9ladon est une demeure caract\u00e9ristique du patrimoine fran\u00e7ais du XIX\u00e8me si\u00e8cle. Situ\u00e9e \u00e0 30 min du \u00a0Puy du Fou et de Nantes, elle est l\u2019occasion d\u2019une\u00a0halte gourmande, luxueuse et reposante dans un \u00e9crin de verdure. &nbsp; Petits D\u00e9jeuners L\u2019\u00e9t\u00e9, les petits d\u00e9jeuners sont servis sur la grande terrasse ou dans la serre en fonction de la &hellip; <a href=\"https:\/\/www.le-celadon.fr\/fr\/la-maison\/les-services\/\" class=\"more\"><\/a><\/p>\n","protected":false},"author":3,"featured_media":0,"parent":233,"menu_order":0,"comment_status":"closed","ping_status":"closed","template":"","meta":{"footnotes":""},"acf":[],"yoast_head":"<!-- This site is optimized with the Yoast SEO plugin v22.6 - https:\/\/yoast.com\/wordpress\/plugins\/seo\/ -->\n<title>Les services qui vous sont propos\u00e9s - Le C\u00e9ladon<\/title>\n<meta name=\"description\" content=\"Situ\u00e9e \u00e0 30 min du Puy du Fou, Le CELADON elle est l\u2019occasion pour les voyageurs d\u2019une halte gourmande, luxueuse et reposante dans un \u00e9crin de verdure.\" \/>\n<meta name=\"robots\" content=\"index, follow, max-snippet:-1, max-image-preview:large, max-video-preview:-1\" \/>\n<link rel=\"canonical\" href=\"https:\/\/www.le-celadon.fr\/fr\/la-maison\/les-services\/\" \/>\n<meta property=\"og:locale\" content=\"fr_FR\" \/>\n<meta property=\"og:type\" content=\"article\" \/>\n<meta property=\"og:title\" content=\"Les services qui vous sont propos\u00e9s - Le C\u00e9ladon\" \/>\n<meta property=\"og:description\" content=\"Situ\u00e9e \u00e0 30 min du Puy du Fou, Le CELADON elle est l\u2019occasion pour les voyageurs d\u2019une halte gourmande, luxueuse et reposante dans un \u00e9crin de verdure.\" \/>\n<meta property=\"og:url\" content=\"https:\/\/www.le-celadon.fr\/fr\/la-maison\/les-services\/\" \/>\n<meta property=\"og:site_name\" content=\"Celadon\" \/>\n<meta property=\"article:publisher\" content=\"https:\/\/www.facebook.com\/Le-C%c3%a9ladon-Maison-dh%c3%b4te-de-charme-985842411553284\/\" \/>\n<meta property=\"article:modified_time\" content=\"2025-07-15T17:16:51+00:00\" \/>\n<meta property=\"og:image\" content=\"https:\/\/www.le-celadon.fr\/wp-content\/uploads\/2020\/06\/233D-1-scaled.jpg\" \/>\n<meta name=\"twitter:card\" content=\"summary_large_image\" \/>\n<meta name=\"twitter:label1\" content=\"Dur\u00e9e de lecture estim\u00e9e\" \/>\n\t<meta name=\"twitter:data1\" content=\"2 minutes\" \/>\n<script type=\"application\/ld+json\" class=\"yoast-schema-graph\">{\"@context\":\"https:\/\/schema.org\",\"@graph\":[{\"@type\":\"WebPage\",\"@id\":\"https:\/\/www.le-celadon.fr\/fr\/la-maison\/les-services\/\",\"url\":\"https:\/\/www.le-celadon.fr\/fr\/la-maison\/les-services\/\",\"name\":\"Les services qui vous sont propos\u00e9s - Le C\u00e9ladon\",\"isPartOf\":{\"@id\":\"https:\/\/www.le-celadon.fr\/fr\/#website\"},\"primaryImageOfPage\":{\"@id\":\"https:\/\/www.le-celadon.fr\/fr\/la-maison\/les-services\/#primaryimage\"},\"image\":{\"@id\":\"https:\/\/www.le-celadon.fr\/fr\/la-maison\/les-services\/#primaryimage\"},\"thumbnailUrl\":\"https:\/\/www.le-celadon.fr\/wp-content\/uploads\/2020\/06\/233D-1-scaled.jpg\",\"datePublished\":\"2017-04-17T16:11:26+00:00\",\"dateModified\":\"2025-07-15T17:16:51+00:00\",\"description\":\"Situ\u00e9e \u00e0 30 min du Puy du Fou, Le CELADON elle est l\u2019occasion pour les voyageurs d\u2019une halte gourmande, luxueuse et reposante dans un \u00e9crin de verdure.\",\"breadcrumb\":{\"@id\":\"https:\/\/www.le-celadon.fr\/fr\/la-maison\/les-services\/#breadcrumb\"},\"inLanguage\":\"fr-FR\",\"potentialAction\":[{\"@type\":\"ReadAction\",\"target\":[\"https:\/\/www.le-celadon.fr\/fr\/la-maison\/les-services\/\"]}]},{\"@type\":\"ImageObject\",\"inLanguage\":\"fr-FR\",\"@id\":\"https:\/\/www.le-celadon.fr\/fr\/la-maison\/les-services\/#primaryimage\",\"url\":\"https:\/\/www.le-celadon.fr\/wp-content\/uploads\/2020\/06\/233D-1-scaled.jpg\",\"contentUrl\":\"https:\/\/www.le-celadon.fr\/wp-content\/uploads\/2020\/06\/233D-1-scaled.jpg\"},{\"@type\":\"BreadcrumbList\",\"@id\":\"https:\/\/www.le-celadon.fr\/fr\/la-maison\/les-services\/#breadcrumb\",\"itemListElement\":[{\"@type\":\"ListItem\",\"position\":1,\"name\":\"Home\",\"item\":\"https:\/\/www.le-celadon.fr\/fr\/\"},{\"@type\":\"ListItem\",\"position\":2,\"name\":\"La Maison\",\"item\":\"https:\/\/www.le-celadon.fr\/fr\/la-maison\/\"},{\"@type\":\"ListItem\",\"position\":3,\"name\":\"Les Services\"}]},{\"@type\":\"WebSite\",\"@id\":\"https:\/\/www.le-celadon.fr\/fr\/#website\",\"url\":\"https:\/\/www.le-celadon.fr\/fr\/\",\"name\":\"Celadon\",\"description\":\"Maison d&#039;h\u00f4tes de charme proche du Puy du Fou\",\"publisher\":{\"@id\":\"https:\/\/www.le-celadon.fr\/fr\/#organization\"},\"potentialAction\":[{\"@type\":\"SearchAction\",\"target\":{\"@type\":\"EntryPoint\",\"urlTemplate\":\"https:\/\/www.le-celadon.fr\/fr\/?s={search_term_string}\"},\"query-input\":\"required name=search_term_string\"}],\"inLanguage\":\"fr-FR\"},{\"@type\":\"Organization\",\"@id\":\"https:\/\/www.le-celadon.fr\/fr\/#organization\",\"name\":\"Le C\u00e9ladon\",\"url\":\"https:\/\/www.le-celadon.fr\/fr\/\",\"logo\":{\"@type\":\"ImageObject\",\"inLanguage\":\"fr-FR\",\"@id\":\"https:\/\/www.le-celadon.fr\/fr\/#\/schema\/logo\/image\/\",\"url\":\"https:\/\/www.le-celadon.fr\/wp-content\/uploads\/2017\/04\/header-logo.png\",\"contentUrl\":\"https:\/\/www.le-celadon.fr\/wp-content\/uploads\/2017\/04\/header-logo.png\",\"width\":275,\"height\":59,\"caption\":\"Le C\u00e9ladon\"},\"image\":{\"@id\":\"https:\/\/www.le-celadon.fr\/fr\/#\/schema\/logo\/image\/\"},\"sameAs\":[\"https:\/\/www.facebook.com\/Le-C\u00e9ladon-Maison-dh\u00f4te-de-charme-985842411553284\/\"]}]}<\/script>\n<!-- \/ Yoast SEO plugin. -->","yoast_head_json":{"title":"Les services qui vous sont propos\u00e9s - Le C\u00e9ladon","description":"Situ\u00e9e \u00e0 30 min du Puy du Fou, Le CELADON elle est l\u2019occasion pour les voyageurs d\u2019une halte gourmande, luxueuse et reposante dans un \u00e9crin de verdure.","robots":{"index":"index","follow":"follow","max-snippet":"max-snippet:-1","max-image-preview":"max-image-preview:large","max-video-preview":"max-video-preview:-1"},"canonical":"https:\/\/www.le-celadon.fr\/fr\/la-maison\/les-services\/","og_locale":"fr_FR","og_type":"article","og_title":"Les services qui vous sont propos\u00e9s - Le C\u00e9ladon","og_description":"Situ\u00e9e \u00e0 30 min du Puy du Fou, Le CELADON elle est l\u2019occasion pour les voyageurs d\u2019une halte gourmande, luxueuse et reposante dans un \u00e9crin de verdure.","og_url":"https:\/\/www.le-celadon.fr\/fr\/la-maison\/les-services\/","og_site_name":"Celadon","article_publisher":"https:\/\/www.facebook.com\/Le-C%c3%a9ladon-Maison-dh%c3%b4te-de-charme-985842411553284\/","article_modified_time":"2025-07-15T17:16:51+00:00","og_image":[{"url":"https:\/\/www.le-celadon.fr\/wp-content\/uploads\/2020\/06\/233D-1-scaled.jpg"}],"twitter_card":"summary_large_image","twitter_misc":{"Dur\u00e9e de lecture estim\u00e9e":"2 minutes"},"schema":{"@context":"https:\/\/schema.org","@graph":[{"@type":"WebPage","@id":"https:\/\/www.le-celadon.fr\/fr\/la-maison\/les-services\/","url":"https:\/\/www.le-celadon.fr\/fr\/la-maison\/les-services\/","name":"Les services qui vous sont propos\u00e9s - Le C\u00e9ladon","isPartOf":{"@id":"https:\/\/www.le-celadon.fr\/fr\/#website"},"primaryImageOfPage":{"@id":"https:\/\/www.le-celadon.fr\/fr\/la-maison\/les-services\/#primaryimage"},"image":{"@id":"https:\/\/www.le-celadon.fr\/fr\/la-maison\/les-services\/#primaryimage"},"thumbnailUrl":"https:\/\/www.le-celadon.fr\/wp-content\/uploads\/2020\/06\/233D-1-scaled.jpg","datePublished":"2017-04-17T16:11:26+00:00","dateModified":"2025-07-15T17:16:51+00:00","description":"Situ\u00e9e \u00e0 30 min du Puy du Fou, Le CELADON elle est l\u2019occasion pour les voyageurs d\u2019une halte gourmande, luxueuse et reposante dans un \u00e9crin de verdure.","breadcrumb":{"@id":"https:\/\/www.le-celadon.fr\/fr\/la-maison\/les-services\/#breadcrumb"},"inLanguage":"fr-FR","potentialAction":[{"@type":"ReadAction","target":["https:\/\/www.le-celadon.fr\/fr\/la-maison\/les-services\/"]}]},{"@type":"ImageObject","inLanguage":"fr-FR","@id":"https:\/\/www.le-celadon.fr\/fr\/la-maison\/les-services\/#primaryimage","url":"https:\/\/www.le-celadon.fr\/wp-content\/uploads\/2020\/06\/233D-1-scaled.jpg","contentUrl":"https:\/\/www.le-celadon.fr\/wp-content\/uploads\/2020\/06\/233D-1-scaled.jpg"},{"@type":"BreadcrumbList","@id":"https:\/\/www.le-celadon.fr\/fr\/la-maison\/les-services\/#breadcrumb","itemListElement":[{"@type":"ListItem","position":1,"name":"Home","item":"https:\/\/www.le-celadon.fr\/fr\/"},{"@type":"ListItem","position":2,"name":"La Maison","item":"https:\/\/www.le-celadon.fr\/fr\/la-maison\/"},{"@type":"ListItem","position":3,"name":"Les Services"}]},{"@type":"WebSite","@id":"https:\/\/www.le-celadon.fr\/fr\/#website","url":"https:\/\/www.le-celadon.fr\/fr\/","name":"Celadon","description":"Maison d&#039;h\u00f4tes de charme proche du Puy du Fou","publisher":{"@id":"https:\/\/www.le-celadon.fr\/fr\/#organization"},"potentialAction":[{"@type":"SearchAction","target":{"@type":"EntryPoint","urlTemplate":"https:\/\/www.le-celadon.fr\/fr\/?s={search_term_string}"},"query-input":"required name=search_term_string"}],"inLanguage":"fr-FR"},{"@type":"Organization","@id":"https:\/\/www.le-celadon.fr\/fr\/#organization","name":"Le C\u00e9ladon","url":"https:\/\/www.le-celadon.fr\/fr\/","logo":{"@type":"ImageObject","inLanguage":"fr-FR","@id":"https:\/\/www.le-celadon.fr\/fr\/#\/schema\/logo\/image\/","url":"https:\/\/www.le-celadon.fr\/wp-content\/uploads\/2017\/04\/header-logo.png","contentUrl":"https:\/\/www.le-celadon.fr\/wp-content\/uploads\/2017\/04\/header-logo.png","width":275,"height":59,"caption":"Le C\u00e9ladon"},"image":{"@id":"https:\/\/www.le-celadon.fr\/fr\/#\/schema\/logo\/image\/"},"sameAs":["https:\/\/www.facebook.com\/Le-C\u00e9ladon-Maison-dh\u00f4te-de-charme-985842411553284\/"]}]}},"_links":{"self":[{"href":"https:\/\/www.le-celadon.fr\/fr\/wp-json\/wp\/v2\/pages\/240"}],"collection":[{"href":"https:\/\/www.le-celadon.fr\/fr\/wp-json\/wp\/v2\/pages"}],"about":[{"href":"https:\/\/www.le-celadon.fr\/fr\/wp-json\/wp\/v2\/types\/page"}],"author":[{"embeddable":true,"href":"https:\/\/www.le-celadon.fr\/fr\/wp-json\/wp\/v2\/users\/3"}],"replies":[{"embeddable":true,"href":"https:\/\/www.le-celadon.fr\/fr\/wp-json\/wp\/v2\/comments?post=240"}],"version-history":[{"count":5,"href":"https:\/\/www.le-celadon.fr\/fr\/wp-json\/wp\/v2\/pages\/240\/revisions"}],"predecessor-version":[{"id":3870,"href":"https:\/\/www.le-celadon.fr\/fr\/wp-json\/wp\/v2\/pages\/240\/revisions\/3870"}],"up":[{"embeddable":true,"href":"https:\/\/www.le-celadon.fr\/fr\/wp-json\/wp\/v2\/pages\/233"}],"wp:attachment":[{"href":"https:\/\/www.le-celadon.fr\/fr\/wp-json\/wp\/v2\/media?parent=240"}],"curies":[{"name":"wp","href":"https:\/\/api.w.org\/{rel}","templated":true}]}}