{"id":2741,"date":"2018-04-17T10:55:39","date_gmt":"2018-04-17T10:55:39","guid":{"rendered":"http:\/\/www.le-celadon.fr\/?page_id=2741\/"},"modified":"2025-05-16T16:10:37","modified_gmt":"2025-05-16T16:10:37","slug":"presse","status":"publish","type":"page","link":"https:\/\/www.le-celadon.fr\/fr\/presse\/","title":{"rendered":"Presse"},"content":{"rendered":"<h2>Magazine Montaigu-Vend\u00e9e 2024\/2025<\/h2>\n<p><a href=\"https:\/\/www.vendeemag.fr\/tous-les-magazines-des-editions-offset-5\/montaigu-vendee-magazine-n4\/\" target=\"_blank\" rel=\"noopener\"><img decoding=\"async\" loading=\"lazy\" class=\"aligncenter wp-image-3795 size-large\" src=\"https:\/\/www.le-celadon.fr\/wp-content\/uploads\/2025\/05\/Magazine-Montaigu-Vendee-20242025-1116x742.png\" alt=\"Magazine Montaigu-Vend\u00e9e 2024\/2025\" width=\"1116\" height=\"742\" srcset=\"https:\/\/www.le-celadon.fr\/wp-content\/uploads\/2025\/05\/Magazine-Montaigu-Vendee-20242025-1116x742.png 1116w, https:\/\/www.le-celadon.fr\/wp-content\/uploads\/2025\/05\/Magazine-Montaigu-Vendee-20242025-566x376.png 566w, https:\/\/www.le-celadon.fr\/wp-content\/uploads\/2025\/05\/Magazine-Montaigu-Vendee-20242025-768x511.png 768w, https:\/\/www.le-celadon.fr\/wp-content\/uploads\/2025\/05\/Magazine-Montaigu-Vendee-20242025-360x239.png 360w, https:\/\/www.le-celadon.fr\/wp-content\/uploads\/2025\/05\/Magazine-Montaigu-Vendee-20242025-312x207.png 312w, https:\/\/www.le-celadon.fr\/wp-content\/uploads\/2025\/05\/Magazine-Montaigu-Vendee-20242025-89x59.png 89w, https:\/\/www.le-celadon.fr\/wp-content\/uploads\/2025\/05\/Magazine-Montaigu-Vendee-20242025-75x50.png 75w, https:\/\/www.le-celadon.fr\/wp-content\/uploads\/2025\/05\/Magazine-Montaigu-Vendee-20242025-321x213.png 321w, https:\/\/www.le-celadon.fr\/wp-content\/uploads\/2025\/05\/Magazine-Montaigu-Vendee-20242025.png 1465w\" sizes=\"(max-width: 1116px) 100vw, 1116px\" \/><\/a><\/p>\n<p>&nbsp;<\/p>\n<h2>Guide Petit Fut\u00e9 2025<\/h2>\n<p><a href=\"https:\/\/www.petitfute.com\/v28897-montaigu-vendee-85600\/c1166-hebergement\/c151-chambre-d-hotes\/1651528-maison-le-celadon.html\" target=\"_blank\" rel=\"noopener\"><img decoding=\"async\" loading=\"lazy\" class=\"alignleft wp-image-3802 size-full\" src=\"https:\/\/www.le-celadon.fr\/wp-content\/uploads\/2025\/05\/guide-Petit-Fute-2025.png\" alt=\"\" width=\"605\" height=\"326\" srcset=\"https:\/\/www.le-celadon.fr\/wp-content\/uploads\/2025\/05\/guide-Petit-Fute-2025.png 605w, https:\/\/www.le-celadon.fr\/wp-content\/uploads\/2025\/05\/guide-Petit-Fute-2025-566x305.png 566w, https:\/\/www.le-celadon.fr\/wp-content\/uploads\/2025\/05\/guide-Petit-Fute-2025-360x194.png 360w, https:\/\/www.le-celadon.fr\/wp-content\/uploads\/2025\/05\/guide-Petit-Fute-2025-312x168.png 312w, https:\/\/www.le-celadon.fr\/wp-content\/uploads\/2025\/05\/guide-Petit-Fute-2025-109x59.png 109w, https:\/\/www.le-celadon.fr\/wp-content\/uploads\/2025\/05\/guide-Petit-Fute-2025-93x50.png 93w, https:\/\/www.le-celadon.fr\/wp-content\/uploads\/2025\/05\/guide-Petit-Fute-2025-321x173.png 321w\" sizes=\"(max-width: 605px) 100vw, 605px\" \/><\/a><\/p>\n<h2>Le Figaro Magazine &#8211; suppl\u00e9ment 2019<\/h2>\n<h2><a href=\"https:\/\/www.le-celadon.fr\/wp-content\/uploads\/2019\/07\/Figaro.jpg\" target=\"_blank\" rel=\"noopener\"><img decoding=\"async\" loading=\"lazy\" class=\"aligncenter wp-image-2821 size-full\" src=\"https:\/\/www.le-celadon.fr\/wp-content\/uploads\/2019\/07\/Figaro.jpg\" alt=\"\" width=\"1500\" height=\"935\" srcset=\"https:\/\/www.le-celadon.fr\/wp-content\/uploads\/2019\/07\/Figaro.jpg 1500w, https:\/\/www.le-celadon.fr\/wp-content\/uploads\/2019\/07\/Figaro-566x353.jpg 566w, https:\/\/www.le-celadon.fr\/wp-content\/uploads\/2019\/07\/Figaro-768x479.jpg 768w, https:\/\/www.le-celadon.fr\/wp-content\/uploads\/2019\/07\/Figaro-1116x696.jpg 1116w, https:\/\/www.le-celadon.fr\/wp-content\/uploads\/2019\/07\/Figaro-360x224.jpg 360w, https:\/\/www.le-celadon.fr\/wp-content\/uploads\/2019\/07\/Figaro-312x194.jpg 312w, https:\/\/www.le-celadon.fr\/wp-content\/uploads\/2019\/07\/Figaro-95x59.jpg 95w, https:\/\/www.le-celadon.fr\/wp-content\/uploads\/2019\/07\/Figaro-80x50.jpg 80w, https:\/\/www.le-celadon.fr\/wp-content\/uploads\/2019\/07\/Figaro-321x200.jpg 321w\" sizes=\"(max-width: 1500px) 100vw, 1500px\" \/><\/a><\/h2>\n<p>&nbsp;<\/p>\n<h2>GEO | Hors-s\u00e9rie Escapades &#8211; mai 2019<\/h2>\n<h2><a href=\"https:\/\/www.le-celadon.fr\/wp-content\/uploads\/2019\/07\/GEO.jpg\" target=\"_blank\" rel=\"noopener\"><img decoding=\"async\" loading=\"lazy\" class=\"aligncenter wp-image-2812 size-medium\" src=\"https:\/\/www.le-celadon.fr\/wp-content\/uploads\/2019\/07\/GEO-566x253.jpg\" alt=\"\" width=\"566\" height=\"253\" srcset=\"https:\/\/www.le-celadon.fr\/wp-content\/uploads\/2019\/07\/GEO-566x253.jpg 566w, https:\/\/www.le-celadon.fr\/wp-content\/uploads\/2019\/07\/GEO-768x343.jpg 768w, https:\/\/www.le-celadon.fr\/wp-content\/uploads\/2019\/07\/GEO-1116x498.jpg 1116w, https:\/\/www.le-celadon.fr\/wp-content\/uploads\/2019\/07\/GEO-360x161.jpg 360w, https:\/\/www.le-celadon.fr\/wp-content\/uploads\/2019\/07\/GEO-312x139.jpg 312w, https:\/\/www.le-celadon.fr\/wp-content\/uploads\/2019\/07\/GEO-132x59.jpg 132w, https:\/\/www.le-celadon.fr\/wp-content\/uploads\/2019\/07\/GEO-112x50.jpg 112w, https:\/\/www.le-celadon.fr\/wp-content\/uploads\/2019\/07\/GEO-321x143.jpg 321w, https:\/\/www.le-celadon.fr\/wp-content\/uploads\/2019\/07\/GEO.jpg 1500w\" sizes=\"(max-width: 566px) 100vw, 566px\" \/><\/a><\/h2>\n<p>&nbsp;<\/p>\n<h2>Avantages &#8211; mai 2019<\/h2>\n<h2><a href=\"https:\/\/www.le-celadon.fr\/wp-content\/uploads\/2019\/07\/Avantages.jpg\" target=\"_blank\" rel=\"noopener\"><img decoding=\"async\" loading=\"lazy\" class=\"aligncenter wp-image-2803 size-medium\" src=\"https:\/\/www.le-celadon.fr\/wp-content\/uploads\/2019\/07\/Avantages-566x353.jpg\" alt=\"\" width=\"566\" height=\"353\" srcset=\"https:\/\/www.le-celadon.fr\/wp-content\/uploads\/2019\/07\/Avantages-566x353.jpg 566w, https:\/\/www.le-celadon.fr\/wp-content\/uploads\/2019\/07\/Avantages-768x479.jpg 768w, https:\/\/www.le-celadon.fr\/wp-content\/uploads\/2019\/07\/Avantages-1116x696.jpg 1116w, https:\/\/www.le-celadon.fr\/wp-content\/uploads\/2019\/07\/Avantages-360x224.jpg 360w, https:\/\/www.le-celadon.fr\/wp-content\/uploads\/2019\/07\/Avantages-312x194.jpg 312w, https:\/\/www.le-celadon.fr\/wp-content\/uploads\/2019\/07\/Avantages-95x59.jpg 95w, https:\/\/www.le-celadon.fr\/wp-content\/uploads\/2019\/07\/Avantages-80x50.jpg 80w, https:\/\/www.le-celadon.fr\/wp-content\/uploads\/2019\/07\/Avantages-321x200.jpg 321w, https:\/\/www.le-celadon.fr\/wp-content\/uploads\/2019\/07\/Avantages.jpg 1500w\" sizes=\"(max-width: 566px) 100vw, 566px\" \/><\/a><\/h2>\n<p>&nbsp;<\/p>\n<h2>17\/04\/2018 &#8211; L&rsquo;avis du Petit Fut\u00e9 sur notre maison d&rsquo;h\u00f4te Le C\u00e9ladon<\/h2>\n<p><em>\u00ab\u00a0Immense coup de coeur pour cette magnifique demeure bourgeoise du centre de Montaigu enti\u00e8rement restaur\u00e9e avec un go\u00fbt exquis pour recevoir des h\u00f4tes. Des h\u00f4tes chanceux de b\u00e9n\u00e9ficier<\/em><\/p>\n<p><img decoding=\"async\" loading=\"lazy\" class=\"size-full wp-image-2749 alignright\" src=\"https:\/\/www.le-celadon.fr\/wp-content\/uploads\/2018\/04\/petit-fute-le-celadon.jpg\" alt=\"\" width=\"400\" height=\"283\" srcset=\"https:\/\/www.le-celadon.fr\/wp-content\/uploads\/2018\/04\/petit-fute-le-celadon.jpg 400w, https:\/\/www.le-celadon.fr\/wp-content\/uploads\/2018\/04\/petit-fute-le-celadon-360x255.jpg 360w, https:\/\/www.le-celadon.fr\/wp-content\/uploads\/2018\/04\/petit-fute-le-celadon-312x221.jpg 312w, https:\/\/www.le-celadon.fr\/wp-content\/uploads\/2018\/04\/petit-fute-le-celadon-83x59.jpg 83w, https:\/\/www.le-celadon.fr\/wp-content\/uploads\/2018\/04\/petit-fute-le-celadon-71x50.jpg 71w, https:\/\/www.le-celadon.fr\/wp-content\/uploads\/2018\/04\/petit-fute-le-celadon-321x227.jpg 321w\" sizes=\"(max-width: 400px) 100vw, 400px\" \/><br \/>\n<em>d&rsquo;un tel lieu pos\u00e9 au coeur d&rsquo;un parc aux arbres centenaires\u00a0pour faire une halte \u00e0 une trentaine de minutes du Puy du Fou et de Nantes. La demeure a conserv\u00e9 de son pass\u00e9 carrelages, stucs, boiseries, chemin\u00e9es et parquets anciens. Levons un pan sur l&rsquo;\u00e9crin qui vous attend\u00a0: b\u00e2tisse superbe, entr\u00e9e majestueuse, grand et petit salon, salle \u00e0 manger drap\u00e9e de vert et d&rsquo;accent asiatique, d\u00e9coration au mobilier rapport\u00e9 des voyages des propri\u00e9taires dont les noms des chambres tirent leur inspiration, petit bureau, cuisine au piano La Cornue. Et si l&rsquo;on rajoute \u00e0 \u00e7a une belle piscine et son pool house, un bain bouillonnant, et des terrasses pour profiter des belles journ\u00e9es, vous aussi, vous n&rsquo;aurez plus du tout envie de quitter Le C\u00e9ladon, tant tout participe au charme fou de ce lieu sublime unique.\u00a0\u00bb<\/em><\/p>\n<p><a href=\"https:\/\/www.petitfute.com\/v28848-montaigu-85600\/c1166-hebergement\/c151-chambre-d-hotes\/1651528-maison-d-hotes-le-celadon.html\" target=\"_blank\" rel=\"noopener\">Consultez l&rsquo;article<\/a><\/p>\n<h2><\/h2>\n<p>&nbsp;<\/p>\n","protected":false},"excerpt":{"rendered":"<p>Magazine Montaigu-Vend\u00e9e 2024\/2025 &nbsp; Guide Petit Fut\u00e9 2025 Le Figaro Magazine &#8211; suppl\u00e9ment 2019 &nbsp; GEO | Hors-s\u00e9rie Escapades &#8211; mai 2019 &nbsp; Avantages &#8211; mai 2019 &nbsp; 17\/04\/2018 &#8211; L&rsquo;avis du Petit Fut\u00e9 sur notre maison d&rsquo;h\u00f4te Le C\u00e9ladon \u00ab\u00a0Immense coup de coeur pour cette magnifique demeure bourgeoise du centre de Montaigu enti\u00e8rement restaur\u00e9e avec un go\u00fbt exquis pour &hellip; <a href=\"https:\/\/www.le-celadon.fr\/fr\/presse\/\" class=\"more\"><\/a><\/p>\n","protected":false},"author":3,"featured_media":0,"parent":0,"menu_order":0,"comment_status":"closed","ping_status":"closed","template":"","meta":{"footnotes":""},"acf":[],"yoast_head":"<!-- This site is optimized with the Yoast SEO plugin v22.6 - https:\/\/yoast.com\/wordpress\/plugins\/seo\/ -->\n<title>Presse - Celadon<\/title>\n<meta name=\"robots\" content=\"index, follow, max-snippet:-1, max-image-preview:large, max-video-preview:-1\" \/>\n<link rel=\"canonical\" href=\"https:\/\/www.le-celadon.fr\/fr\/presse\/\" \/>\n<meta property=\"og:locale\" content=\"fr_FR\" \/>\n<meta property=\"og:type\" content=\"article\" \/>\n<meta property=\"og:title\" content=\"Presse - Celadon\" \/>\n<meta property=\"og:description\" content=\"Magazine Montaigu-Vend\u00e9e 2024\/2025 &nbsp; Guide Petit Fut\u00e9 2025 Le Figaro Magazine &#8211; suppl\u00e9ment 2019 &nbsp; GEO | Hors-s\u00e9rie Escapades &#8211; mai 2019 &nbsp; Avantages &#8211; mai 2019 &nbsp; 17\/04\/2018 &#8211; L&rsquo;avis du Petit Fut\u00e9 sur notre maison d&rsquo;h\u00f4te Le C\u00e9ladon \u00ab\u00a0Immense coup de coeur pour cette magnifique demeure bourgeoise du centre de Montaigu enti\u00e8rement restaur\u00e9e avec un go\u00fbt exquis pour &hellip;\" \/>\n<meta property=\"og:url\" content=\"https:\/\/www.le-celadon.fr\/fr\/presse\/\" \/>\n<meta property=\"og:site_name\" content=\"Celadon\" \/>\n<meta property=\"article:publisher\" content=\"https:\/\/www.facebook.com\/Le-C%c3%a9ladon-Maison-dh%c3%b4te-de-charme-985842411553284\/\" \/>\n<meta property=\"article:modified_time\" content=\"2025-05-16T16:10:37+00:00\" \/>\n<meta property=\"og:image\" content=\"https:\/\/www.le-celadon.fr\/wp-content\/uploads\/2025\/05\/Magazine-Montaigu-Vendee-20242025-1116x742.png\" \/>\n<meta name=\"twitter:card\" content=\"summary_large_image\" \/>\n<meta name=\"twitter:label1\" content=\"Dur\u00e9e de lecture estim\u00e9e\" \/>\n\t<meta name=\"twitter:data1\" content=\"3 minutes\" \/>\n<script type=\"application\/ld+json\" class=\"yoast-schema-graph\">{\"@context\":\"https:\/\/schema.org\",\"@graph\":[{\"@type\":\"WebPage\",\"@id\":\"https:\/\/www.le-celadon.fr\/fr\/presse\/\",\"url\":\"https:\/\/www.le-celadon.fr\/fr\/presse\/\",\"name\":\"Presse - Celadon\",\"isPartOf\":{\"@id\":\"https:\/\/www.le-celadon.fr\/fr\/#website\"},\"primaryImageOfPage\":{\"@id\":\"https:\/\/www.le-celadon.fr\/fr\/presse\/#primaryimage\"},\"image\":{\"@id\":\"https:\/\/www.le-celadon.fr\/fr\/presse\/#primaryimage\"},\"thumbnailUrl\":\"https:\/\/www.le-celadon.fr\/wp-content\/uploads\/2025\/05\/Magazine-Montaigu-Vendee-20242025-1116x742.png\",\"datePublished\":\"2018-04-17T10:55:39+00:00\",\"dateModified\":\"2025-05-16T16:10:37+00:00\",\"breadcrumb\":{\"@id\":\"https:\/\/www.le-celadon.fr\/fr\/presse\/#breadcrumb\"},\"inLanguage\":\"fr-FR\",\"potentialAction\":[{\"@type\":\"ReadAction\",\"target\":[\"https:\/\/www.le-celadon.fr\/fr\/presse\/\"]}]},{\"@type\":\"ImageObject\",\"inLanguage\":\"fr-FR\",\"@id\":\"https:\/\/www.le-celadon.fr\/fr\/presse\/#primaryimage\",\"url\":\"https:\/\/www.le-celadon.fr\/wp-content\/uploads\/2025\/05\/Magazine-Montaigu-Vendee-20242025-1116x742.png\",\"contentUrl\":\"https:\/\/www.le-celadon.fr\/wp-content\/uploads\/2025\/05\/Magazine-Montaigu-Vendee-20242025-1116x742.png\"},{\"@type\":\"BreadcrumbList\",\"@id\":\"https:\/\/www.le-celadon.fr\/fr\/presse\/#breadcrumb\",\"itemListElement\":[{\"@type\":\"ListItem\",\"position\":1,\"name\":\"Home\",\"item\":\"https:\/\/www.le-celadon.fr\/fr\/\"},{\"@type\":\"ListItem\",\"position\":2,\"name\":\"Presse\"}]},{\"@type\":\"WebSite\",\"@id\":\"https:\/\/www.le-celadon.fr\/fr\/#website\",\"url\":\"https:\/\/www.le-celadon.fr\/fr\/\",\"name\":\"Celadon\",\"description\":\"Maison d&#039;h\u00f4tes de charme proche du Puy du Fou\",\"publisher\":{\"@id\":\"https:\/\/www.le-celadon.fr\/fr\/#organization\"},\"potentialAction\":[{\"@type\":\"SearchAction\",\"target\":{\"@type\":\"EntryPoint\",\"urlTemplate\":\"https:\/\/www.le-celadon.fr\/fr\/?s={search_term_string}\"},\"query-input\":\"required name=search_term_string\"}],\"inLanguage\":\"fr-FR\"},{\"@type\":\"Organization\",\"@id\":\"https:\/\/www.le-celadon.fr\/fr\/#organization\",\"name\":\"Le C\u00e9ladon\",\"url\":\"https:\/\/www.le-celadon.fr\/fr\/\",\"logo\":{\"@type\":\"ImageObject\",\"inLanguage\":\"fr-FR\",\"@id\":\"https:\/\/www.le-celadon.fr\/fr\/#\/schema\/logo\/image\/\",\"url\":\"https:\/\/www.le-celadon.fr\/wp-content\/uploads\/2017\/04\/header-logo.png\",\"contentUrl\":\"https:\/\/www.le-celadon.fr\/wp-content\/uploads\/2017\/04\/header-logo.png\",\"width\":275,\"height\":59,\"caption\":\"Le C\u00e9ladon\"},\"image\":{\"@id\":\"https:\/\/www.le-celadon.fr\/fr\/#\/schema\/logo\/image\/\"},\"sameAs\":[\"https:\/\/www.facebook.com\/Le-C\u00e9ladon-Maison-dh\u00f4te-de-charme-985842411553284\/\"]}]}<\/script>\n<!-- \/ Yoast SEO plugin. -->","yoast_head_json":{"title":"Presse - Celadon","robots":{"index":"index","follow":"follow","max-snippet":"max-snippet:-1","max-image-preview":"max-image-preview:large","max-video-preview":"max-video-preview:-1"},"canonical":"https:\/\/www.le-celadon.fr\/fr\/presse\/","og_locale":"fr_FR","og_type":"article","og_title":"Presse - Celadon","og_description":"Magazine Montaigu-Vend\u00e9e 2024\/2025 &nbsp; Guide Petit Fut\u00e9 2025 Le Figaro Magazine &#8211; suppl\u00e9ment 2019 &nbsp; GEO | Hors-s\u00e9rie Escapades &#8211; mai 2019 &nbsp; Avantages &#8211; mai 2019 &nbsp; 17\/04\/2018 &#8211; L&rsquo;avis du Petit Fut\u00e9 sur notre maison d&rsquo;h\u00f4te Le C\u00e9ladon \u00ab\u00a0Immense coup de coeur pour cette magnifique demeure bourgeoise du centre de Montaigu enti\u00e8rement restaur\u00e9e avec un go\u00fbt exquis pour &hellip;","og_url":"https:\/\/www.le-celadon.fr\/fr\/presse\/","og_site_name":"Celadon","article_publisher":"https:\/\/www.facebook.com\/Le-C%c3%a9ladon-Maison-dh%c3%b4te-de-charme-985842411553284\/","article_modified_time":"2025-05-16T16:10:37+00:00","og_image":[{"url":"https:\/\/www.le-celadon.fr\/wp-content\/uploads\/2025\/05\/Magazine-Montaigu-Vendee-20242025-1116x742.png"}],"twitter_card":"summary_large_image","twitter_misc":{"Dur\u00e9e de lecture estim\u00e9e":"3 minutes"},"schema":{"@context":"https:\/\/schema.org","@graph":[{"@type":"WebPage","@id":"https:\/\/www.le-celadon.fr\/fr\/presse\/","url":"https:\/\/www.le-celadon.fr\/fr\/presse\/","name":"Presse - Celadon","isPartOf":{"@id":"https:\/\/www.le-celadon.fr\/fr\/#website"},"primaryImageOfPage":{"@id":"https:\/\/www.le-celadon.fr\/fr\/presse\/#primaryimage"},"image":{"@id":"https:\/\/www.le-celadon.fr\/fr\/presse\/#primaryimage"},"thumbnailUrl":"https:\/\/www.le-celadon.fr\/wp-content\/uploads\/2025\/05\/Magazine-Montaigu-Vendee-20242025-1116x742.png","datePublished":"2018-04-17T10:55:39+00:00","dateModified":"2025-05-16T16:10:37+00:00","breadcrumb":{"@id":"https:\/\/www.le-celadon.fr\/fr\/presse\/#breadcrumb"},"inLanguage":"fr-FR","potentialAction":[{"@type":"ReadAction","target":["https:\/\/www.le-celadon.fr\/fr\/presse\/"]}]},{"@type":"ImageObject","inLanguage":"fr-FR","@id":"https:\/\/www.le-celadon.fr\/fr\/presse\/#primaryimage","url":"https:\/\/www.le-celadon.fr\/wp-content\/uploads\/2025\/05\/Magazine-Montaigu-Vendee-20242025-1116x742.png","contentUrl":"https:\/\/www.le-celadon.fr\/wp-content\/uploads\/2025\/05\/Magazine-Montaigu-Vendee-20242025-1116x742.png"},{"@type":"BreadcrumbList","@id":"https:\/\/www.le-celadon.fr\/fr\/presse\/#breadcrumb","itemListElement":[{"@type":"ListItem","position":1,"name":"Home","item":"https:\/\/www.le-celadon.fr\/fr\/"},{"@type":"ListItem","position":2,"name":"Presse"}]},{"@type":"WebSite","@id":"https:\/\/www.le-celadon.fr\/fr\/#website","url":"https:\/\/www.le-celadon.fr\/fr\/","name":"Celadon","description":"Maison d&#039;h\u00f4tes de charme proche du Puy du Fou","publisher":{"@id":"https:\/\/www.le-celadon.fr\/fr\/#organization"},"potentialAction":[{"@type":"SearchAction","target":{"@type":"EntryPoint","urlTemplate":"https:\/\/www.le-celadon.fr\/fr\/?s={search_term_string}"},"query-input":"required name=search_term_string"}],"inLanguage":"fr-FR"},{"@type":"Organization","@id":"https:\/\/www.le-celadon.fr\/fr\/#organization","name":"Le C\u00e9ladon","url":"https:\/\/www.le-celadon.fr\/fr\/","logo":{"@type":"ImageObject","inLanguage":"fr-FR","@id":"https:\/\/www.le-celadon.fr\/fr\/#\/schema\/logo\/image\/","url":"https:\/\/www.le-celadon.fr\/wp-content\/uploads\/2017\/04\/header-logo.png","contentUrl":"https:\/\/www.le-celadon.fr\/wp-content\/uploads\/2017\/04\/header-logo.png","width":275,"height":59,"caption":"Le C\u00e9ladon"},"image":{"@id":"https:\/\/www.le-celadon.fr\/fr\/#\/schema\/logo\/image\/"},"sameAs":["https:\/\/www.facebook.com\/Le-C\u00e9ladon-Maison-dh\u00f4te-de-charme-985842411553284\/"]}]}},"_links":{"self":[{"href":"https:\/\/www.le-celadon.fr\/fr\/wp-json\/wp\/v2\/pages\/2741"}],"collection":[{"href":"https:\/\/www.le-celadon.fr\/fr\/wp-json\/wp\/v2\/pages"}],"about":[{"href":"https:\/\/www.le-celadon.fr\/fr\/wp-json\/wp\/v2\/types\/page"}],"author":[{"embeddable":true,"href":"https:\/\/www.le-celadon.fr\/fr\/wp-json\/wp\/v2\/users\/3"}],"replies":[{"embeddable":true,"href":"https:\/\/www.le-celadon.fr\/fr\/wp-json\/wp\/v2\/comments?post=2741"}],"version-history":[{"count":5,"href":"https:\/\/www.le-celadon.fr\/fr\/wp-json\/wp\/v2\/pages\/2741\/revisions"}],"predecessor-version":[{"id":3807,"href":"https:\/\/www.le-celadon.fr\/fr\/wp-json\/wp\/v2\/pages\/2741\/revisions\/3807"}],"wp:attachment":[{"href":"https:\/\/www.le-celadon.fr\/fr\/wp-json\/wp\/v2\/media?parent=2741"}],"curies":[{"name":"wp","href":"https:\/\/api.w.org\/{rel}","templated":true}]}}