{"id":29,"date":"2017-04-04T12:39:45","date_gmt":"2017-04-04T12:39:45","guid":{"rendered":"http:\/\/www.le-celadon.fr\/?page_id=29"},"modified":"2025-07-15T17:38:01","modified_gmt":"2025-07-15T17:38:01","slug":"les-tarifs","status":"publish","type":"page","link":"https:\/\/www.le-celadon.fr\/fr\/les-tarifs\/","title":{"rendered":"Les Tarifs"},"content":{"rendered":"<h1>Tarifs<\/h1>\n<p><img decoding=\"async\" loading=\"lazy\" class=\"alignright wp-image-1372\" src=\"\/wp-content\/uploads\/2017\/04\/le_celadon_tarifs-566x848.jpg\" alt=\"\" width=\"310\" height=\"464\" srcset=\"https:\/\/www.le-celadon.fr\/wp-content\/uploads\/2017\/04\/le_celadon_tarifs-566x848.jpg 566w, https:\/\/www.le-celadon.fr\/wp-content\/uploads\/2017\/04\/le_celadon_tarifs-768x1151.jpg 768w, https:\/\/www.le-celadon.fr\/wp-content\/uploads\/2017\/04\/le_celadon_tarifs-1116x1672.jpg 1116w, https:\/\/www.le-celadon.fr\/wp-content\/uploads\/2017\/04\/le_celadon_tarifs-194x290.jpg 194w, https:\/\/www.le-celadon.fr\/wp-content\/uploads\/2017\/04\/le_celadon_tarifs-312x467.jpg 312w, https:\/\/www.le-celadon.fr\/wp-content\/uploads\/2017\/04\/le_celadon_tarifs-721x1080.jpg 721w, https:\/\/www.le-celadon.fr\/wp-content\/uploads\/2017\/04\/le_celadon_tarifs-39x59.jpg 39w, https:\/\/www.le-celadon.fr\/wp-content\/uploads\/2017\/04\/le_celadon_tarifs-33x50.jpg 33w, https:\/\/www.le-celadon.fr\/wp-content\/uploads\/2017\/04\/le_celadon_tarifs-1920x2877.jpg 1920w, https:\/\/www.le-celadon.fr\/wp-content\/uploads\/2017\/04\/le_celadon_tarifs-246x369.jpg 246w\" sizes=\"(max-width: 310px) 100vw, 310px\" \/>Le prix des chambres comprend :<\/p>\n<ul>\n<li>Un petit d\u00e9jeuner copieux et raffin\u00e9 (petit d\u00e9jeuner non compris dans le Petit C\u00e9ladon)<\/li>\n<li>Th\u00e9, caf\u00e9 et eau en journ\u00e9e****<\/li>\n<li>Serviettes et produits d\u2019accueil en chambre<\/li>\n<li>Serviettes de plage pour la piscine et le jacuzzi<\/li>\n<li>Deux espaces t\u00e9l\u00e9vision (dans le salon priv\u00e9 Anakha, dans le grand salon et dans la serre)<\/li>\n<li>Acc\u00e8s aux \u00e9quipements de la serre (micro-ondes, frigo, vaisselle)<\/li>\n<li>Wifi gratuit et illimit\u00e9 dans les chambres et dans toute la propri\u00e9t\u00e9<\/li>\n<li>Acc\u00e8s \u00e0 la piscine chauff\u00e9e , au Pool-House et au Jacuzzi<\/li>\n<li>Acc\u00e8s au parc, enti\u00e8rement clos de murs et arbor\u00e9<\/li>\n<li>Le pr\u00eat gracieux de v\u00e9los<\/li>\n<li>Un parking priv\u00e9<\/li>\n<\/ul>\n<p>**** \u00e0 l\u2019exception des produits list\u00e9s en mini-bar ou en carte de Restauration<\/p>\n<div style=\"overflow-x: auto;\">\n<table style=\"width: 100%; min-width: 600px; border-collapse: collapse;\">\n<tbody>\n<tr>\n<td style=\"width: 16%; text-align: center;\">NOS CHAMBRES**<\/td>\n<td style=\"width: 28%; text-align: center;\">TARIFS EN EURO***<\/p>\n<p>Basse saison****<\/p>\n<p>Base 1 ou 2 personnes<\/td>\n<td style=\"width: 28%; text-align: center;\">TARIFS EN EURO***<\/p>\n<p>Moyenne saison*****<\/p>\n<p>Base 1 ou 2 personnes<\/td>\n<td style=\"width: 28%; text-align: center;\">TARIFS EN EURO***<\/p>\n<p>Haute saison******<\/p>\n<p>Base 1 ou 2 personnes<\/td>\n<\/tr>\n<tr>\n<td style=\"text-align: center;\">Jade<\/td>\n<td style=\"text-align: center;\">110\u20ac \/ <sub>nuit<\/sub> 120\u20ac \/ <sub>we et jours f\u00e9ri\u00e9s<\/sub><\/td>\n<td style=\"text-align: center;\">110\u20ac \/ <sub>nuit<\/sub> 130\u20ac \/ <sub>we et jours f\u00e9ri\u00e9s<\/sub><\/td>\n<td style=\"text-align: center;\">140\u20ac \/ <sub>nuit *<\/sub><\/td>\n<\/tr>\n<tr>\n<td style=\"text-align: center;\">Perle<\/td>\n<td style=\"text-align: center;\">110\u20ac \/ <sub>nuit<\/sub> 120\u20ac \/ <sub>we et jours f\u00e9ri\u00e9s<\/sub><\/td>\n<td style=\"text-align: center;\">110\u20ac \/ <sub>nuit<\/sub> 130\u20ac \/ <sub>we et jours f\u00e9ri\u00e9s<\/sub><\/td>\n<td style=\"text-align: center;\">130\u20ac \/ <sub>nuit<\/sub><\/td>\n<\/tr>\n<tr>\n<td style=\"text-align: center;\">Nacre<\/td>\n<td style=\"text-align: center;\">110\u20ac \/ <sub>nuit<\/sub> 120\u20ac \/ <sub>we et jours f\u00e9ri\u00e9s<\/sub><\/td>\n<td style=\"text-align: center;\">110\u20ac \/ <sub>nuit<\/sub> &gt; 130\u20ac \/ <sub>we et jours f\u00e9ri\u00e9s<\/sub><\/td>\n<td style=\"text-align: center;\">130\u20ac \/ <sub>nuit<\/sub><\/td>\n<\/tr>\n<tr>\n<td style=\"text-align: center;\">Ambre<\/td>\n<td style=\"text-align: center;\">110\u20ac \/ <sub>nuit<\/sub> 120\u20ac \/ <sub>we et jours f\u00e9ri\u00e9s<\/sub><\/td>\n<td style=\"text-align: center;\">110\u20ac \/ <sub>nuit<\/sub> 130\u20ac \/ <sub>we et jours f\u00e9ri\u00e9s<\/sub><\/td>\n<td style=\"text-align: center;\">140\u20ac \/ <sub>nuit<\/sub><\/td>\n<\/tr>\n<\/tbody>\n<\/table>\n<\/div>\n<table style=\"height: 249px; width: 803px;\">\n<tbody>\n<tr>\n<td style=\"width: 217px; text-align: center;\">NOS CHAMBRES**<\/td>\n<td style=\"width: 284px; text-align: center;\">TARIFS EN EURO***<\/p>\n<p>Moyenne saison*****<\/p>\n<p>Base 2 ou 4 personnes<\/td>\n<td style=\"width: 280px; text-align: center;\">TARIFS EN EURO***<\/p>\n<p>Haute saison******<\/p>\n<p>Base 2 ou 4 personnes<\/td>\n<\/tr>\n<tr>\n<td style=\"width: 217px; text-align: center;\">Le Petit C\u00e9ladon<\/td>\n<td style=\"width: 284px; text-align: center;\">150\u20ac \/<sub>par nuits (3 nuits minimum)<\/sub><\/td>\n<td style=\"width: 284px; text-align: center;\">160\u20ac \/<sub>par nuits (3 nuits minimum)<\/sub><\/td>\n<\/tr>\n<\/tbody>\n<\/table>\n<p>Le prix incluant linge et draps, ainsi que le m\u00e9nage.<br \/>\n** Toutes les chambres du C\u00e9ladon sont non fumeur; des espaces ext\u00e9rieurs d\u00e9di\u00e9s sont r\u00e9serv\u00e9s \u00e0 nos h\u00f4tes fumeurs<br \/>\n*** S\u00e9jour sup\u00e9rieur \u00e0 7 nuits, nous contacter<br \/>\n**** Basse saison : Janvier, F\u00e9vrier, Mars, Avril et Octobre, Novembre, D\u00e9cembre<br \/>\n***** Moyenne saison : Mai, Juin et Septembre<br \/>\n****** Haute saison : juillet et ao\u00fbt<br \/>\n****** Tarifs Hellfest : nous contacter<\/p>\n<h2>Informations utiles<\/h2>\n<p><img decoding=\"async\" loading=\"lazy\" class=\"alignright wp-image-155 size-full\" src=\"\/wp-content\/uploads\/2017\/04\/gallery-1.jpg\" alt=\"\" width=\"310\" height=\"464\" srcset=\"https:\/\/www.le-celadon.fr\/wp-content\/uploads\/2017\/04\/gallery-1.jpg 310w, https:\/\/www.le-celadon.fr\/wp-content\/uploads\/2017\/04\/gallery-1-194x290.jpg 194w, https:\/\/www.le-celadon.fr\/wp-content\/uploads\/2017\/04\/gallery-1-39x59.jpg 39w, https:\/\/www.le-celadon.fr\/wp-content\/uploads\/2017\/04\/gallery-1-33x50.jpg 33w, https:\/\/www.le-celadon.fr\/wp-content\/uploads\/2017\/04\/gallery-1-247x369.jpg 247w\" sizes=\"(max-width: 310px) 100vw, 310px\" \/><\/p>\n<p><strong>Arriv\u00e9e<\/strong> : les chambres sont disponibles \u00e0 partir de 17 h. En cas d\u2019arriv\u00e9e tardive, apr\u00e8s 20 heures, nous vous remercions de bien vouloir nous pr\u00e9venir, par t\u00e9l\u00e9phone ou par email.<\/p>\n<p><strong>D\u00e9part<\/strong> : les chambres doivent \u00eatre lib\u00e9r\u00e9es avant 11 h.<\/p>\n<p><strong>Horaires du Petit D\u00e9jeuner<\/strong> : le petit d\u00e9jeuner est servi de 6h30 \u00e0 10h30<\/p>\n<p><strong>Espace Fumeur<\/strong> : Le C\u00e9ladon est un espace non fumeur autant qu\u2019un espace de libert\u00e9. Afin de garantir la libert\u00e9 et le confort de tous ses h\u00f4tes, il n\u2019est pas possible de fumer dans la maison. Des espaces ext\u00e9rieurs sympathiques sont r\u00e9serv\u00e9s pour nos h\u00f4tes fumeurs.<\/p>\n<p><strong>Animaux<\/strong> : les chiens sont accept\u00e9s, avec accord pr\u00e9alable avec la propri\u00e9taire<\/p>\n<p><strong>Langues Parl\u00e9es<\/strong> : Anglais, Espagnol et Italien.<\/p>\n","protected":false},"excerpt":{"rendered":"<p>Tarifs Le prix des chambres comprend : Un petit d\u00e9jeuner copieux et raffin\u00e9 (petit d\u00e9jeuner non compris dans le Petit C\u00e9ladon) Th\u00e9, caf\u00e9 et eau en journ\u00e9e**** Serviettes et produits d\u2019accueil en chambre Serviettes de plage pour la piscine et le jacuzzi Deux espaces t\u00e9l\u00e9vision (dans le salon priv\u00e9 Anakha, dans le grand salon et dans la serre) Acc\u00e8s aux &hellip; <a href=\"https:\/\/www.le-celadon.fr\/fr\/les-tarifs\/\" class=\"more\"><\/a><\/p>\n","protected":false},"author":3,"featured_media":0,"parent":0,"menu_order":0,"comment_status":"closed","ping_status":"closed","template":"","meta":{"footnotes":""},"acf":[],"yoast_head":"<!-- This site is optimized with the Yoast SEO plugin v22.6 - https:\/\/yoast.com\/wordpress\/plugins\/seo\/ -->\n<title>Les tarifs - Le C\u00e9ladon<\/title>\n<meta name=\"description\" content=\"Le C\u00e9ladon est ouvert toute l&#039;ann\u00e9e. Pour tout renseignement ou pour toute autre demande, n&#039;h\u00e9sitez-pas \u00e0 nous contacter.\" \/>\n<meta name=\"robots\" content=\"index, follow, max-snippet:-1, max-image-preview:large, max-video-preview:-1\" \/>\n<link rel=\"canonical\" href=\"https:\/\/www.le-celadon.fr\/fr\/les-tarifs\/\" \/>\n<meta property=\"og:locale\" content=\"fr_FR\" \/>\n<meta property=\"og:type\" content=\"article\" \/>\n<meta property=\"og:title\" content=\"Les tarifs - Le C\u00e9ladon\" \/>\n<meta property=\"og:description\" content=\"Le C\u00e9ladon est ouvert toute l&#039;ann\u00e9e. Pour tout renseignement ou pour toute autre demande, n&#039;h\u00e9sitez-pas \u00e0 nous contacter.\" \/>\n<meta property=\"og:url\" content=\"https:\/\/www.le-celadon.fr\/fr\/les-tarifs\/\" \/>\n<meta property=\"og:site_name\" content=\"Celadon\" \/>\n<meta property=\"article:publisher\" content=\"https:\/\/www.facebook.com\/Le-C%c3%a9ladon-Maison-dh%c3%b4te-de-charme-985842411553284\/\" \/>\n<meta property=\"article:modified_time\" content=\"2025-07-15T17:38:01+00:00\" \/>\n<meta name=\"twitter:card\" content=\"summary_large_image\" \/>\n<meta name=\"twitter:label1\" content=\"Dur\u00e9e de lecture estim\u00e9e\" \/>\n\t<meta name=\"twitter:data1\" content=\"3 minutes\" \/>\n<script type=\"application\/ld+json\" class=\"yoast-schema-graph\">{\"@context\":\"https:\/\/schema.org\",\"@graph\":[{\"@type\":\"WebPage\",\"@id\":\"https:\/\/www.le-celadon.fr\/fr\/les-tarifs\/\",\"url\":\"https:\/\/www.le-celadon.fr\/fr\/les-tarifs\/\",\"name\":\"Les tarifs - Le C\u00e9ladon\",\"isPartOf\":{\"@id\":\"https:\/\/www.le-celadon.fr\/fr\/#website\"},\"datePublished\":\"2017-04-04T12:39:45+00:00\",\"dateModified\":\"2025-07-15T17:38:01+00:00\",\"description\":\"Le C\u00e9ladon est ouvert toute l'ann\u00e9e. Pour tout renseignement ou pour toute autre demande, n'h\u00e9sitez-pas \u00e0 nous contacter.\",\"breadcrumb\":{\"@id\":\"https:\/\/www.le-celadon.fr\/fr\/les-tarifs\/#breadcrumb\"},\"inLanguage\":\"fr-FR\",\"potentialAction\":[{\"@type\":\"ReadAction\",\"target\":[\"https:\/\/www.le-celadon.fr\/fr\/les-tarifs\/\"]}]},{\"@type\":\"BreadcrumbList\",\"@id\":\"https:\/\/www.le-celadon.fr\/fr\/les-tarifs\/#breadcrumb\",\"itemListElement\":[{\"@type\":\"ListItem\",\"position\":1,\"name\":\"Home\",\"item\":\"https:\/\/www.le-celadon.fr\/fr\/\"},{\"@type\":\"ListItem\",\"position\":2,\"name\":\"Les Tarifs\"}]},{\"@type\":\"WebSite\",\"@id\":\"https:\/\/www.le-celadon.fr\/fr\/#website\",\"url\":\"https:\/\/www.le-celadon.fr\/fr\/\",\"name\":\"Celadon\",\"description\":\"Maison d&#039;h\u00f4tes de charme proche du Puy du Fou\",\"publisher\":{\"@id\":\"https:\/\/www.le-celadon.fr\/fr\/#organization\"},\"potentialAction\":[{\"@type\":\"SearchAction\",\"target\":{\"@type\":\"EntryPoint\",\"urlTemplate\":\"https:\/\/www.le-celadon.fr\/fr\/?s={search_term_string}\"},\"query-input\":\"required name=search_term_string\"}],\"inLanguage\":\"fr-FR\"},{\"@type\":\"Organization\",\"@id\":\"https:\/\/www.le-celadon.fr\/fr\/#organization\",\"name\":\"Le C\u00e9ladon\",\"url\":\"https:\/\/www.le-celadon.fr\/fr\/\",\"logo\":{\"@type\":\"ImageObject\",\"inLanguage\":\"fr-FR\",\"@id\":\"https:\/\/www.le-celadon.fr\/fr\/#\/schema\/logo\/image\/\",\"url\":\"https:\/\/www.le-celadon.fr\/wp-content\/uploads\/2017\/04\/header-logo.png\",\"contentUrl\":\"https:\/\/www.le-celadon.fr\/wp-content\/uploads\/2017\/04\/header-logo.png\",\"width\":275,\"height\":59,\"caption\":\"Le C\u00e9ladon\"},\"image\":{\"@id\":\"https:\/\/www.le-celadon.fr\/fr\/#\/schema\/logo\/image\/\"},\"sameAs\":[\"https:\/\/www.facebook.com\/Le-C\u00e9ladon-Maison-dh\u00f4te-de-charme-985842411553284\/\"]}]}<\/script>\n<!-- \/ Yoast SEO plugin. -->","yoast_head_json":{"title":"Les tarifs - Le C\u00e9ladon","description":"Le C\u00e9ladon est ouvert toute l'ann\u00e9e. Pour tout renseignement ou pour toute autre demande, n'h\u00e9sitez-pas \u00e0 nous contacter.","robots":{"index":"index","follow":"follow","max-snippet":"max-snippet:-1","max-image-preview":"max-image-preview:large","max-video-preview":"max-video-preview:-1"},"canonical":"https:\/\/www.le-celadon.fr\/fr\/les-tarifs\/","og_locale":"fr_FR","og_type":"article","og_title":"Les tarifs - Le C\u00e9ladon","og_description":"Le C\u00e9ladon est ouvert toute l'ann\u00e9e. Pour tout renseignement ou pour toute autre demande, n'h\u00e9sitez-pas \u00e0 nous contacter.","og_url":"https:\/\/www.le-celadon.fr\/fr\/les-tarifs\/","og_site_name":"Celadon","article_publisher":"https:\/\/www.facebook.com\/Le-C%c3%a9ladon-Maison-dh%c3%b4te-de-charme-985842411553284\/","article_modified_time":"2025-07-15T17:38:01+00:00","twitter_card":"summary_large_image","twitter_misc":{"Dur\u00e9e de lecture estim\u00e9e":"3 minutes"},"schema":{"@context":"https:\/\/schema.org","@graph":[{"@type":"WebPage","@id":"https:\/\/www.le-celadon.fr\/fr\/les-tarifs\/","url":"https:\/\/www.le-celadon.fr\/fr\/les-tarifs\/","name":"Les tarifs - Le C\u00e9ladon","isPartOf":{"@id":"https:\/\/www.le-celadon.fr\/fr\/#website"},"datePublished":"2017-04-04T12:39:45+00:00","dateModified":"2025-07-15T17:38:01+00:00","description":"Le C\u00e9ladon est ouvert toute l'ann\u00e9e. Pour tout renseignement ou pour toute autre demande, n'h\u00e9sitez-pas \u00e0 nous contacter.","breadcrumb":{"@id":"https:\/\/www.le-celadon.fr\/fr\/les-tarifs\/#breadcrumb"},"inLanguage":"fr-FR","potentialAction":[{"@type":"ReadAction","target":["https:\/\/www.le-celadon.fr\/fr\/les-tarifs\/"]}]},{"@type":"BreadcrumbList","@id":"https:\/\/www.le-celadon.fr\/fr\/les-tarifs\/#breadcrumb","itemListElement":[{"@type":"ListItem","position":1,"name":"Home","item":"https:\/\/www.le-celadon.fr\/fr\/"},{"@type":"ListItem","position":2,"name":"Les Tarifs"}]},{"@type":"WebSite","@id":"https:\/\/www.le-celadon.fr\/fr\/#website","url":"https:\/\/www.le-celadon.fr\/fr\/","name":"Celadon","description":"Maison d&#039;h\u00f4tes de charme proche du Puy du Fou","publisher":{"@id":"https:\/\/www.le-celadon.fr\/fr\/#organization"},"potentialAction":[{"@type":"SearchAction","target":{"@type":"EntryPoint","urlTemplate":"https:\/\/www.le-celadon.fr\/fr\/?s={search_term_string}"},"query-input":"required name=search_term_string"}],"inLanguage":"fr-FR"},{"@type":"Organization","@id":"https:\/\/www.le-celadon.fr\/fr\/#organization","name":"Le C\u00e9ladon","url":"https:\/\/www.le-celadon.fr\/fr\/","logo":{"@type":"ImageObject","inLanguage":"fr-FR","@id":"https:\/\/www.le-celadon.fr\/fr\/#\/schema\/logo\/image\/","url":"https:\/\/www.le-celadon.fr\/wp-content\/uploads\/2017\/04\/header-logo.png","contentUrl":"https:\/\/www.le-celadon.fr\/wp-content\/uploads\/2017\/04\/header-logo.png","width":275,"height":59,"caption":"Le C\u00e9ladon"},"image":{"@id":"https:\/\/www.le-celadon.fr\/fr\/#\/schema\/logo\/image\/"},"sameAs":["https:\/\/www.facebook.com\/Le-C\u00e9ladon-Maison-dh\u00f4te-de-charme-985842411553284\/"]}]}},"_links":{"self":[{"href":"https:\/\/www.le-celadon.fr\/fr\/wp-json\/wp\/v2\/pages\/29"}],"collection":[{"href":"https:\/\/www.le-celadon.fr\/fr\/wp-json\/wp\/v2\/pages"}],"about":[{"href":"https:\/\/www.le-celadon.fr\/fr\/wp-json\/wp\/v2\/types\/page"}],"author":[{"embeddable":true,"href":"https:\/\/www.le-celadon.fr\/fr\/wp-json\/wp\/v2\/users\/3"}],"replies":[{"embeddable":true,"href":"https:\/\/www.le-celadon.fr\/fr\/wp-json\/wp\/v2\/comments?post=29"}],"version-history":[{"count":5,"href":"https:\/\/www.le-celadon.fr\/fr\/wp-json\/wp\/v2\/pages\/29\/revisions"}],"predecessor-version":[{"id":3891,"href":"https:\/\/www.le-celadon.fr\/fr\/wp-json\/wp\/v2\/pages\/29\/revisions\/3891"}],"wp:attachment":[{"href":"https:\/\/www.le-celadon.fr\/fr\/wp-json\/wp\/v2\/media?parent=29"}],"curies":[{"name":"wp","href":"https:\/\/api.w.org\/{rel}","templated":true}]}}