{"id":3768,"date":"2025-04-08T14:29:37","date_gmt":"2025-04-08T14:29:37","guid":{"rendered":"https:\/\/www.le-celadon.fr\/?page_id=3768"},"modified":"2025-07-15T17:33:13","modified_gmt":"2025-07-15T17:33:13","slug":"les-evenements","status":"publish","type":"page","link":"https:\/\/www.le-celadon.fr\/fr\/la-maison\/les-evenements\/","title":{"rendered":"Les \u00e9v\u00e9nements"},"content":{"rendered":"<h1>Les \u00e9v\u00e9nements<\/h1>\n<h2>Vos \u00e9v\u00e9nements priv\u00e9s ou professionnels<\/h2>\n<p><img decoding=\"async\" loading=\"lazy\" class=\"size-news-thumbnail wp-image-3851 alignright\" src=\"https:\/\/www.le-celadon.fr\/wp-content\/uploads\/2025\/07\/PHOTO-N\u00b04-505x319.jpg\" alt=\"\" width=\"505\" height=\"319\" \/><br \/>\nTout au long de l\u2019ann\u00e9e, Le C\u00e9ladon vous ouvre ses portes pour <strong>l\u2019organisation de vos \u00e9v\u00e9nements priv\u00e9s et professionnels<\/strong>. Que ce soit pour un mariage, une r\u00e9ception, une r\u00e9union de travail ou un s\u00e9minaire, nous mettons \u00e0 votre disposition des espaces \u00e9l\u00e9gants et modulables, adapt\u00e9s \u00e0 vos besoins.<\/p>\n<p>Pour plus d\u2019informations sur l\u2019organisation et les tarifs, n\u2019h\u00e9sitez pas \u00e0 nous contacter. Nous serons ravis de vous accompagner dans la r\u00e9alisation de votre projet.<\/p>\n<h2>Le Joli March\u00e9 : un rendez-vous annuel incontournable<\/h2>\n<p><img decoding=\"async\" loading=\"lazy\" class=\"size-news-thumbnail wp-image-3827 alignright\" src=\"https:\/\/www.le-celadon.fr\/wp-content\/uploads\/2025\/07\/PHOTO-N\u00b0-5-505x319.jpg\" alt=\"\" width=\"505\" height=\"319\" \/><\/p>\n<p>Chaque ann\u00e9e, au mois de septembre, Le C\u00e9ladon accueille Le Joli March\u00e9, un \u00e9v\u00e9nement d\u00e9di\u00e9 \u00e0 la cr\u00e9ation et \u00e0 l\u2019artisanat local. \u00c0 cette occasion, les espaces ext\u00e9rieurs de la propri\u00e9t\u00e9 s\u2019ouvrent au public et offrent un cadre enchanteur pour d\u00e9couvrir le talent de nombreux cr\u00e9ateurs de la r\u00e9gion.<br \/>\nEn plus des stands de cr\u00e9ateurs, les visiteurs peuvent profiter d\u2019animations vari\u00e9es et de points de restauration, le tout dans une ambiance conviviale et chaleureuse. L\u2019entr\u00e9e est libre et accessible \u00e0 tous, faisant de ce week-end un moment privil\u00e9gi\u00e9 pour fl\u00e2ner, \u00e9changer et se laisser s\u00e9duire par des pi\u00e8ces uniques et originales.<\/p>\n","protected":false},"excerpt":{"rendered":"<p>Les \u00e9v\u00e9nements Vos \u00e9v\u00e9nements priv\u00e9s ou professionnels Tout au long de l\u2019ann\u00e9e, Le C\u00e9ladon vous ouvre ses portes pour l\u2019organisation de vos \u00e9v\u00e9nements priv\u00e9s et professionnels. Que ce soit pour un mariage, une r\u00e9ception, une r\u00e9union de travail ou un s\u00e9minaire, nous mettons \u00e0 votre disposition des espaces \u00e9l\u00e9gants et modulables, adapt\u00e9s \u00e0 vos besoins. Pour plus d\u2019informations sur l\u2019organisation &hellip; <a href=\"https:\/\/www.le-celadon.fr\/fr\/la-maison\/les-evenements\/\" class=\"more\"><\/a><\/p>\n","protected":false},"author":3,"featured_media":0,"parent":233,"menu_order":0,"comment_status":"closed","ping_status":"closed","template":"","meta":{"footnotes":""},"acf":[],"yoast_head":"<!-- This site is optimized with the Yoast SEO plugin v22.6 - https:\/\/yoast.com\/wordpress\/plugins\/seo\/ -->\n<title>Les \u00e9v\u00e9nements - Celadon<\/title>\n<meta name=\"description\" content=\"Organisez vos \u00e9v\u00e9nements priv\u00e9s ou professionnels au C\u00e9ladon\" \/>\n<meta name=\"robots\" content=\"index, follow, max-snippet:-1, max-image-preview:large, max-video-preview:-1\" \/>\n<link rel=\"canonical\" href=\"https:\/\/www.le-celadon.fr\/fr\/la-maison\/les-evenements\/\" \/>\n<meta property=\"og:locale\" content=\"fr_FR\" \/>\n<meta property=\"og:type\" content=\"article\" \/>\n<meta property=\"og:title\" content=\"Les \u00e9v\u00e9nements - Celadon\" \/>\n<meta property=\"og:description\" content=\"Organisez vos \u00e9v\u00e9nements priv\u00e9s ou professionnels au C\u00e9ladon\" \/>\n<meta property=\"og:url\" content=\"https:\/\/www.le-celadon.fr\/fr\/la-maison\/les-evenements\/\" \/>\n<meta property=\"og:site_name\" content=\"Celadon\" \/>\n<meta property=\"article:publisher\" content=\"https:\/\/www.facebook.com\/Le-C%c3%a9ladon-Maison-dh%c3%b4te-de-charme-985842411553284\/\" \/>\n<meta property=\"article:modified_time\" content=\"2025-07-15T17:33:13+00:00\" \/>\n<meta name=\"twitter:card\" content=\"summary_large_image\" \/>\n<meta name=\"twitter:label1\" content=\"Dur\u00e9e de lecture estim\u00e9e\" \/>\n\t<meta name=\"twitter:data1\" content=\"2 minutes\" \/>\n<script type=\"application\/ld+json\" class=\"yoast-schema-graph\">{\"@context\":\"https:\/\/schema.org\",\"@graph\":[{\"@type\":\"WebPage\",\"@id\":\"https:\/\/www.le-celadon.fr\/fr\/la-maison\/les-evenements\/\",\"url\":\"https:\/\/www.le-celadon.fr\/fr\/la-maison\/les-evenements\/\",\"name\":\"Les \u00e9v\u00e9nements - Celadon\",\"isPartOf\":{\"@id\":\"https:\/\/www.le-celadon.fr\/fr\/#website\"},\"datePublished\":\"2025-04-08T14:29:37+00:00\",\"dateModified\":\"2025-07-15T17:33:13+00:00\",\"description\":\"Organisez vos \u00e9v\u00e9nements priv\u00e9s ou professionnels au C\u00e9ladon\",\"breadcrumb\":{\"@id\":\"https:\/\/www.le-celadon.fr\/fr\/la-maison\/les-evenements\/#breadcrumb\"},\"inLanguage\":\"fr-FR\",\"potentialAction\":[{\"@type\":\"ReadAction\",\"target\":[\"https:\/\/www.le-celadon.fr\/fr\/la-maison\/les-evenements\/\"]}]},{\"@type\":\"BreadcrumbList\",\"@id\":\"https:\/\/www.le-celadon.fr\/fr\/la-maison\/les-evenements\/#breadcrumb\",\"itemListElement\":[{\"@type\":\"ListItem\",\"position\":1,\"name\":\"Home\",\"item\":\"https:\/\/www.le-celadon.fr\/fr\/\"},{\"@type\":\"ListItem\",\"position\":2,\"name\":\"La Maison\",\"item\":\"https:\/\/www.le-celadon.fr\/fr\/la-maison\/\"},{\"@type\":\"ListItem\",\"position\":3,\"name\":\"Les \u00e9v\u00e9nements\"}]},{\"@type\":\"WebSite\",\"@id\":\"https:\/\/www.le-celadon.fr\/fr\/#website\",\"url\":\"https:\/\/www.le-celadon.fr\/fr\/\",\"name\":\"Celadon\",\"description\":\"Maison d&#039;h\u00f4tes de charme proche du Puy du Fou\",\"publisher\":{\"@id\":\"https:\/\/www.le-celadon.fr\/fr\/#organization\"},\"potentialAction\":[{\"@type\":\"SearchAction\",\"target\":{\"@type\":\"EntryPoint\",\"urlTemplate\":\"https:\/\/www.le-celadon.fr\/fr\/?s={search_term_string}\"},\"query-input\":\"required name=search_term_string\"}],\"inLanguage\":\"fr-FR\"},{\"@type\":\"Organization\",\"@id\":\"https:\/\/www.le-celadon.fr\/fr\/#organization\",\"name\":\"Le C\u00e9ladon\",\"url\":\"https:\/\/www.le-celadon.fr\/fr\/\",\"logo\":{\"@type\":\"ImageObject\",\"inLanguage\":\"fr-FR\",\"@id\":\"https:\/\/www.le-celadon.fr\/fr\/#\/schema\/logo\/image\/\",\"url\":\"https:\/\/www.le-celadon.fr\/wp-content\/uploads\/2017\/04\/header-logo.png\",\"contentUrl\":\"https:\/\/www.le-celadon.fr\/wp-content\/uploads\/2017\/04\/header-logo.png\",\"width\":275,\"height\":59,\"caption\":\"Le C\u00e9ladon\"},\"image\":{\"@id\":\"https:\/\/www.le-celadon.fr\/fr\/#\/schema\/logo\/image\/\"},\"sameAs\":[\"https:\/\/www.facebook.com\/Le-C\u00e9ladon-Maison-dh\u00f4te-de-charme-985842411553284\/\"]}]}<\/script>\n<!-- \/ Yoast SEO plugin. -->","yoast_head_json":{"title":"Les \u00e9v\u00e9nements - Celadon","description":"Organisez vos \u00e9v\u00e9nements priv\u00e9s ou professionnels au C\u00e9ladon","robots":{"index":"index","follow":"follow","max-snippet":"max-snippet:-1","max-image-preview":"max-image-preview:large","max-video-preview":"max-video-preview:-1"},"canonical":"https:\/\/www.le-celadon.fr\/fr\/la-maison\/les-evenements\/","og_locale":"fr_FR","og_type":"article","og_title":"Les \u00e9v\u00e9nements - Celadon","og_description":"Organisez vos \u00e9v\u00e9nements priv\u00e9s ou professionnels au C\u00e9ladon","og_url":"https:\/\/www.le-celadon.fr\/fr\/la-maison\/les-evenements\/","og_site_name":"Celadon","article_publisher":"https:\/\/www.facebook.com\/Le-C%c3%a9ladon-Maison-dh%c3%b4te-de-charme-985842411553284\/","article_modified_time":"2025-07-15T17:33:13+00:00","twitter_card":"summary_large_image","twitter_misc":{"Dur\u00e9e de lecture estim\u00e9e":"2 minutes"},"schema":{"@context":"https:\/\/schema.org","@graph":[{"@type":"WebPage","@id":"https:\/\/www.le-celadon.fr\/fr\/la-maison\/les-evenements\/","url":"https:\/\/www.le-celadon.fr\/fr\/la-maison\/les-evenements\/","name":"Les \u00e9v\u00e9nements - Celadon","isPartOf":{"@id":"https:\/\/www.le-celadon.fr\/fr\/#website"},"datePublished":"2025-04-08T14:29:37+00:00","dateModified":"2025-07-15T17:33:13+00:00","description":"Organisez vos \u00e9v\u00e9nements priv\u00e9s ou professionnels au C\u00e9ladon","breadcrumb":{"@id":"https:\/\/www.le-celadon.fr\/fr\/la-maison\/les-evenements\/#breadcrumb"},"inLanguage":"fr-FR","potentialAction":[{"@type":"ReadAction","target":["https:\/\/www.le-celadon.fr\/fr\/la-maison\/les-evenements\/"]}]},{"@type":"BreadcrumbList","@id":"https:\/\/www.le-celadon.fr\/fr\/la-maison\/les-evenements\/#breadcrumb","itemListElement":[{"@type":"ListItem","position":1,"name":"Home","item":"https:\/\/www.le-celadon.fr\/fr\/"},{"@type":"ListItem","position":2,"name":"La Maison","item":"https:\/\/www.le-celadon.fr\/fr\/la-maison\/"},{"@type":"ListItem","position":3,"name":"Les \u00e9v\u00e9nements"}]},{"@type":"WebSite","@id":"https:\/\/www.le-celadon.fr\/fr\/#website","url":"https:\/\/www.le-celadon.fr\/fr\/","name":"Celadon","description":"Maison d&#039;h\u00f4tes de charme proche du Puy du Fou","publisher":{"@id":"https:\/\/www.le-celadon.fr\/fr\/#organization"},"potentialAction":[{"@type":"SearchAction","target":{"@type":"EntryPoint","urlTemplate":"https:\/\/www.le-celadon.fr\/fr\/?s={search_term_string}"},"query-input":"required name=search_term_string"}],"inLanguage":"fr-FR"},{"@type":"Organization","@id":"https:\/\/www.le-celadon.fr\/fr\/#organization","name":"Le C\u00e9ladon","url":"https:\/\/www.le-celadon.fr\/fr\/","logo":{"@type":"ImageObject","inLanguage":"fr-FR","@id":"https:\/\/www.le-celadon.fr\/fr\/#\/schema\/logo\/image\/","url":"https:\/\/www.le-celadon.fr\/wp-content\/uploads\/2017\/04\/header-logo.png","contentUrl":"https:\/\/www.le-celadon.fr\/wp-content\/uploads\/2017\/04\/header-logo.png","width":275,"height":59,"caption":"Le C\u00e9ladon"},"image":{"@id":"https:\/\/www.le-celadon.fr\/fr\/#\/schema\/logo\/image\/"},"sameAs":["https:\/\/www.facebook.com\/Le-C\u00e9ladon-Maison-dh\u00f4te-de-charme-985842411553284\/"]}]}},"_links":{"self":[{"href":"https:\/\/www.le-celadon.fr\/fr\/wp-json\/wp\/v2\/pages\/3768"}],"collection":[{"href":"https:\/\/www.le-celadon.fr\/fr\/wp-json\/wp\/v2\/pages"}],"about":[{"href":"https:\/\/www.le-celadon.fr\/fr\/wp-json\/wp\/v2\/types\/page"}],"author":[{"embeddable":true,"href":"https:\/\/www.le-celadon.fr\/fr\/wp-json\/wp\/v2\/users\/3"}],"replies":[{"embeddable":true,"href":"https:\/\/www.le-celadon.fr\/fr\/wp-json\/wp\/v2\/comments?post=3768"}],"version-history":[{"count":5,"href":"https:\/\/www.le-celadon.fr\/fr\/wp-json\/wp\/v2\/pages\/3768\/revisions"}],"predecessor-version":[{"id":3887,"href":"https:\/\/www.le-celadon.fr\/fr\/wp-json\/wp\/v2\/pages\/3768\/revisions\/3887"}],"up":[{"embeddable":true,"href":"https:\/\/www.le-celadon.fr\/fr\/wp-json\/wp\/v2\/pages\/233"}],"wp:attachment":[{"href":"https:\/\/www.le-celadon.fr\/fr\/wp-json\/wp\/v2\/media?parent=3768"}],"curies":[{"name":"wp","href":"https:\/\/api.w.org\/{rel}","templated":true}]}}