{"id":3771,"date":"2025-04-09T16:42:47","date_gmt":"2025-04-09T16:42:47","guid":{"rendered":"https:\/\/www.le-celadon.fr\/?page_id=3771"},"modified":"2025-07-15T17:44:41","modified_gmt":"2025-07-15T17:44:41","slug":"sejour-gastronomique","status":"publish","type":"page","link":"https:\/\/www.le-celadon.fr\/fr\/sejour-gastronomique\/","title":{"rendered":"S\u00e9jour gastronomique"},"content":{"rendered":"<h1>S\u00e9journez au C\u00e9ladon, d\u00eenez \u00e0 La Robe \u2013 Une Exp\u00e9rience Unique<\/h1>\n<p>D\u00e9couvrez l&rsquo;alliance parfaite entre \u00e9l\u00e9gance et saveurs ! Le C\u00e9ladon s&rsquo;associe \u00e0 La Robe, un restaurant gastronomique 1 \u00c9toile Guide MICHELIN et son extension bistro : L\u2019Atelier, s\u00e9lectionn\u00e9<br \/>\npar le Guide MICHELIN pour vous offrir des s\u00e9jours gastronomiques inoubliables.<br \/>\nPlongez dans une exp\u00e9rience sensorielle unique o\u00f9 chaque instant est une invitation \u00e0 la d\u00e9tente et \u00e0 la gourmandise. Laissez-vous s\u00e9duire par des mets raffin\u00e9s et des nuits paisibles dans un<br \/>\ncadre idyllique. R\u00e9servez d\u00e8s maintenant et vivez une escapade d\u2019exception.<\/p>\n<h2>Un s\u00e9jour \u00e9toil\u00e9<\/h2>\n<p><img decoding=\"async\" loading=\"lazy\" class=\"alignright size-news-thumbnail wp-image-3854\" src=\"https:\/\/www.le-celadon.fr\/wp-content\/uploads\/2025\/07\/PHOTO-N\u00b06-505x319.png\" alt=\"\" width=\"505\" height=\"319\" \/><\/p>\n<p>R\u00e9servez votre chambre ainsi qu\u2019un d\u00eener ou un d\u00e9jeuner au <a href=\"https:\/\/guide.michelin.com\/fr\/fr\/pays-de-la-loire\/montaigu\/restaurant\/la-robe\" target=\"_blank\" rel=\"noopener\">restaurant 1 \u00c9toile Guide MICHELIN La Robe<\/a> en b\u00e9n\u00e9ficiant de notre remise partenaire. Sous condition de disponibilit\u00e9, pour les vendredis et samedis soir, anticipez votre r\u00e9servation un mois \u00e0 l\u2019avance. Le C\u00e9ladon se charge de votre r\u00e9servation aupr\u00e8s de La Robe et vous confirmera la possibilit\u00e9 d\u2019avoir une table.<\/p>\n<p><a href=\"https:\/\/www.restaurant-la-robe.com\/restaurant-etoile-vendee\/\">D\u00e9couvrez La Robe<\/a><\/p>\n<h2>Un s\u00e9jour bistronomique<\/h2>\n<p>R\u00e9servez votre chambre ainsi qu\u2019un d\u00eener ou un d\u00e9jeuner au bistro L\u2019Atelier (<a href=\"https:\/\/guide.michelin.com\/fr\/fr\/pays-de-la-loire\/montaigu\/restaurant\/l-atelier-1216533\" target=\"_blank\" rel=\"noopener\">S\u00e9lection Guide MICHELIN 2024<\/a>) en b\u00e9n\u00e9ficiant de notre remise partenaire. Sous condition de disponibilit\u00e9, pour les vendredis et samedis soir, pr\u00e9voyez de r\u00e9server au moins deux semaines \u00e0 l\u2019avance. Le C\u00e9ladon se charge de votre r\u00e9servation aupr\u00e8s de L\u2019Atelier et vous confirmera la possibilit\u00e9 d\u2019avoir une table.<\/p>\n<p><img decoding=\"async\" loading=\"lazy\" class=\"alignright wp-image-3772 size-full\" src=\"https:\/\/www.le-celadon.fr\/wp-content\/uploads\/2025\/04\/DSC06514-800x1200-1-e1752601311397.jpg\" alt=\"Restaurant La Robe\" width=\"505\" height=\"758\" \/><br \/>\n<a href=\"https:\/\/www.restaurant-la-robe.com\/l-atelier-bistrot-gastronomique\/\">D\u00e9couvrez L\u2019Atelier<\/a><\/p>\n","protected":false},"excerpt":{"rendered":"<p>S\u00e9journez au C\u00e9ladon, d\u00eenez \u00e0 La Robe \u2013 Une Exp\u00e9rience Unique D\u00e9couvrez l&rsquo;alliance parfaite entre \u00e9l\u00e9gance et saveurs ! Le C\u00e9ladon s&rsquo;associe \u00e0 La Robe, un restaurant gastronomique 1 \u00c9toile Guide MICHELIN et son extension bistro : L\u2019Atelier, s\u00e9lectionn\u00e9 par le Guide MICHELIN pour vous offrir des s\u00e9jours gastronomiques inoubliables. Plongez dans une exp\u00e9rience sensorielle unique o\u00f9 chaque instant est &hellip; <a href=\"https:\/\/www.le-celadon.fr\/fr\/sejour-gastronomique\/\" class=\"more\"><\/a><\/p>\n","protected":false},"author":3,"featured_media":0,"parent":0,"menu_order":0,"comment_status":"closed","ping_status":"closed","template":"","meta":{"footnotes":""},"acf":[],"yoast_head":"<!-- This site is optimized with the Yoast SEO plugin v22.6 - https:\/\/yoast.com\/wordpress\/plugins\/seo\/ -->\n<title>S\u00e9jour gastronomique - Celadon<\/title>\n<meta name=\"description\" content=\"Le C\u00e9ladon s&#039;associe \u00e0 La Robe, un restaurant gastronomique 1 \u00c9toile Guide MICHELIN et son extension bistro : L\u2019Atelier, s\u00e9lectionn\u00e9 par le Guide MICHELIN pour vous offrir des s\u00e9jours gastronomiques inoubliables.\" \/>\n<meta name=\"robots\" content=\"index, follow, max-snippet:-1, max-image-preview:large, max-video-preview:-1\" \/>\n<link rel=\"canonical\" href=\"https:\/\/www.le-celadon.fr\/fr\/sejour-gastronomique\/\" \/>\n<meta property=\"og:locale\" content=\"fr_FR\" \/>\n<meta property=\"og:type\" content=\"article\" \/>\n<meta property=\"og:title\" content=\"S\u00e9jour gastronomique - Celadon\" \/>\n<meta property=\"og:description\" content=\"Le C\u00e9ladon s&#039;associe \u00e0 La Robe, un restaurant gastronomique 1 \u00c9toile Guide MICHELIN et son extension bistro : L\u2019Atelier, s\u00e9lectionn\u00e9 par le Guide MICHELIN pour vous offrir des s\u00e9jours gastronomiques inoubliables.\" \/>\n<meta property=\"og:url\" content=\"https:\/\/www.le-celadon.fr\/fr\/sejour-gastronomique\/\" \/>\n<meta property=\"og:site_name\" content=\"Celadon\" \/>\n<meta property=\"article:publisher\" content=\"https:\/\/www.facebook.com\/Le-C%c3%a9ladon-Maison-dh%c3%b4te-de-charme-985842411553284\/\" \/>\n<meta property=\"article:modified_time\" content=\"2025-07-15T17:44:41+00:00\" \/>\n<meta property=\"og:image\" content=\"https:\/\/www.le-celadon.fr\/wp-content\/uploads\/2025\/04\/DSC06514-800x1200-1-e1752601311397.jpg\" \/>\n<meta name=\"twitter:card\" content=\"summary_large_image\" \/>\n<meta name=\"twitter:label1\" content=\"Dur\u00e9e de lecture estim\u00e9e\" \/>\n\t<meta name=\"twitter:data1\" content=\"2 minutes\" \/>\n<script type=\"application\/ld+json\" class=\"yoast-schema-graph\">{\"@context\":\"https:\/\/schema.org\",\"@graph\":[{\"@type\":\"WebPage\",\"@id\":\"https:\/\/www.le-celadon.fr\/fr\/sejour-gastronomique\/\",\"url\":\"https:\/\/www.le-celadon.fr\/fr\/sejour-gastronomique\/\",\"name\":\"S\u00e9jour gastronomique - Celadon\",\"isPartOf\":{\"@id\":\"https:\/\/www.le-celadon.fr\/fr\/#website\"},\"primaryImageOfPage\":{\"@id\":\"https:\/\/www.le-celadon.fr\/fr\/sejour-gastronomique\/#primaryimage\"},\"image\":{\"@id\":\"https:\/\/www.le-celadon.fr\/fr\/sejour-gastronomique\/#primaryimage\"},\"thumbnailUrl\":\"https:\/\/www.le-celadon.fr\/wp-content\/uploads\/2025\/04\/DSC06514-800x1200-1-e1752601311397.jpg\",\"datePublished\":\"2025-04-09T16:42:47+00:00\",\"dateModified\":\"2025-07-15T17:44:41+00:00\",\"description\":\"Le C\u00e9ladon s'associe \u00e0 La Robe, un restaurant gastronomique 1 \u00c9toile Guide MICHELIN et son extension bistro : L\u2019Atelier, s\u00e9lectionn\u00e9 par le Guide MICHELIN pour vous offrir des s\u00e9jours gastronomiques inoubliables.\",\"breadcrumb\":{\"@id\":\"https:\/\/www.le-celadon.fr\/fr\/sejour-gastronomique\/#breadcrumb\"},\"inLanguage\":\"fr-FR\",\"potentialAction\":[{\"@type\":\"ReadAction\",\"target\":[\"https:\/\/www.le-celadon.fr\/fr\/sejour-gastronomique\/\"]}]},{\"@type\":\"ImageObject\",\"inLanguage\":\"fr-FR\",\"@id\":\"https:\/\/www.le-celadon.fr\/fr\/sejour-gastronomique\/#primaryimage\",\"url\":\"https:\/\/www.le-celadon.fr\/wp-content\/uploads\/2025\/04\/DSC06514-800x1200-1-e1752601311397.jpg\",\"contentUrl\":\"https:\/\/www.le-celadon.fr\/wp-content\/uploads\/2025\/04\/DSC06514-800x1200-1-e1752601311397.jpg\"},{\"@type\":\"BreadcrumbList\",\"@id\":\"https:\/\/www.le-celadon.fr\/fr\/sejour-gastronomique\/#breadcrumb\",\"itemListElement\":[{\"@type\":\"ListItem\",\"position\":1,\"name\":\"Home\",\"item\":\"https:\/\/www.le-celadon.fr\/fr\/\"},{\"@type\":\"ListItem\",\"position\":2,\"name\":\"S\u00e9jour gastronomique\"}]},{\"@type\":\"WebSite\",\"@id\":\"https:\/\/www.le-celadon.fr\/fr\/#website\",\"url\":\"https:\/\/www.le-celadon.fr\/fr\/\",\"name\":\"Celadon\",\"description\":\"Maison d&#039;h\u00f4tes de charme proche du Puy du Fou\",\"publisher\":{\"@id\":\"https:\/\/www.le-celadon.fr\/fr\/#organization\"},\"potentialAction\":[{\"@type\":\"SearchAction\",\"target\":{\"@type\":\"EntryPoint\",\"urlTemplate\":\"https:\/\/www.le-celadon.fr\/fr\/?s={search_term_string}\"},\"query-input\":\"required name=search_term_string\"}],\"inLanguage\":\"fr-FR\"},{\"@type\":\"Organization\",\"@id\":\"https:\/\/www.le-celadon.fr\/fr\/#organization\",\"name\":\"Le C\u00e9ladon\",\"url\":\"https:\/\/www.le-celadon.fr\/fr\/\",\"logo\":{\"@type\":\"ImageObject\",\"inLanguage\":\"fr-FR\",\"@id\":\"https:\/\/www.le-celadon.fr\/fr\/#\/schema\/logo\/image\/\",\"url\":\"https:\/\/www.le-celadon.fr\/wp-content\/uploads\/2017\/04\/header-logo.png\",\"contentUrl\":\"https:\/\/www.le-celadon.fr\/wp-content\/uploads\/2017\/04\/header-logo.png\",\"width\":275,\"height\":59,\"caption\":\"Le C\u00e9ladon\"},\"image\":{\"@id\":\"https:\/\/www.le-celadon.fr\/fr\/#\/schema\/logo\/image\/\"},\"sameAs\":[\"https:\/\/www.facebook.com\/Le-C\u00e9ladon-Maison-dh\u00f4te-de-charme-985842411553284\/\"]}]}<\/script>\n<!-- \/ Yoast SEO plugin. -->","yoast_head_json":{"title":"S\u00e9jour gastronomique - Celadon","description":"Le C\u00e9ladon s'associe \u00e0 La Robe, un restaurant gastronomique 1 \u00c9toile Guide MICHELIN et son extension bistro : L\u2019Atelier, s\u00e9lectionn\u00e9 par le Guide MICHELIN pour vous offrir des s\u00e9jours gastronomiques inoubliables.","robots":{"index":"index","follow":"follow","max-snippet":"max-snippet:-1","max-image-preview":"max-image-preview:large","max-video-preview":"max-video-preview:-1"},"canonical":"https:\/\/www.le-celadon.fr\/fr\/sejour-gastronomique\/","og_locale":"fr_FR","og_type":"article","og_title":"S\u00e9jour gastronomique - Celadon","og_description":"Le C\u00e9ladon s'associe \u00e0 La Robe, un restaurant gastronomique 1 \u00c9toile Guide MICHELIN et son extension bistro : L\u2019Atelier, s\u00e9lectionn\u00e9 par le Guide MICHELIN pour vous offrir des s\u00e9jours gastronomiques inoubliables.","og_url":"https:\/\/www.le-celadon.fr\/fr\/sejour-gastronomique\/","og_site_name":"Celadon","article_publisher":"https:\/\/www.facebook.com\/Le-C%c3%a9ladon-Maison-dh%c3%b4te-de-charme-985842411553284\/","article_modified_time":"2025-07-15T17:44:41+00:00","og_image":[{"url":"https:\/\/www.le-celadon.fr\/wp-content\/uploads\/2025\/04\/DSC06514-800x1200-1-e1752601311397.jpg"}],"twitter_card":"summary_large_image","twitter_misc":{"Dur\u00e9e de lecture estim\u00e9e":"2 minutes"},"schema":{"@context":"https:\/\/schema.org","@graph":[{"@type":"WebPage","@id":"https:\/\/www.le-celadon.fr\/fr\/sejour-gastronomique\/","url":"https:\/\/www.le-celadon.fr\/fr\/sejour-gastronomique\/","name":"S\u00e9jour gastronomique - Celadon","isPartOf":{"@id":"https:\/\/www.le-celadon.fr\/fr\/#website"},"primaryImageOfPage":{"@id":"https:\/\/www.le-celadon.fr\/fr\/sejour-gastronomique\/#primaryimage"},"image":{"@id":"https:\/\/www.le-celadon.fr\/fr\/sejour-gastronomique\/#primaryimage"},"thumbnailUrl":"https:\/\/www.le-celadon.fr\/wp-content\/uploads\/2025\/04\/DSC06514-800x1200-1-e1752601311397.jpg","datePublished":"2025-04-09T16:42:47+00:00","dateModified":"2025-07-15T17:44:41+00:00","description":"Le C\u00e9ladon s'associe \u00e0 La Robe, un restaurant gastronomique 1 \u00c9toile Guide MICHELIN et son extension bistro : L\u2019Atelier, s\u00e9lectionn\u00e9 par le Guide MICHELIN pour vous offrir des s\u00e9jours gastronomiques inoubliables.","breadcrumb":{"@id":"https:\/\/www.le-celadon.fr\/fr\/sejour-gastronomique\/#breadcrumb"},"inLanguage":"fr-FR","potentialAction":[{"@type":"ReadAction","target":["https:\/\/www.le-celadon.fr\/fr\/sejour-gastronomique\/"]}]},{"@type":"ImageObject","inLanguage":"fr-FR","@id":"https:\/\/www.le-celadon.fr\/fr\/sejour-gastronomique\/#primaryimage","url":"https:\/\/www.le-celadon.fr\/wp-content\/uploads\/2025\/04\/DSC06514-800x1200-1-e1752601311397.jpg","contentUrl":"https:\/\/www.le-celadon.fr\/wp-content\/uploads\/2025\/04\/DSC06514-800x1200-1-e1752601311397.jpg"},{"@type":"BreadcrumbList","@id":"https:\/\/www.le-celadon.fr\/fr\/sejour-gastronomique\/#breadcrumb","itemListElement":[{"@type":"ListItem","position":1,"name":"Home","item":"https:\/\/www.le-celadon.fr\/fr\/"},{"@type":"ListItem","position":2,"name":"S\u00e9jour gastronomique"}]},{"@type":"WebSite","@id":"https:\/\/www.le-celadon.fr\/fr\/#website","url":"https:\/\/www.le-celadon.fr\/fr\/","name":"Celadon","description":"Maison d&#039;h\u00f4tes de charme proche du Puy du Fou","publisher":{"@id":"https:\/\/www.le-celadon.fr\/fr\/#organization"},"potentialAction":[{"@type":"SearchAction","target":{"@type":"EntryPoint","urlTemplate":"https:\/\/www.le-celadon.fr\/fr\/?s={search_term_string}"},"query-input":"required name=search_term_string"}],"inLanguage":"fr-FR"},{"@type":"Organization","@id":"https:\/\/www.le-celadon.fr\/fr\/#organization","name":"Le C\u00e9ladon","url":"https:\/\/www.le-celadon.fr\/fr\/","logo":{"@type":"ImageObject","inLanguage":"fr-FR","@id":"https:\/\/www.le-celadon.fr\/fr\/#\/schema\/logo\/image\/","url":"https:\/\/www.le-celadon.fr\/wp-content\/uploads\/2017\/04\/header-logo.png","contentUrl":"https:\/\/www.le-celadon.fr\/wp-content\/uploads\/2017\/04\/header-logo.png","width":275,"height":59,"caption":"Le C\u00e9ladon"},"image":{"@id":"https:\/\/www.le-celadon.fr\/fr\/#\/schema\/logo\/image\/"},"sameAs":["https:\/\/www.facebook.com\/Le-C\u00e9ladon-Maison-dh\u00f4te-de-charme-985842411553284\/"]}]}},"_links":{"self":[{"href":"https:\/\/www.le-celadon.fr\/fr\/wp-json\/wp\/v2\/pages\/3771"}],"collection":[{"href":"https:\/\/www.le-celadon.fr\/fr\/wp-json\/wp\/v2\/pages"}],"about":[{"href":"https:\/\/www.le-celadon.fr\/fr\/wp-json\/wp\/v2\/types\/page"}],"author":[{"embeddable":true,"href":"https:\/\/www.le-celadon.fr\/fr\/wp-json\/wp\/v2\/users\/3"}],"replies":[{"embeddable":true,"href":"https:\/\/www.le-celadon.fr\/fr\/wp-json\/wp\/v2\/comments?post=3771"}],"version-history":[{"count":6,"href":"https:\/\/www.le-celadon.fr\/fr\/wp-json\/wp\/v2\/pages\/3771\/revisions"}],"predecessor-version":[{"id":3899,"href":"https:\/\/www.le-celadon.fr\/fr\/wp-json\/wp\/v2\/pages\/3771\/revisions\/3899"}],"wp:attachment":[{"href":"https:\/\/www.le-celadon.fr\/fr\/wp-json\/wp\/v2\/media?parent=3771"}],"curies":[{"name":"wp","href":"https:\/\/api.w.org\/{rel}","templated":true}]}}