{"id":4,"date":"2017-04-04T11:55:51","date_gmt":"2017-04-04T11:55:51","guid":{"rendered":"http:\/\/www.le-celadon.fr\/?page_id=4"},"modified":"2025-07-15T17:37:08","modified_gmt":"2025-07-15T17:37:08","slug":"les-chambres","status":"publish","type":"page","link":"https:\/\/www.le-celadon.fr\/fr\/les-chambres\/","title":{"rendered":"Les Chambres"},"content":{"rendered":"<section class=\"banner_image banner-chambre\">\n<div class=\"row\">\n<div class=\"column medium-centered text-center small-12 medium-8 large-6\">\n<header class=\"entry-header\">\n<h1>Les chambres<\/h1>\n<p style=\"text-align: center;\">Les quatre chambres du C\u00e9ladon partagent l&rsquo;histoire de la demeure. Elles consacrent, avec \u00e9l\u00e9gance, la rencontre de la France et de l&rsquo;Asie.<\/p>\n<\/header>\n<\/div>\n<\/div>\n<\/section>\n<section class=\"chambres-descr\">\n<div class=\"row\">\n<div class=\"column large-12 large-centered text-center\">\n<p style=\"text-align: left;\">Les quatre chambres du C\u00e9ladon partagent l\u2019histoire de la demeure. Elles consacrent, avec \u00e9l\u00e9gance, la rencontre de la France et de l\u2019Asie et expriment toutes un mariage de couleurs, de d\u00e9coration subtile, de voyages et d\u2019\u00e9motions. Dot\u00e9es chacune d\u2019une diff\u00e9rente personnalit\u00e9, elles ont en commun la douceur et le raffinement et offrent chacune confort, calme et qui\u00e9tude. Pens\u00e9es dans les moindres d\u00e9tails, teint\u00e9es du luxe discret des demeures particuli\u00e8res et fi\u00e8res de leur caract\u00e8re, elles attendent leurs h\u00f4tes avec une promesse de rencontre et de souvenirs \u00e0 emporter. Le salon Anakha compl\u00e8te l\u2019hospitalit\u00e9 de nos h\u00f4tes.<\/p>\n<\/div>\n<\/div>\n<\/section>\n<section id=\"perle\" class=\"chambre\">\n<div class=\"row\">\n<div class=\"column large-6 js-eh\">\n<figure><img decoding=\"async\" loading=\"lazy\" class=\"alignleft wp-image-1204 size-medium\" src=\"\/wp-content\/uploads\/2017\/05\/chambre_perle-566x378.jpg\" alt=\"\" width=\"566\" height=\"378\" srcset=\"https:\/\/www.le-celadon.fr\/wp-content\/uploads\/2017\/05\/chambre_perle-566x378.jpg 566w, https:\/\/www.le-celadon.fr\/wp-content\/uploads\/2017\/05\/chambre_perle-768x513.jpg 768w, https:\/\/www.le-celadon.fr\/wp-content\/uploads\/2017\/05\/chambre_perle-1116x745.jpg 1116w, https:\/\/www.le-celadon.fr\/wp-content\/uploads\/2017\/05\/chambre_perle-360x240.jpg 360w, https:\/\/www.le-celadon.fr\/wp-content\/uploads\/2017\/05\/chambre_perle-312x208.jpg 312w, https:\/\/www.le-celadon.fr\/wp-content\/uploads\/2017\/05\/chambre_perle-1618x1080.jpg 1618w, https:\/\/www.le-celadon.fr\/wp-content\/uploads\/2017\/05\/chambre_perle-88x59.jpg 88w, https:\/\/www.le-celadon.fr\/wp-content\/uploads\/2017\/05\/chambre_perle-75x50.jpg 75w, https:\/\/www.le-celadon.fr\/wp-content\/uploads\/2017\/05\/chambre_perle-1920x1281.jpg 1920w, https:\/\/www.le-celadon.fr\/wp-content\/uploads\/2017\/05\/chambre_perle-321x214.jpg 321w\" sizes=\"(max-width: 566px) 100vw, 566px\" \/><a class=\"trigger-gallery\" href=\"#perle\">plus de photos<\/a><\/figure>\n<\/div>\n<div class=\"column large-6 js-eh\">\n<div class=\"text-wrapper\">\n<h3 class=\"name\">chambre perle<\/h3>\n<p>&nbsp;<\/p>\n<p>Situ\u00e9e au 2 \u00e8me \u00e9tage, la chambre \u00a0Perle \u00a0semble \u00e9merger d&rsquo;un r\u00eave de gr\u00e8ve et de brume. Envelopp\u00e9e dans des tons \u00ab bleu-gris \u00bb, elle r\u00e9v\u00e8le des tissus soyeux et chin\u00e9s en Asie et s&rsquo;entoure de beaux meubles pastels et de doux et jolis objets.<\/p>\n<p>Ayant conserv\u00e9 son parquet d&rsquo;origine, Perle exprime une d\u00e9coration raffin\u00e9e et apaisante. Elle dispose d&rsquo;un lit 140 cm et peut accueillir deux personnes. Elle poss\u00e8de de nombreux rangements ainsi qu\u2019une salle de douche attenante et des toilettes privatifs.<\/p>\n<div class=\"actions\"><a class=\"btn-white\" href=\"\/celadon\/les-tarifs\/\">voir les tarifs<\/a><a class=\"btn-green\" href=\"\/celadon\/contact-reservations\/\">r\u00e9server<\/a><\/div>\n<\/div>\n<\/div>\n<\/div>\n<\/section>\n<section id=\"nacre\" class=\"chambre\">\n<div class=\"row\">\n<div class=\"column large-6 large-push-6 js-eh\">\n<figure><img decoding=\"async\" loading=\"lazy\" class=\"alignleft wp-image-1419 size-medium\" src=\"\/wp-content\/uploads\/2017\/04\/chambre_nacre-1-566x378.jpg\" alt=\"\" width=\"566\" height=\"378\" srcset=\"https:\/\/www.le-celadon.fr\/wp-content\/uploads\/2017\/04\/chambre_nacre-1-566x378.jpg 566w, https:\/\/www.le-celadon.fr\/wp-content\/uploads\/2017\/04\/chambre_nacre-1-768x513.jpg 768w, https:\/\/www.le-celadon.fr\/wp-content\/uploads\/2017\/04\/chambre_nacre-1-1116x745.jpg 1116w, https:\/\/www.le-celadon.fr\/wp-content\/uploads\/2017\/04\/chambre_nacre-1-360x240.jpg 360w, https:\/\/www.le-celadon.fr\/wp-content\/uploads\/2017\/04\/chambre_nacre-1-312x208.jpg 312w, https:\/\/www.le-celadon.fr\/wp-content\/uploads\/2017\/04\/chambre_nacre-1-1618x1080.jpg 1618w, https:\/\/www.le-celadon.fr\/wp-content\/uploads\/2017\/04\/chambre_nacre-1-88x59.jpg 88w, https:\/\/www.le-celadon.fr\/wp-content\/uploads\/2017\/04\/chambre_nacre-1-75x50.jpg 75w, https:\/\/www.le-celadon.fr\/wp-content\/uploads\/2017\/04\/chambre_nacre-1-1920x1281.jpg 1920w, https:\/\/www.le-celadon.fr\/wp-content\/uploads\/2017\/04\/chambre_nacre-1-321x214.jpg 321w\" sizes=\"(max-width: 566px) 100vw, 566px\" \/><a class=\"trigger-gallery\" href=\"#nacre\">plus de photos<\/a><\/figure>\n<\/div>\n<div class=\"column large-6 large-pull-6 js-eh\">\n<div class=\"text-wrapper\">\n<h3 class=\"name\">chambre nacre<\/h3>\n<p>&nbsp;<\/p>\n<p>Situ\u00e9e au 2 \u00e8me \u00e9tage , la chambre Nacre est un subtil m\u00e9lange de couleurs douces et poudr\u00e9es rehauss\u00e9 de douces \u00e9toffes et d&rsquo;un lit moelleux.<\/p>\n<p>Une historique baignoire ancienne \u00e0 pattes de lion, d\u00e9licatement pos\u00e9e sur une estrade en bois, personnalise sa salle de bains particuli\u00e8re. Elle dispose d&rsquo;un lit 140 cm et peut accueillir deux personnes.<\/p>\n<p>De son balcon, on peut admirer la ville et le clocher de l&rsquo;\u00e9glise.<\/p>\n<p>Toilettes privatifs.<\/p>\n<div class=\"actions\"><a class=\"btn-white\" href=\"\/celadon\/les-tarifs\/\">voir les tarifs<\/a><a class=\"btn-green\" href=\"\/celadon\/contact-reservations\/\">r\u00e9server<\/a><\/div>\n<\/div>\n<\/div>\n<\/div>\n<\/section>\n<section id=\"jade\" class=\"chambre\">\n<div class=\"row\">\n<div class=\"column large-6 js-eh\">\n<figure><img decoding=\"async\" loading=\"lazy\" class=\"alignnone wp-image-2896 size-medium\" src=\"https:\/\/www.le-celadon.fr\/wp-content\/uploads\/2020\/06\/61e3-566x425.jpg\" alt=\"chambre jade le celadon\" width=\"566\" height=\"425\" srcset=\"https:\/\/www.le-celadon.fr\/wp-content\/uploads\/2020\/06\/61e3-566x425.jpg 566w, https:\/\/www.le-celadon.fr\/wp-content\/uploads\/2020\/06\/61e3-768x576.jpg 768w, https:\/\/www.le-celadon.fr\/wp-content\/uploads\/2020\/06\/61e3-360x270.jpg 360w, https:\/\/www.le-celadon.fr\/wp-content\/uploads\/2020\/06\/61e3-312x234.jpg 312w, https:\/\/www.le-celadon.fr\/wp-content\/uploads\/2020\/06\/61e3-79x59.jpg 79w, https:\/\/www.le-celadon.fr\/wp-content\/uploads\/2020\/06\/61e3-67x50.jpg 67w, https:\/\/www.le-celadon.fr\/wp-content\/uploads\/2020\/06\/61e3-321x241.jpg 321w, https:\/\/www.le-celadon.fr\/wp-content\/uploads\/2020\/06\/61e3.jpg 1024w\" sizes=\"(max-width: 566px) 100vw, 566px\" \/><a class=\"trigger-gallery\" href=\"#jade\">plus de photos<\/a><\/figure>\n<\/div>\n<div class=\"column large-6 js-eh\">\n<div class=\"text-wrapper\">\n<h3 class=\"name\">chambre jade<\/h3>\n<p>&nbsp;<\/p>\n<p>Situ\u00e9e au 2 \u00e8me \u00e9tage, en face de la chambre Perle, la chambre Jade\u00a0est orient\u00e9e vers le Parc. Elle lui emprunte le vert des arbres centenaires mais aussi celui des extravagantes couleurs vertes asiatiques.<\/p>\n<p>Dot\u00e9e d\u2019un lit king size (180cm) ou de deux lits de 90cm (en fonction de la demande) elle peut \u00e9galement accueillir un lit b\u00e9b\u00e9 d\u2019appoint. Elle poss\u00e8de une salle de bains et des toilettes privatifs donnant sur le parc<\/p>\n<div class=\"actions\"><a class=\"btn-white\" href=\"\/les-tarifs\/\">voir les tarifs<\/a><a class=\"btn-green\" href=\"https:\/\/le-celadon.amenitiz.io\/fr\/booking\/room\" target=\"_blank\" rel=\"noopener noreferrer\">r\u00e9server<\/a><\/div>\n<\/div>\n<\/div>\n<\/div>\n<\/section>\n<section id=\"ambre\" class=\"chambre\"><a name=\"ambre\"><\/a><\/p>\n<div class=\"row\">\n<div class=\"column large-6 large-push-6 js-eh\">\n<figure><img decoding=\"async\" loading=\"lazy\" class=\"alignleft wp-image-600 size-medium\" src=\"\/wp-content\/uploads\/2017\/04\/chambre-4-566x445.jpg\" alt=\"\" width=\"566\" height=\"445\" srcset=\"https:\/\/www.le-celadon.fr\/wp-content\/uploads\/2017\/04\/chambre-4-566x445.jpg 566w, https:\/\/www.le-celadon.fr\/wp-content\/uploads\/2017\/04\/chambre-4-360x283.jpg 360w, https:\/\/www.le-celadon.fr\/wp-content\/uploads\/2017\/04\/chambre-4-312x245.jpg 312w, https:\/\/www.le-celadon.fr\/wp-content\/uploads\/2017\/04\/chambre-4-75x59.jpg 75w, https:\/\/www.le-celadon.fr\/wp-content\/uploads\/2017\/04\/chambre-4-64x50.jpg 64w, https:\/\/www.le-celadon.fr\/wp-content\/uploads\/2017\/04\/chambre-4-321x252.jpg 321w, https:\/\/www.le-celadon.fr\/wp-content\/uploads\/2017\/04\/chambre-4.jpg 639w\" sizes=\"(max-width: 566px) 100vw, 566px\" \/><a class=\"trigger-gallery\" href=\"#ambre\">plus de photos<\/a><\/figure>\n<\/div>\n<div class=\"column large-6 large-pull-6 js-eh\">\n<div class=\"text-wrapper\">\n<h3 class=\"name\">chambre ambre<\/h3>\n<p>&nbsp;<\/p>\n<p>Seule chambre situ\u00e9e au 1 er \u00e9tage de la maison, la chambre Ambre est une v\u00e9ritable promesse de voyages et d\u2019\u00e9vasion. Meubles anciens, pi\u00e8ces antiques et objets chin\u00e9s lui conf\u00e8rent une personnalit\u00e9 affirm\u00e9e.<\/p>\n<p>Ambre, chambre la plus spacieuse du C\u00e9ladon, dispose d\u2019un lit 160cm et peut accueillir deux personnes.<\/p>\n<p>Dans l\u2019esprit d\u2019un boudoir, sa salle de bains priv\u00e9e et attenante ajoute au luxe discret et confortable des lieux.<\/p>\n<p>Toilettes privatifs.<\/p>\n<div class=\"actions\"><a class=\"btn-white\" href=\"\/les-tarifs\/?lang=es\">voir les tarifs<\/a><a class=\"btn-green\" href=\"\/celadon\/contact-reservations\/\">r\u00e9server<\/a><\/div>\n<\/div>\n<\/div>\n<\/div>\n<\/section>\n<section id=\"celadon\" class=\"chambre\"><a name=\"celadon\"><\/a><\/p>\n<div class=\"row\">\n<div class=\"column large-6 js-eh\">\n<figure><img decoding=\"async\" loading=\"lazy\" class=\"alignleft wp-image-1007 size-medium\" src=\"\/wp-content\/uploads\/2022\/05\/IMG_5014-scaled.jpg\" alt=\"\" width=\"566\" height=\"378\" \/><a class=\"trigger-gallery\" href=\"#celadon\">plus de photos<\/a><\/figure>\n<\/div>\n<div class=\"column large-6 js-eh\">\n<div class=\"text-wrapper\">\n<h3 class=\"name\">le petit c\u00e9ladon<\/h3>\n<p>Suite avec acc\u00e8s ind\u00e9pendant, le petit C\u00e9ladon accueille confortablement jusqu\u2019\u00e0 5 personnes (4 personnes, dont un lit b\u00e9b\u00e9).R\u00e9habilit\u00e9 en 2022, cet ancien poulailler, nich\u00e9 au c\u0153ur du parc historique, marie pierres apparentes, bois et verri\u00e8re.<br \/>\nDot\u00e9 d\u2019une lumineuse cuisine de charme avec coin repas, dans l\u2019esprit des serres d\u2019antan, cet espace de 40 m2 dispose d\u2019une chambre en mezzanine (lit 140 cm), d\u2019un canap\u00e9-lit en rez-de-jardin (140 cm) et d\u2019une salle de douche avec WC.<br \/>\nDonnant sur un d\u00e9licieux jardin potager privatif de 65m2, ses meubles de famille et ses objets chin\u00e9s dans les tons de vert, ajoutent au caract\u00e8re champ\u00eatre et serein du lieu.<br \/>\nV\u00e9ritable invitation \u00e0 la d\u00e9tente et \u00e0 la r\u00eaverie, le Petit C\u00e9ladon est le lieu unique et parfait pour des s\u00e9jours en amoureux, en famille ou entre amis.<br \/>\nLes h\u00f4tes du Petit C\u00e9ladon b\u00e9n\u00e9ficient de l\u2019acc\u00e8s \u00e0 tous les \u00e9quipements ext\u00e9rieurs (piscine, jacuzzi, parc, terrasse, parking, v\u00e9lo, barbecue).<br \/>\n&#8211; Linge et draps fournis<br \/>\n&#8211; Lit b\u00e9b\u00e9 disponible (courtoisie)<br \/>\n&#8211; Petit d\u00e9jeuner non compris<br \/>\n&nbsp;<\/p>\n<div class=\"actions\"><a class=\"btn-white\" href=\"\/celadon\/les-tarifs\/\">voir les tarifs<\/a><a class=\"btn-green\" href=\"\/celadon\/contact-reservations\/\">r\u00e9server<\/a><\/div>\n<\/div>\n<\/div>\n<\/div>\n<\/section>\n<section class=\"section-characteristics pattern-logo\">\n<div class=\"row\">\n<div class=\"column\">\n<h2>Dans chaque chambre, vous trouverez :<\/h2>\n<\/div>\n<div class=\"row\">\n<ul class=\"column medium-4\">\n<li>linge de lit<\/li>\n<li>draps en lin<\/li>\n<li>espace non-fumeur<\/li>\n<\/ul>\n<ul class=\"column medium-5\">\n<li>serviettes de douche<\/li>\n<li>shampoing &amp; gel douche<\/li>\n<li>s\u00e8che-cheveux<\/li>\n<\/ul>\n<ul class=\"column medium-3\">\n<li>acc\u00e8s wi-fi<\/li>\n<li>rangements<\/li>\n<li>espace lecture<\/li>\n<\/ul>\n<\/div>\n<\/div>\n<\/section>\n","protected":false},"excerpt":{"rendered":"<p>Les chambres Les quatre chambres du C\u00e9ladon partagent l&rsquo;histoire de la demeure. Elles consacrent, avec \u00e9l\u00e9gance, la rencontre de la France et de l&rsquo;Asie. Les quatre chambres du C\u00e9ladon partagent l\u2019histoire de la demeure. Elles consacrent, avec \u00e9l\u00e9gance, la rencontre de la France et de l\u2019Asie et expriment toutes un mariage de couleurs, de d\u00e9coration subtile, de voyages et d\u2019\u00e9motions. &hellip; <a href=\"https:\/\/www.le-celadon.fr\/fr\/les-chambres\/\" class=\"more\"><\/a><\/p>\n","protected":false},"author":3,"featured_media":0,"parent":0,"menu_order":0,"comment_status":"closed","ping_status":"closed","template":"p-les-chambres.php","meta":{"footnotes":""},"acf":[],"yoast_head":"<!-- This site is optimized with the Yoast SEO plugin v22.6 - https:\/\/yoast.com\/wordpress\/plugins\/seo\/ -->\n<title>Les chambres - Le C\u00e9ladon<\/title>\n<meta name=\"description\" content=\"Les 1er et 2\u00e8me \u00e9tages abritent 4 chambres pouvant accueillir 2 personnes chacune, ainsi qu&#039;un vaste salon totalement privatif d\u00e9di\u00e9 \u00e0 l&#039;accueil des h\u00f4tes.\" \/>\n<meta name=\"robots\" content=\"index, follow, max-snippet:-1, max-image-preview:large, max-video-preview:-1\" \/>\n<link rel=\"canonical\" href=\"https:\/\/www.le-celadon.fr\/fr\/les-chambres\/\" \/>\n<meta property=\"og:locale\" content=\"fr_FR\" \/>\n<meta property=\"og:type\" content=\"article\" \/>\n<meta property=\"og:title\" content=\"Les chambres - Le C\u00e9ladon\" \/>\n<meta property=\"og:description\" content=\"Les 1er et 2\u00e8me \u00e9tages abritent 4 chambres pouvant accueillir 2 personnes chacune, ainsi qu&#039;un vaste salon totalement privatif d\u00e9di\u00e9 \u00e0 l&#039;accueil des h\u00f4tes.\" \/>\n<meta property=\"og:url\" content=\"https:\/\/www.le-celadon.fr\/fr\/les-chambres\/\" \/>\n<meta property=\"og:site_name\" content=\"Celadon\" \/>\n<meta property=\"article:publisher\" content=\"https:\/\/www.facebook.com\/Le-C%c3%a9ladon-Maison-dh%c3%b4te-de-charme-985842411553284\/\" \/>\n<meta property=\"article:modified_time\" content=\"2025-07-15T17:37:08+00:00\" \/>\n<meta property=\"og:image\" content=\"https:\/\/www.le-celadon.fr\/wp-content\/uploads\/2020\/06\/61e3-566x425.jpg\" \/>\n<meta name=\"twitter:card\" content=\"summary_large_image\" \/>\n<meta name=\"twitter:label1\" content=\"Dur\u00e9e de lecture estim\u00e9e\" \/>\n\t<meta name=\"twitter:data1\" content=\"4 minutes\" \/>\n<script type=\"application\/ld+json\" class=\"yoast-schema-graph\">{\"@context\":\"https:\/\/schema.org\",\"@graph\":[{\"@type\":\"WebPage\",\"@id\":\"https:\/\/www.le-celadon.fr\/fr\/les-chambres\/\",\"url\":\"https:\/\/www.le-celadon.fr\/fr\/les-chambres\/\",\"name\":\"Les chambres - Le C\u00e9ladon\",\"isPartOf\":{\"@id\":\"https:\/\/www.le-celadon.fr\/fr\/#website\"},\"primaryImageOfPage\":{\"@id\":\"https:\/\/www.le-celadon.fr\/fr\/les-chambres\/#primaryimage\"},\"image\":{\"@id\":\"https:\/\/www.le-celadon.fr\/fr\/les-chambres\/#primaryimage\"},\"thumbnailUrl\":\"https:\/\/www.le-celadon.fr\/wp-content\/uploads\/2020\/06\/61e3-566x425.jpg\",\"datePublished\":\"2017-04-04T11:55:51+00:00\",\"dateModified\":\"2025-07-15T17:37:08+00:00\",\"description\":\"Les 1er et 2\u00e8me \u00e9tages abritent 4 chambres pouvant accueillir 2 personnes chacune, ainsi qu'un vaste salon totalement privatif d\u00e9di\u00e9 \u00e0 l'accueil des h\u00f4tes.\",\"breadcrumb\":{\"@id\":\"https:\/\/www.le-celadon.fr\/fr\/les-chambres\/#breadcrumb\"},\"inLanguage\":\"fr-FR\",\"potentialAction\":[{\"@type\":\"ReadAction\",\"target\":[\"https:\/\/www.le-celadon.fr\/fr\/les-chambres\/\"]}]},{\"@type\":\"ImageObject\",\"inLanguage\":\"fr-FR\",\"@id\":\"https:\/\/www.le-celadon.fr\/fr\/les-chambres\/#primaryimage\",\"url\":\"https:\/\/www.le-celadon.fr\/wp-content\/uploads\/2020\/06\/61e3-566x425.jpg\",\"contentUrl\":\"https:\/\/www.le-celadon.fr\/wp-content\/uploads\/2020\/06\/61e3-566x425.jpg\"},{\"@type\":\"BreadcrumbList\",\"@id\":\"https:\/\/www.le-celadon.fr\/fr\/les-chambres\/#breadcrumb\",\"itemListElement\":[{\"@type\":\"ListItem\",\"position\":1,\"name\":\"Home\",\"item\":\"https:\/\/www.le-celadon.fr\/fr\/\"},{\"@type\":\"ListItem\",\"position\":2,\"name\":\"Les Chambres\"}]},{\"@type\":\"WebSite\",\"@id\":\"https:\/\/www.le-celadon.fr\/fr\/#website\",\"url\":\"https:\/\/www.le-celadon.fr\/fr\/\",\"name\":\"Celadon\",\"description\":\"Maison d&#039;h\u00f4tes de charme proche du Puy du Fou\",\"publisher\":{\"@id\":\"https:\/\/www.le-celadon.fr\/fr\/#organization\"},\"potentialAction\":[{\"@type\":\"SearchAction\",\"target\":{\"@type\":\"EntryPoint\",\"urlTemplate\":\"https:\/\/www.le-celadon.fr\/fr\/?s={search_term_string}\"},\"query-input\":\"required name=search_term_string\"}],\"inLanguage\":\"fr-FR\"},{\"@type\":\"Organization\",\"@id\":\"https:\/\/www.le-celadon.fr\/fr\/#organization\",\"name\":\"Le C\u00e9ladon\",\"url\":\"https:\/\/www.le-celadon.fr\/fr\/\",\"logo\":{\"@type\":\"ImageObject\",\"inLanguage\":\"fr-FR\",\"@id\":\"https:\/\/www.le-celadon.fr\/fr\/#\/schema\/logo\/image\/\",\"url\":\"https:\/\/www.le-celadon.fr\/wp-content\/uploads\/2017\/04\/header-logo.png\",\"contentUrl\":\"https:\/\/www.le-celadon.fr\/wp-content\/uploads\/2017\/04\/header-logo.png\",\"width\":275,\"height\":59,\"caption\":\"Le C\u00e9ladon\"},\"image\":{\"@id\":\"https:\/\/www.le-celadon.fr\/fr\/#\/schema\/logo\/image\/\"},\"sameAs\":[\"https:\/\/www.facebook.com\/Le-C\u00e9ladon-Maison-dh\u00f4te-de-charme-985842411553284\/\"]}]}<\/script>\n<!-- \/ Yoast SEO plugin. -->","yoast_head_json":{"title":"Les chambres - Le C\u00e9ladon","description":"Les 1er et 2\u00e8me \u00e9tages abritent 4 chambres pouvant accueillir 2 personnes chacune, ainsi qu'un vaste salon totalement privatif d\u00e9di\u00e9 \u00e0 l'accueil des h\u00f4tes.","robots":{"index":"index","follow":"follow","max-snippet":"max-snippet:-1","max-image-preview":"max-image-preview:large","max-video-preview":"max-video-preview:-1"},"canonical":"https:\/\/www.le-celadon.fr\/fr\/les-chambres\/","og_locale":"fr_FR","og_type":"article","og_title":"Les chambres - Le C\u00e9ladon","og_description":"Les 1er et 2\u00e8me \u00e9tages abritent 4 chambres pouvant accueillir 2 personnes chacune, ainsi qu'un vaste salon totalement privatif d\u00e9di\u00e9 \u00e0 l'accueil des h\u00f4tes.","og_url":"https:\/\/www.le-celadon.fr\/fr\/les-chambres\/","og_site_name":"Celadon","article_publisher":"https:\/\/www.facebook.com\/Le-C%c3%a9ladon-Maison-dh%c3%b4te-de-charme-985842411553284\/","article_modified_time":"2025-07-15T17:37:08+00:00","og_image":[{"url":"https:\/\/www.le-celadon.fr\/wp-content\/uploads\/2020\/06\/61e3-566x425.jpg"}],"twitter_card":"summary_large_image","twitter_misc":{"Dur\u00e9e de lecture estim\u00e9e":"4 minutes"},"schema":{"@context":"https:\/\/schema.org","@graph":[{"@type":"WebPage","@id":"https:\/\/www.le-celadon.fr\/fr\/les-chambres\/","url":"https:\/\/www.le-celadon.fr\/fr\/les-chambres\/","name":"Les chambres - Le C\u00e9ladon","isPartOf":{"@id":"https:\/\/www.le-celadon.fr\/fr\/#website"},"primaryImageOfPage":{"@id":"https:\/\/www.le-celadon.fr\/fr\/les-chambres\/#primaryimage"},"image":{"@id":"https:\/\/www.le-celadon.fr\/fr\/les-chambres\/#primaryimage"},"thumbnailUrl":"https:\/\/www.le-celadon.fr\/wp-content\/uploads\/2020\/06\/61e3-566x425.jpg","datePublished":"2017-04-04T11:55:51+00:00","dateModified":"2025-07-15T17:37:08+00:00","description":"Les 1er et 2\u00e8me \u00e9tages abritent 4 chambres pouvant accueillir 2 personnes chacune, ainsi qu'un vaste salon totalement privatif d\u00e9di\u00e9 \u00e0 l'accueil des h\u00f4tes.","breadcrumb":{"@id":"https:\/\/www.le-celadon.fr\/fr\/les-chambres\/#breadcrumb"},"inLanguage":"fr-FR","potentialAction":[{"@type":"ReadAction","target":["https:\/\/www.le-celadon.fr\/fr\/les-chambres\/"]}]},{"@type":"ImageObject","inLanguage":"fr-FR","@id":"https:\/\/www.le-celadon.fr\/fr\/les-chambres\/#primaryimage","url":"https:\/\/www.le-celadon.fr\/wp-content\/uploads\/2020\/06\/61e3-566x425.jpg","contentUrl":"https:\/\/www.le-celadon.fr\/wp-content\/uploads\/2020\/06\/61e3-566x425.jpg"},{"@type":"BreadcrumbList","@id":"https:\/\/www.le-celadon.fr\/fr\/les-chambres\/#breadcrumb","itemListElement":[{"@type":"ListItem","position":1,"name":"Home","item":"https:\/\/www.le-celadon.fr\/fr\/"},{"@type":"ListItem","position":2,"name":"Les Chambres"}]},{"@type":"WebSite","@id":"https:\/\/www.le-celadon.fr\/fr\/#website","url":"https:\/\/www.le-celadon.fr\/fr\/","name":"Celadon","description":"Maison d&#039;h\u00f4tes de charme proche du Puy du Fou","publisher":{"@id":"https:\/\/www.le-celadon.fr\/fr\/#organization"},"potentialAction":[{"@type":"SearchAction","target":{"@type":"EntryPoint","urlTemplate":"https:\/\/www.le-celadon.fr\/fr\/?s={search_term_string}"},"query-input":"required name=search_term_string"}],"inLanguage":"fr-FR"},{"@type":"Organization","@id":"https:\/\/www.le-celadon.fr\/fr\/#organization","name":"Le C\u00e9ladon","url":"https:\/\/www.le-celadon.fr\/fr\/","logo":{"@type":"ImageObject","inLanguage":"fr-FR","@id":"https:\/\/www.le-celadon.fr\/fr\/#\/schema\/logo\/image\/","url":"https:\/\/www.le-celadon.fr\/wp-content\/uploads\/2017\/04\/header-logo.png","contentUrl":"https:\/\/www.le-celadon.fr\/wp-content\/uploads\/2017\/04\/header-logo.png","width":275,"height":59,"caption":"Le C\u00e9ladon"},"image":{"@id":"https:\/\/www.le-celadon.fr\/fr\/#\/schema\/logo\/image\/"},"sameAs":["https:\/\/www.facebook.com\/Le-C\u00e9ladon-Maison-dh\u00f4te-de-charme-985842411553284\/"]}]}},"_links":{"self":[{"href":"https:\/\/www.le-celadon.fr\/fr\/wp-json\/wp\/v2\/pages\/4"}],"collection":[{"href":"https:\/\/www.le-celadon.fr\/fr\/wp-json\/wp\/v2\/pages"}],"about":[{"href":"https:\/\/www.le-celadon.fr\/fr\/wp-json\/wp\/v2\/types\/page"}],"author":[{"embeddable":true,"href":"https:\/\/www.le-celadon.fr\/fr\/wp-json\/wp\/v2\/users\/3"}],"replies":[{"embeddable":true,"href":"https:\/\/www.le-celadon.fr\/fr\/wp-json\/wp\/v2\/comments?post=4"}],"version-history":[{"count":5,"href":"https:\/\/www.le-celadon.fr\/fr\/wp-json\/wp\/v2\/pages\/4\/revisions"}],"predecessor-version":[{"id":3890,"href":"https:\/\/www.le-celadon.fr\/fr\/wp-json\/wp\/v2\/pages\/4\/revisions\/3890"}],"wp:attachment":[{"href":"https:\/\/www.le-celadon.fr\/fr\/wp-json\/wp\/v2\/media?parent=4"}],"curies":[{"name":"wp","href":"https:\/\/api.w.org\/{rel}","templated":true}]}}