{"id":52,"date":"2017-04-05T13:12:10","date_gmt":"2017-04-05T13:12:10","guid":{"rendered":"http:\/\/www.le-celadon.fr\/?page_id=52"},"modified":"2017-06-16T14:16:10","modified_gmt":"2017-06-16T14:16:10","slug":"mentions-legales","status":"publish","type":"page","link":"https:\/\/www.le-celadon.fr\/fr\/mentions-legales\/","title":{"rendered":"Mentions l\u00e9gales"},"content":{"rendered":"<h2>\u00c9diteur du site<\/h2>\n<p>Le C\u00e9ladon<br \/>\n13, Place du Champ de Foire<br \/>\n85600 Montaigu<br \/>\nT\u00e9l. : (+33) 06 19 38 08 40<br \/>\nContact : <a href=\"mailto:booking@le-celadon.fr\" target=\"_blank\" rel=\"noopener noreferrer\">booking@le-celadon.fr<\/a><\/p>\n<h2>Conception et cr\u00e9ation du site<\/h2>\n<p>Conception et d\u00e9veloppement<br \/>\nAgence SMART IMPACT<br \/>\n2B Rue Dobree,<br \/>\n44100 Nantes<br \/>\nT\u00e9l. : 02 49 09 12 78<br \/>\n<a href=\"http:\/\/www.smartimpact.fr\/fr\/\" target=\"_blank\" rel=\"noopener noreferrer\">www.smartimpact.fr<\/a><\/p>\n<h2>H\u00e9bergement<\/h2>\n<p>OCEANET TECHNOLOGY<br \/>\nBoulevard Mar Alphonse Juin 0034,<br \/>\n44100 Nantes<br \/>\nT\u00e9l. : <a class=\"fl r-iCS3NzJ3lVDs\" title=\"Appeler avec Hangouts\" data-number=\"+33892465564\" data-pstn-out-call-url=\"\" data-rtid=\"iCS3NzJ3lVDs\" data-ved=\"0ahUKEwjGl9m1oufTAhUEtxoKHRqCCowQkAgIjQEoADAR\">0 892 46 55 64<\/a><br \/>\n<a href=\"https:\/\/www.oceanet-technology.com\/\" target=\"_blank\" rel=\"noopener noreferrer\">www.oceanet-technology.com<\/a><\/p>\n<h2>Informations nominatives<\/h2>\n<p>Conform\u00e9ment aux dispositions de la loi informatique et libert\u00e9s du 6 janvier 1978, toute personne dispose d\u2019un droit d\u2019acc\u00e8s, d\u2019interrogation, de modification, d\u2019opposition, de rectification et de suppression des informations personnelles le concernant. Elle peut exercer son droit en \u00e9crivant \u00e0 l\u2019adresse suivante :<\/p>\n<p>Le C\u00e9ladon<br \/>\n13, Place du Champ de Foire<br \/>\n85600 Montaigu<\/p>\n<h2>Cr\u00e9dit photos<\/h2>\n<p>Photos r\u00e9alis\u00e9es par St\u00e9phane Adam.<br \/>\n<a href=\"http:\/\/stephane-adam.com\/\" target=\"_blank\" rel=\"noopener noreferrer\">stephane-adam.com<\/a><\/p>\n","protected":false},"excerpt":{"rendered":"<p>\u00c9diteur du site Le C\u00e9ladon 13, Place du Champ de Foire 85600 Montaigu T\u00e9l. : (+33) 06 19 38 08 40 Contact : booking@le-celadon.fr Conception et cr\u00e9ation du site Conception et d\u00e9veloppement Agence SMART IMPACT 2B Rue Dobree, 44100 Nantes T\u00e9l. : 02 49 09 12 78 www.smartimpact.fr H\u00e9bergement OCEANET TECHNOLOGY Boulevard Mar Alphonse Juin 0034, 44100 Nantes T\u00e9l. : &hellip; <a href=\"https:\/\/www.le-celadon.fr\/fr\/mentions-legales\/\" class=\"more\"><\/a><\/p>\n","protected":false},"author":3,"featured_media":0,"parent":0,"menu_order":0,"comment_status":"closed","ping_status":"closed","template":"","meta":{"footnotes":""},"acf":[],"yoast_head":"<!-- This site is optimized with the Yoast SEO plugin v22.6 - https:\/\/yoast.com\/wordpress\/plugins\/seo\/ -->\n<title>Mentions L\u00e9gales - Le C\u00e9ladon<\/title>\n<meta name=\"description\" content=\"Mentions l\u00e9gales du site internet Le C\u00e9ladon - Maison d&#039;h\u00f4tes \u00e0 Montaigu.\" \/>\n<meta name=\"robots\" content=\"index, follow, max-snippet:-1, max-image-preview:large, max-video-preview:-1\" \/>\n<link rel=\"canonical\" href=\"https:\/\/www.le-celadon.fr\/fr\/mentions-legales\/\" \/>\n<meta property=\"og:locale\" content=\"fr_FR\" \/>\n<meta property=\"og:type\" content=\"article\" \/>\n<meta property=\"og:title\" content=\"Mentions L\u00e9gales - Le C\u00e9ladon\" \/>\n<meta property=\"og:description\" content=\"Mentions l\u00e9gales du site internet Le C\u00e9ladon - Maison d&#039;h\u00f4tes \u00e0 Montaigu.\" \/>\n<meta property=\"og:url\" content=\"https:\/\/www.le-celadon.fr\/fr\/mentions-legales\/\" \/>\n<meta property=\"og:site_name\" content=\"Celadon\" \/>\n<meta property=\"article:publisher\" content=\"https:\/\/www.facebook.com\/Le-C%c3%a9ladon-Maison-dh%c3%b4te-de-charme-985842411553284\/\" \/>\n<meta property=\"article:modified_time\" content=\"2017-06-16T14:16:10+00:00\" \/>\n<meta name=\"twitter:card\" content=\"summary_large_image\" \/>\n<meta name=\"twitter:label1\" content=\"Dur\u00e9e de lecture estim\u00e9e\" \/>\n\t<meta name=\"twitter:data1\" content=\"1 minute\" \/>\n<script type=\"application\/ld+json\" class=\"yoast-schema-graph\">{\"@context\":\"https:\/\/schema.org\",\"@graph\":[{\"@type\":\"WebPage\",\"@id\":\"https:\/\/www.le-celadon.fr\/fr\/mentions-legales\/\",\"url\":\"https:\/\/www.le-celadon.fr\/fr\/mentions-legales\/\",\"name\":\"Mentions L\u00e9gales - Le C\u00e9ladon\",\"isPartOf\":{\"@id\":\"https:\/\/www.le-celadon.fr\/fr\/#website\"},\"datePublished\":\"2017-04-05T13:12:10+00:00\",\"dateModified\":\"2017-06-16T14:16:10+00:00\",\"description\":\"Mentions l\u00e9gales du site internet Le C\u00e9ladon - Maison d'h\u00f4tes \u00e0 Montaigu.\",\"breadcrumb\":{\"@id\":\"https:\/\/www.le-celadon.fr\/fr\/mentions-legales\/#breadcrumb\"},\"inLanguage\":\"fr-FR\",\"potentialAction\":[{\"@type\":\"ReadAction\",\"target\":[\"https:\/\/www.le-celadon.fr\/fr\/mentions-legales\/\"]}]},{\"@type\":\"BreadcrumbList\",\"@id\":\"https:\/\/www.le-celadon.fr\/fr\/mentions-legales\/#breadcrumb\",\"itemListElement\":[{\"@type\":\"ListItem\",\"position\":1,\"name\":\"Home\",\"item\":\"https:\/\/www.le-celadon.fr\/fr\/\"},{\"@type\":\"ListItem\",\"position\":2,\"name\":\"Mentions l\u00e9gales\"}]},{\"@type\":\"WebSite\",\"@id\":\"https:\/\/www.le-celadon.fr\/fr\/#website\",\"url\":\"https:\/\/www.le-celadon.fr\/fr\/\",\"name\":\"Celadon\",\"description\":\"Maison d&#039;h\u00f4tes de charme proche du Puy du Fou\",\"publisher\":{\"@id\":\"https:\/\/www.le-celadon.fr\/fr\/#organization\"},\"potentialAction\":[{\"@type\":\"SearchAction\",\"target\":{\"@type\":\"EntryPoint\",\"urlTemplate\":\"https:\/\/www.le-celadon.fr\/fr\/?s={search_term_string}\"},\"query-input\":\"required name=search_term_string\"}],\"inLanguage\":\"fr-FR\"},{\"@type\":\"Organization\",\"@id\":\"https:\/\/www.le-celadon.fr\/fr\/#organization\",\"name\":\"Le C\u00e9ladon\",\"url\":\"https:\/\/www.le-celadon.fr\/fr\/\",\"logo\":{\"@type\":\"ImageObject\",\"inLanguage\":\"fr-FR\",\"@id\":\"https:\/\/www.le-celadon.fr\/fr\/#\/schema\/logo\/image\/\",\"url\":\"https:\/\/www.le-celadon.fr\/wp-content\/uploads\/2017\/04\/header-logo.png\",\"contentUrl\":\"https:\/\/www.le-celadon.fr\/wp-content\/uploads\/2017\/04\/header-logo.png\",\"width\":275,\"height\":59,\"caption\":\"Le C\u00e9ladon\"},\"image\":{\"@id\":\"https:\/\/www.le-celadon.fr\/fr\/#\/schema\/logo\/image\/\"},\"sameAs\":[\"https:\/\/www.facebook.com\/Le-C\u00e9ladon-Maison-dh\u00f4te-de-charme-985842411553284\/\"]}]}<\/script>\n<!-- \/ Yoast SEO plugin. -->","yoast_head_json":{"title":"Mentions L\u00e9gales - Le C\u00e9ladon","description":"Mentions l\u00e9gales du site internet Le C\u00e9ladon - Maison d'h\u00f4tes \u00e0 Montaigu.","robots":{"index":"index","follow":"follow","max-snippet":"max-snippet:-1","max-image-preview":"max-image-preview:large","max-video-preview":"max-video-preview:-1"},"canonical":"https:\/\/www.le-celadon.fr\/fr\/mentions-legales\/","og_locale":"fr_FR","og_type":"article","og_title":"Mentions L\u00e9gales - Le C\u00e9ladon","og_description":"Mentions l\u00e9gales du site internet Le C\u00e9ladon - Maison d'h\u00f4tes \u00e0 Montaigu.","og_url":"https:\/\/www.le-celadon.fr\/fr\/mentions-legales\/","og_site_name":"Celadon","article_publisher":"https:\/\/www.facebook.com\/Le-C%c3%a9ladon-Maison-dh%c3%b4te-de-charme-985842411553284\/","article_modified_time":"2017-06-16T14:16:10+00:00","twitter_card":"summary_large_image","twitter_misc":{"Dur\u00e9e de lecture estim\u00e9e":"1 minute"},"schema":{"@context":"https:\/\/schema.org","@graph":[{"@type":"WebPage","@id":"https:\/\/www.le-celadon.fr\/fr\/mentions-legales\/","url":"https:\/\/www.le-celadon.fr\/fr\/mentions-legales\/","name":"Mentions L\u00e9gales - Le C\u00e9ladon","isPartOf":{"@id":"https:\/\/www.le-celadon.fr\/fr\/#website"},"datePublished":"2017-04-05T13:12:10+00:00","dateModified":"2017-06-16T14:16:10+00:00","description":"Mentions l\u00e9gales du site internet Le C\u00e9ladon - Maison d'h\u00f4tes \u00e0 Montaigu.","breadcrumb":{"@id":"https:\/\/www.le-celadon.fr\/fr\/mentions-legales\/#breadcrumb"},"inLanguage":"fr-FR","potentialAction":[{"@type":"ReadAction","target":["https:\/\/www.le-celadon.fr\/fr\/mentions-legales\/"]}]},{"@type":"BreadcrumbList","@id":"https:\/\/www.le-celadon.fr\/fr\/mentions-legales\/#breadcrumb","itemListElement":[{"@type":"ListItem","position":1,"name":"Home","item":"https:\/\/www.le-celadon.fr\/fr\/"},{"@type":"ListItem","position":2,"name":"Mentions l\u00e9gales"}]},{"@type":"WebSite","@id":"https:\/\/www.le-celadon.fr\/fr\/#website","url":"https:\/\/www.le-celadon.fr\/fr\/","name":"Celadon","description":"Maison d&#039;h\u00f4tes de charme proche du Puy du Fou","publisher":{"@id":"https:\/\/www.le-celadon.fr\/fr\/#organization"},"potentialAction":[{"@type":"SearchAction","target":{"@type":"EntryPoint","urlTemplate":"https:\/\/www.le-celadon.fr\/fr\/?s={search_term_string}"},"query-input":"required name=search_term_string"}],"inLanguage":"fr-FR"},{"@type":"Organization","@id":"https:\/\/www.le-celadon.fr\/fr\/#organization","name":"Le C\u00e9ladon","url":"https:\/\/www.le-celadon.fr\/fr\/","logo":{"@type":"ImageObject","inLanguage":"fr-FR","@id":"https:\/\/www.le-celadon.fr\/fr\/#\/schema\/logo\/image\/","url":"https:\/\/www.le-celadon.fr\/wp-content\/uploads\/2017\/04\/header-logo.png","contentUrl":"https:\/\/www.le-celadon.fr\/wp-content\/uploads\/2017\/04\/header-logo.png","width":275,"height":59,"caption":"Le C\u00e9ladon"},"image":{"@id":"https:\/\/www.le-celadon.fr\/fr\/#\/schema\/logo\/image\/"},"sameAs":["https:\/\/www.facebook.com\/Le-C\u00e9ladon-Maison-dh\u00f4te-de-charme-985842411553284\/"]}]}},"_links":{"self":[{"href":"https:\/\/www.le-celadon.fr\/fr\/wp-json\/wp\/v2\/pages\/52"}],"collection":[{"href":"https:\/\/www.le-celadon.fr\/fr\/wp-json\/wp\/v2\/pages"}],"about":[{"href":"https:\/\/www.le-celadon.fr\/fr\/wp-json\/wp\/v2\/types\/page"}],"author":[{"embeddable":true,"href":"https:\/\/www.le-celadon.fr\/fr\/wp-json\/wp\/v2\/users\/3"}],"replies":[{"embeddable":true,"href":"https:\/\/www.le-celadon.fr\/fr\/wp-json\/wp\/v2\/comments?post=52"}],"version-history":[{"count":5,"href":"https:\/\/www.le-celadon.fr\/fr\/wp-json\/wp\/v2\/pages\/52\/revisions"}],"predecessor-version":[{"id":2685,"href":"https:\/\/www.le-celadon.fr\/fr\/wp-json\/wp\/v2\/pages\/52\/revisions\/2685"}],"wp:attachment":[{"href":"https:\/\/www.le-celadon.fr\/fr\/wp-json\/wp\/v2\/media?parent=52"}],"curies":[{"name":"wp","href":"https:\/\/api.w.org\/{rel}","templated":true}]}}