{"id":8,"date":"2017-04-04T11:56:48","date_gmt":"2017-04-04T11:56:48","guid":{"rendered":"http:\/\/www.le-celadon.fr\/?page_id=8"},"modified":"2025-04-08T08:36:11","modified_gmt":"2025-04-08T08:36:11","slug":"contact-reservations","status":"publish","type":"page","link":"https:\/\/www.le-celadon.fr\/fr\/contact-reservations\/","title":{"rendered":"Contact &#038; R\u00e9servations"},"content":{"rendered":"","protected":false},"excerpt":{"rendered":"","protected":false},"author":3,"featured_media":0,"parent":0,"menu_order":0,"comment_status":"closed","ping_status":"closed","template":"p-contact.php","meta":{"footnotes":""},"acf":[],"yoast_head":"<!-- This site is optimized with the Yoast SEO plugin v22.6 - https:\/\/yoast.com\/wordpress\/plugins\/seo\/ -->\n<title>Contact et R\u00e9servation - Le C\u00e9ladon<\/title>\n<meta name=\"description\" content=\"Pour toute demande de renseignement ou de r\u00e9servation, n\u2019h\u00e9sitez pas \u00e0 nous contacter.\" \/>\n<meta name=\"robots\" content=\"index, follow, max-snippet:-1, max-image-preview:large, max-video-preview:-1\" \/>\n<link rel=\"canonical\" href=\"https:\/\/www.le-celadon.fr\/fr\/contact-reservations\/\" \/>\n<meta property=\"og:locale\" content=\"fr_FR\" \/>\n<meta property=\"og:type\" content=\"article\" \/>\n<meta property=\"og:title\" content=\"Contact et R\u00e9servation - Le C\u00e9ladon\" \/>\n<meta property=\"og:description\" content=\"Pour toute demande de renseignement ou de r\u00e9servation, n\u2019h\u00e9sitez pas \u00e0 nous contacter.\" \/>\n<meta property=\"og:url\" content=\"https:\/\/www.le-celadon.fr\/fr\/contact-reservations\/\" \/>\n<meta property=\"og:site_name\" content=\"Celadon\" \/>\n<meta property=\"article:publisher\" content=\"https:\/\/www.facebook.com\/Le-C%c3%a9ladon-Maison-dh%c3%b4te-de-charme-985842411553284\/\" \/>\n<meta property=\"article:modified_time\" content=\"2025-04-08T08:36:11+00:00\" \/>\n<meta name=\"twitter:card\" content=\"summary_large_image\" \/>\n<script type=\"application\/ld+json\" class=\"yoast-schema-graph\">{\"@context\":\"https:\/\/schema.org\",\"@graph\":[{\"@type\":\"WebPage\",\"@id\":\"https:\/\/www.le-celadon.fr\/fr\/contact-reservations\/\",\"url\":\"https:\/\/www.le-celadon.fr\/fr\/contact-reservations\/\",\"name\":\"Contact et R\u00e9servation - Le C\u00e9ladon\",\"isPartOf\":{\"@id\":\"https:\/\/www.le-celadon.fr\/fr\/#website\"},\"datePublished\":\"2017-04-04T11:56:48+00:00\",\"dateModified\":\"2025-04-08T08:36:11+00:00\",\"description\":\"Pour toute demande de renseignement ou de r\u00e9servation, n\u2019h\u00e9sitez pas \u00e0 nous contacter.\",\"breadcrumb\":{\"@id\":\"https:\/\/www.le-celadon.fr\/fr\/contact-reservations\/#breadcrumb\"},\"inLanguage\":\"fr-FR\",\"potentialAction\":[{\"@type\":\"ReadAction\",\"target\":[\"https:\/\/www.le-celadon.fr\/fr\/contact-reservations\/\"]}]},{\"@type\":\"BreadcrumbList\",\"@id\":\"https:\/\/www.le-celadon.fr\/fr\/contact-reservations\/#breadcrumb\",\"itemListElement\":[{\"@type\":\"ListItem\",\"position\":1,\"name\":\"Home\",\"item\":\"https:\/\/www.le-celadon.fr\/fr\/\"},{\"@type\":\"ListItem\",\"position\":2,\"name\":\"Contact &#038; R\u00e9servations\"}]},{\"@type\":\"WebSite\",\"@id\":\"https:\/\/www.le-celadon.fr\/fr\/#website\",\"url\":\"https:\/\/www.le-celadon.fr\/fr\/\",\"name\":\"Celadon\",\"description\":\"Maison d&#039;h\u00f4tes de charme proche du Puy du Fou\",\"publisher\":{\"@id\":\"https:\/\/www.le-celadon.fr\/fr\/#organization\"},\"potentialAction\":[{\"@type\":\"SearchAction\",\"target\":{\"@type\":\"EntryPoint\",\"urlTemplate\":\"https:\/\/www.le-celadon.fr\/fr\/?s={search_term_string}\"},\"query-input\":\"required name=search_term_string\"}],\"inLanguage\":\"fr-FR\"},{\"@type\":\"Organization\",\"@id\":\"https:\/\/www.le-celadon.fr\/fr\/#organization\",\"name\":\"Le C\u00e9ladon\",\"url\":\"https:\/\/www.le-celadon.fr\/fr\/\",\"logo\":{\"@type\":\"ImageObject\",\"inLanguage\":\"fr-FR\",\"@id\":\"https:\/\/www.le-celadon.fr\/fr\/#\/schema\/logo\/image\/\",\"url\":\"https:\/\/www.le-celadon.fr\/wp-content\/uploads\/2017\/04\/header-logo.png\",\"contentUrl\":\"https:\/\/www.le-celadon.fr\/wp-content\/uploads\/2017\/04\/header-logo.png\",\"width\":275,\"height\":59,\"caption\":\"Le C\u00e9ladon\"},\"image\":{\"@id\":\"https:\/\/www.le-celadon.fr\/fr\/#\/schema\/logo\/image\/\"},\"sameAs\":[\"https:\/\/www.facebook.com\/Le-C\u00e9ladon-Maison-dh\u00f4te-de-charme-985842411553284\/\"]}]}<\/script>\n<!-- \/ Yoast SEO plugin. -->","yoast_head_json":{"title":"Contact et R\u00e9servation - Le C\u00e9ladon","description":"Pour toute demande de renseignement ou de r\u00e9servation, n\u2019h\u00e9sitez pas \u00e0 nous contacter.","robots":{"index":"index","follow":"follow","max-snippet":"max-snippet:-1","max-image-preview":"max-image-preview:large","max-video-preview":"max-video-preview:-1"},"canonical":"https:\/\/www.le-celadon.fr\/fr\/contact-reservations\/","og_locale":"fr_FR","og_type":"article","og_title":"Contact et R\u00e9servation - Le C\u00e9ladon","og_description":"Pour toute demande de renseignement ou de r\u00e9servation, n\u2019h\u00e9sitez pas \u00e0 nous contacter.","og_url":"https:\/\/www.le-celadon.fr\/fr\/contact-reservations\/","og_site_name":"Celadon","article_publisher":"https:\/\/www.facebook.com\/Le-C%c3%a9ladon-Maison-dh%c3%b4te-de-charme-985842411553284\/","article_modified_time":"2025-04-08T08:36:11+00:00","twitter_card":"summary_large_image","schema":{"@context":"https:\/\/schema.org","@graph":[{"@type":"WebPage","@id":"https:\/\/www.le-celadon.fr\/fr\/contact-reservations\/","url":"https:\/\/www.le-celadon.fr\/fr\/contact-reservations\/","name":"Contact et R\u00e9servation - Le C\u00e9ladon","isPartOf":{"@id":"https:\/\/www.le-celadon.fr\/fr\/#website"},"datePublished":"2017-04-04T11:56:48+00:00","dateModified":"2025-04-08T08:36:11+00:00","description":"Pour toute demande de renseignement ou de r\u00e9servation, n\u2019h\u00e9sitez pas \u00e0 nous contacter.","breadcrumb":{"@id":"https:\/\/www.le-celadon.fr\/fr\/contact-reservations\/#breadcrumb"},"inLanguage":"fr-FR","potentialAction":[{"@type":"ReadAction","target":["https:\/\/www.le-celadon.fr\/fr\/contact-reservations\/"]}]},{"@type":"BreadcrumbList","@id":"https:\/\/www.le-celadon.fr\/fr\/contact-reservations\/#breadcrumb","itemListElement":[{"@type":"ListItem","position":1,"name":"Home","item":"https:\/\/www.le-celadon.fr\/fr\/"},{"@type":"ListItem","position":2,"name":"Contact &#038; R\u00e9servations"}]},{"@type":"WebSite","@id":"https:\/\/www.le-celadon.fr\/fr\/#website","url":"https:\/\/www.le-celadon.fr\/fr\/","name":"Celadon","description":"Maison d&#039;h\u00f4tes de charme proche du Puy du Fou","publisher":{"@id":"https:\/\/www.le-celadon.fr\/fr\/#organization"},"potentialAction":[{"@type":"SearchAction","target":{"@type":"EntryPoint","urlTemplate":"https:\/\/www.le-celadon.fr\/fr\/?s={search_term_string}"},"query-input":"required name=search_term_string"}],"inLanguage":"fr-FR"},{"@type":"Organization","@id":"https:\/\/www.le-celadon.fr\/fr\/#organization","name":"Le C\u00e9ladon","url":"https:\/\/www.le-celadon.fr\/fr\/","logo":{"@type":"ImageObject","inLanguage":"fr-FR","@id":"https:\/\/www.le-celadon.fr\/fr\/#\/schema\/logo\/image\/","url":"https:\/\/www.le-celadon.fr\/wp-content\/uploads\/2017\/04\/header-logo.png","contentUrl":"https:\/\/www.le-celadon.fr\/wp-content\/uploads\/2017\/04\/header-logo.png","width":275,"height":59,"caption":"Le C\u00e9ladon"},"image":{"@id":"https:\/\/www.le-celadon.fr\/fr\/#\/schema\/logo\/image\/"},"sameAs":["https:\/\/www.facebook.com\/Le-C\u00e9ladon-Maison-dh\u00f4te-de-charme-985842411553284\/"]}]}},"_links":{"self":[{"href":"https:\/\/www.le-celadon.fr\/fr\/wp-json\/wp\/v2\/pages\/8"}],"collection":[{"href":"https:\/\/www.le-celadon.fr\/fr\/wp-json\/wp\/v2\/pages"}],"about":[{"href":"https:\/\/www.le-celadon.fr\/fr\/wp-json\/wp\/v2\/types\/page"}],"author":[{"embeddable":true,"href":"https:\/\/www.le-celadon.fr\/fr\/wp-json\/wp\/v2\/users\/3"}],"replies":[{"embeddable":true,"href":"https:\/\/www.le-celadon.fr\/fr\/wp-json\/wp\/v2\/comments?post=8"}],"version-history":[{"count":5,"href":"https:\/\/www.le-celadon.fr\/fr\/wp-json\/wp\/v2\/pages\/8\/revisions"}],"predecessor-version":[{"id":3725,"href":"https:\/\/www.le-celadon.fr\/fr\/wp-json\/wp\/v2\/pages\/8\/revisions\/3725"}],"wp:attachment":[{"href":"https:\/\/www.le-celadon.fr\/fr\/wp-json\/wp\/v2\/media?parent=8"}],"curies":[{"name":"wp","href":"https:\/\/api.w.org\/{rel}","templated":true}]}}