{"id":859,"date":"2017-04-28T08:32:41","date_gmt":"2017-04-28T08:32:41","guid":{"rendered":"http:\/\/www.le-celadon.fr\/?page_id=859"},"modified":"2025-07-15T17:26:52","modified_gmt":"2025-07-15T17:26:52","slug":"les-amenagements-interieurs","status":"publish","type":"page","link":"https:\/\/www.le-celadon.fr\/fr\/la-maison\/les-amenagements-interieurs\/","title":{"rendered":"Les am\u00e9nagements int\u00e9rieurs"},"content":{"rendered":"<h2>Le salon Anakha<\/h2>\n<p>Ce vaste salon est totalement<img decoding=\"async\" loading=\"lazy\" class=\"alignright wp-image-2238 size-medium\" src=\"https:\/\/www.le-celadon.fr\/wp-content\/uploads\/2017\/04\/salon_le_celadon-2-566x378.jpg\" alt=\"\" width=\"566\" height=\"378\" srcset=\"https:\/\/www.le-celadon.fr\/wp-content\/uploads\/2017\/04\/salon_le_celadon-2-566x378.jpg 566w, https:\/\/www.le-celadon.fr\/wp-content\/uploads\/2017\/04\/salon_le_celadon-2-768x513.jpg 768w, https:\/\/www.le-celadon.fr\/wp-content\/uploads\/2017\/04\/salon_le_celadon-2-1116x745.jpg 1116w, https:\/\/www.le-celadon.fr\/wp-content\/uploads\/2017\/04\/salon_le_celadon-2-360x240.jpg 360w, https:\/\/www.le-celadon.fr\/wp-content\/uploads\/2017\/04\/salon_le_celadon-2-312x208.jpg 312w, https:\/\/www.le-celadon.fr\/wp-content\/uploads\/2017\/04\/salon_le_celadon-2-1618x1080.jpg 1618w, https:\/\/www.le-celadon.fr\/wp-content\/uploads\/2017\/04\/salon_le_celadon-2-88x59.jpg 88w, https:\/\/www.le-celadon.fr\/wp-content\/uploads\/2017\/04\/salon_le_celadon-2-75x50.jpg 75w, https:\/\/www.le-celadon.fr\/wp-content\/uploads\/2017\/04\/salon_le_celadon-2-1920x1281.jpg 1920w, https:\/\/www.le-celadon.fr\/wp-content\/uploads\/2017\/04\/salon_le_celadon-2-321x214.jpg 321w\" sizes=\"(max-width: 566px) 100vw, 566px\" \/> d\u00e9di\u00e9 \u00e0 nos h\u00f4tes. Enti\u00e8rement privatif, il est situ\u00e9 au 2<sup>\u00e8me<\/sup> \u00e9tage. Jouant de tons taupe et pastels surmont\u00e9s de notes baroques emprunt\u00e9es aux spectacles de guignol\u00a0des enfances fran\u00e7aises, cet espace de repos et de rencontres (avec biblioth\u00e8que et TV) ajoute \u00e0 l\u2019agr\u00e9ment des chambres d\u2019h\u00f4tes du C\u00e9ladon.<\/p>\n<p>Canap\u00e9s et fauteuils de lin, revues de d\u00e9coration ou de voyages, il a le parfum et la douceur des maisons de l\u2019\u00eele de R\u00e9 dont les propri\u00e9taires se sont inspir\u00e9s et d\u2019o\u00f9 ils ont rapport\u00e9 souvenirs et atmosph\u00e8re.<\/p>\n<p>&nbsp;<\/p>\n<p><img decoding=\"async\" loading=\"lazy\" class=\"alignnone wp-image-1361\" src=\"https:\/\/www.le-celadon.fr\/wp-content\/uploads\/2017\/04\/salon_anakha-1-566x378.jpg\" alt=\"\" width=\"450\" height=\"300\" srcset=\"https:\/\/www.le-celadon.fr\/wp-content\/uploads\/2017\/04\/salon_anakha-1-566x378.jpg 566w, https:\/\/www.le-celadon.fr\/wp-content\/uploads\/2017\/04\/salon_anakha-1-768x513.jpg 768w, https:\/\/www.le-celadon.fr\/wp-content\/uploads\/2017\/04\/salon_anakha-1-1116x745.jpg 1116w, https:\/\/www.le-celadon.fr\/wp-content\/uploads\/2017\/04\/salon_anakha-1-360x240.jpg 360w, https:\/\/www.le-celadon.fr\/wp-content\/uploads\/2017\/04\/salon_anakha-1-312x208.jpg 312w, https:\/\/www.le-celadon.fr\/wp-content\/uploads\/2017\/04\/salon_anakha-1-1618x1080.jpg 1618w, https:\/\/www.le-celadon.fr\/wp-content\/uploads\/2017\/04\/salon_anakha-1-88x59.jpg 88w, https:\/\/www.le-celadon.fr\/wp-content\/uploads\/2017\/04\/salon_anakha-1-75x50.jpg 75w, https:\/\/www.le-celadon.fr\/wp-content\/uploads\/2017\/04\/salon_anakha-1-1920x1281.jpg 1920w, https:\/\/www.le-celadon.fr\/wp-content\/uploads\/2017\/04\/salon_anakha-1-321x214.jpg 321w\" sizes=\"(max-width: 450px) 100vw, 450px\" \/> \u00a0<img decoding=\"async\" loading=\"lazy\" class=\"wp-image-3353 alignright\" src=\"https:\/\/www.le-celadon.fr\/wp-content\/uploads\/2020\/06\/1860-1-scaled.jpg\" alt=\"\" width=\"400\" height=\"300\" srcset=\"https:\/\/www.le-celadon.fr\/wp-content\/uploads\/2020\/06\/1860-1-scaled.jpg 2560w, https:\/\/www.le-celadon.fr\/wp-content\/uploads\/2020\/06\/1860-1-566x425.jpg 566w, https:\/\/www.le-celadon.fr\/wp-content\/uploads\/2020\/06\/1860-1-1116x837.jpg 1116w, https:\/\/www.le-celadon.fr\/wp-content\/uploads\/2020\/06\/1860-1-768x576.jpg 768w, https:\/\/www.le-celadon.fr\/wp-content\/uploads\/2020\/06\/1860-1-1536x1152.jpg 1536w, https:\/\/www.le-celadon.fr\/wp-content\/uploads\/2020\/06\/1860-1-2048x1536.jpg 2048w, https:\/\/www.le-celadon.fr\/wp-content\/uploads\/2020\/06\/1860-1-360x270.jpg 360w, https:\/\/www.le-celadon.fr\/wp-content\/uploads\/2020\/06\/1860-1-312x234.jpg 312w, https:\/\/www.le-celadon.fr\/wp-content\/uploads\/2020\/06\/1860-1-1440x1080.jpg 1440w, https:\/\/www.le-celadon.fr\/wp-content\/uploads\/2020\/06\/1860-1-79x59.jpg 79w, https:\/\/www.le-celadon.fr\/wp-content\/uploads\/2020\/06\/1860-1-67x50.jpg 67w, https:\/\/www.le-celadon.fr\/wp-content\/uploads\/2020\/06\/1860-1-1920x1440.jpg 1920w, https:\/\/www.le-celadon.fr\/wp-content\/uploads\/2020\/06\/1860-1-321x241.jpg 321w\" sizes=\"(max-width: 400px) 100vw, 400px\" \/><\/p>\n<p>&nbsp;<\/p>\n<h2>La serre<\/h2>\n<p>Une serre chaleureuse et conviviale, attenante \u00e0 la maison, est en libre acc\u00e8s. \u00c9quip\u00e9e d\u2019un micro-ondes, d\u2019un r\u00e9frig\u00e9rateur, de vaisselle et d\u2019une machine \u00e0 caf\u00e9 et \u00e0 th\u00e9, elle offre un cadre id\u00e9al pour se d\u00e9tendre \u00e0 toute heure. Le petit d\u00e9jeuner y est servi aux beaux jours ou lorsque le temps se fait plus frais.<\/p>\n<p>Habill\u00e9e de bois patin\u00e9 et de tons sombres, elle prolonge l\u2019\u00e2me du C\u00e9ladon. L\u2019esprit des anciens actes notari\u00e9s y flotte, conf\u00e9rant un charme discret et singulier. Canap\u00e9 de lin, fauteuils moelleux et tables anciennes composent un espace apaisant, ouvert sur un jardin intimiste bordant la piscine.<\/p>\n<p><img decoding=\"async\" loading=\"lazy\" class=\"alignright wp-image-3848\" src=\"https:\/\/www.le-celadon.fr\/wp-content\/uploads\/2025\/07\/PHOTO-N\u00b03-360x270.jpg\" alt=\"\" width=\"427\" height=\"320\" srcset=\"https:\/\/www.le-celadon.fr\/wp-content\/uploads\/2025\/07\/PHOTO-N\u00b03-360x270.jpg 360w, https:\/\/www.le-celadon.fr\/wp-content\/uploads\/2025\/07\/PHOTO-N\u00b03-566x425.jpg 566w, https:\/\/www.le-celadon.fr\/wp-content\/uploads\/2025\/07\/PHOTO-N\u00b03-1116x837.jpg 1116w, https:\/\/www.le-celadon.fr\/wp-content\/uploads\/2025\/07\/PHOTO-N\u00b03-768x576.jpg 768w, https:\/\/www.le-celadon.fr\/wp-content\/uploads\/2025\/07\/PHOTO-N\u00b03-1536x1152.jpg 1536w, https:\/\/www.le-celadon.fr\/wp-content\/uploads\/2025\/07\/PHOTO-N\u00b03-2048x1536.jpg 2048w, https:\/\/www.le-celadon.fr\/wp-content\/uploads\/2025\/07\/PHOTO-N\u00b03-312x234.jpg 312w, https:\/\/www.le-celadon.fr\/wp-content\/uploads\/2025\/07\/PHOTO-N\u00b03-1440x1080.jpg 1440w, https:\/\/www.le-celadon.fr\/wp-content\/uploads\/2025\/07\/PHOTO-N\u00b03-79x59.jpg 79w, https:\/\/www.le-celadon.fr\/wp-content\/uploads\/2025\/07\/PHOTO-N\u00b03-67x50.jpg 67w, https:\/\/www.le-celadon.fr\/wp-content\/uploads\/2025\/07\/PHOTO-N\u00b03-1920x1440.jpg 1920w, https:\/\/www.le-celadon.fr\/wp-content\/uploads\/2025\/07\/PHOTO-N\u00b03-321x241.jpg 321w\" sizes=\"(max-width: 427px) 100vw, 427px\" \/><img decoding=\"async\" loading=\"lazy\" class=\"alignleft wp-image-3845\" src=\"https:\/\/www.le-celadon.fr\/wp-content\/uploads\/2025\/07\/PHOTO-N\u00b02-360x270.jpg\" alt=\"\" width=\"427\" height=\"320\" srcset=\"https:\/\/www.le-celadon.fr\/wp-content\/uploads\/2025\/07\/PHOTO-N\u00b02-360x270.jpg 360w, https:\/\/www.le-celadon.fr\/wp-content\/uploads\/2025\/07\/PHOTO-N\u00b02-566x425.jpg 566w, https:\/\/www.le-celadon.fr\/wp-content\/uploads\/2025\/07\/PHOTO-N\u00b02-1116x837.jpg 1116w, https:\/\/www.le-celadon.fr\/wp-content\/uploads\/2025\/07\/PHOTO-N\u00b02-768x576.jpg 768w, https:\/\/www.le-celadon.fr\/wp-content\/uploads\/2025\/07\/PHOTO-N\u00b02-1536x1152.jpg 1536w, https:\/\/www.le-celadon.fr\/wp-content\/uploads\/2025\/07\/PHOTO-N\u00b02-2048x1536.jpg 2048w, https:\/\/www.le-celadon.fr\/wp-content\/uploads\/2025\/07\/PHOTO-N\u00b02-312x234.jpg 312w, https:\/\/www.le-celadon.fr\/wp-content\/uploads\/2025\/07\/PHOTO-N\u00b02-1440x1080.jpg 1440w, https:\/\/www.le-celadon.fr\/wp-content\/uploads\/2025\/07\/PHOTO-N\u00b02-79x59.jpg 79w, https:\/\/www.le-celadon.fr\/wp-content\/uploads\/2025\/07\/PHOTO-N\u00b02-67x50.jpg 67w, https:\/\/www.le-celadon.fr\/wp-content\/uploads\/2025\/07\/PHOTO-N\u00b02-1920x1440.jpg 1920w, https:\/\/www.le-celadon.fr\/wp-content\/uploads\/2025\/07\/PHOTO-N\u00b02-321x241.jpg 321w\" sizes=\"(max-width: 427px) 100vw, 427px\" \/><\/p>\n","protected":false},"excerpt":{"rendered":"<p>Le salon Anakha Ce vaste salon est totalement d\u00e9di\u00e9 \u00e0 nos h\u00f4tes. Enti\u00e8rement privatif, il est situ\u00e9 au 2\u00e8me \u00e9tage. Jouant de tons taupe et pastels surmont\u00e9s de notes baroques emprunt\u00e9es aux spectacles de guignol\u00a0des enfances fran\u00e7aises, cet espace de repos et de rencontres (avec biblioth\u00e8que et TV) ajoute \u00e0 l\u2019agr\u00e9ment des chambres d\u2019h\u00f4tes du C\u00e9ladon. Canap\u00e9s et fauteuils de &hellip; <a href=\"https:\/\/www.le-celadon.fr\/fr\/la-maison\/les-amenagements-interieurs\/\" class=\"more\"><\/a><\/p>\n","protected":false},"author":3,"featured_media":0,"parent":233,"menu_order":0,"comment_status":"closed","ping_status":"closed","template":"","meta":{"footnotes":""},"acf":[],"yoast_head":"<!-- This site is optimized with the Yoast SEO plugin v22.6 - https:\/\/yoast.com\/wordpress\/plugins\/seo\/ -->\n<title>Le Salon Anakha - Le C\u00e9ladon<\/title>\n<meta name=\"description\" content=\"Ce vaste salon est totalement d\u00e9di\u00e9 \u00e0 nos h\u00f4tes. Enti\u00e8rement privatif, et situ\u00e9 au 2\u00e8me \u00e9tage, cet espace de repos et de rencontres s&#039;ajoute au confort.\" \/>\n<meta name=\"robots\" content=\"index, follow, max-snippet:-1, max-image-preview:large, max-video-preview:-1\" \/>\n<link rel=\"canonical\" href=\"https:\/\/www.le-celadon.fr\/fr\/la-maison\/les-amenagements-interieurs\/\" \/>\n<meta property=\"og:locale\" content=\"fr_FR\" \/>\n<meta property=\"og:type\" content=\"article\" \/>\n<meta property=\"og:title\" content=\"Le Salon Anakha - Le C\u00e9ladon\" \/>\n<meta property=\"og:description\" content=\"Ce vaste salon est totalement d\u00e9di\u00e9 \u00e0 nos h\u00f4tes. Enti\u00e8rement privatif, et situ\u00e9 au 2\u00e8me \u00e9tage, cet espace de repos et de rencontres s&#039;ajoute au confort.\" \/>\n<meta property=\"og:url\" content=\"https:\/\/www.le-celadon.fr\/fr\/la-maison\/les-amenagements-interieurs\/\" \/>\n<meta property=\"og:site_name\" content=\"Celadon\" \/>\n<meta property=\"article:publisher\" content=\"https:\/\/www.facebook.com\/Le-C%c3%a9ladon-Maison-dh%c3%b4te-de-charme-985842411553284\/\" \/>\n<meta property=\"article:modified_time\" content=\"2025-07-15T17:26:52+00:00\" \/>\n<meta property=\"og:image\" content=\"https:\/\/www.le-celadon.fr\/wp-content\/uploads\/2017\/04\/salon_le_celadon-2-566x378.jpg\" \/>\n<meta name=\"twitter:card\" content=\"summary_large_image\" \/>\n<meta name=\"twitter:label1\" content=\"Dur\u00e9e de lecture estim\u00e9e\" \/>\n\t<meta name=\"twitter:data1\" content=\"2 minutes\" \/>\n<script type=\"application\/ld+json\" class=\"yoast-schema-graph\">{\"@context\":\"https:\/\/schema.org\",\"@graph\":[{\"@type\":\"WebPage\",\"@id\":\"https:\/\/www.le-celadon.fr\/fr\/la-maison\/les-amenagements-interieurs\/\",\"url\":\"https:\/\/www.le-celadon.fr\/fr\/la-maison\/les-amenagements-interieurs\/\",\"name\":\"Le Salon Anakha - Le C\u00e9ladon\",\"isPartOf\":{\"@id\":\"https:\/\/www.le-celadon.fr\/fr\/#website\"},\"primaryImageOfPage\":{\"@id\":\"https:\/\/www.le-celadon.fr\/fr\/la-maison\/les-amenagements-interieurs\/#primaryimage\"},\"image\":{\"@id\":\"https:\/\/www.le-celadon.fr\/fr\/la-maison\/les-amenagements-interieurs\/#primaryimage\"},\"thumbnailUrl\":\"https:\/\/www.le-celadon.fr\/wp-content\/uploads\/2017\/04\/salon_le_celadon-2-566x378.jpg\",\"datePublished\":\"2017-04-28T08:32:41+00:00\",\"dateModified\":\"2025-07-15T17:26:52+00:00\",\"description\":\"Ce vaste salon est totalement d\u00e9di\u00e9 \u00e0 nos h\u00f4tes. Enti\u00e8rement privatif, et situ\u00e9 au 2\u00e8me \u00e9tage, cet espace de repos et de rencontres s'ajoute au confort.\",\"breadcrumb\":{\"@id\":\"https:\/\/www.le-celadon.fr\/fr\/la-maison\/les-amenagements-interieurs\/#breadcrumb\"},\"inLanguage\":\"fr-FR\",\"potentialAction\":[{\"@type\":\"ReadAction\",\"target\":[\"https:\/\/www.le-celadon.fr\/fr\/la-maison\/les-amenagements-interieurs\/\"]}]},{\"@type\":\"ImageObject\",\"inLanguage\":\"fr-FR\",\"@id\":\"https:\/\/www.le-celadon.fr\/fr\/la-maison\/les-amenagements-interieurs\/#primaryimage\",\"url\":\"https:\/\/www.le-celadon.fr\/wp-content\/uploads\/2017\/04\/salon_le_celadon-2-566x378.jpg\",\"contentUrl\":\"https:\/\/www.le-celadon.fr\/wp-content\/uploads\/2017\/04\/salon_le_celadon-2-566x378.jpg\"},{\"@type\":\"BreadcrumbList\",\"@id\":\"https:\/\/www.le-celadon.fr\/fr\/la-maison\/les-amenagements-interieurs\/#breadcrumb\",\"itemListElement\":[{\"@type\":\"ListItem\",\"position\":1,\"name\":\"Home\",\"item\":\"https:\/\/www.le-celadon.fr\/fr\/\"},{\"@type\":\"ListItem\",\"position\":2,\"name\":\"La Maison\",\"item\":\"https:\/\/www.le-celadon.fr\/fr\/la-maison\/\"},{\"@type\":\"ListItem\",\"position\":3,\"name\":\"Les am\u00e9nagements int\u00e9rieurs\"}]},{\"@type\":\"WebSite\",\"@id\":\"https:\/\/www.le-celadon.fr\/fr\/#website\",\"url\":\"https:\/\/www.le-celadon.fr\/fr\/\",\"name\":\"Celadon\",\"description\":\"Maison d&#039;h\u00f4tes de charme proche du Puy du Fou\",\"publisher\":{\"@id\":\"https:\/\/www.le-celadon.fr\/fr\/#organization\"},\"potentialAction\":[{\"@type\":\"SearchAction\",\"target\":{\"@type\":\"EntryPoint\",\"urlTemplate\":\"https:\/\/www.le-celadon.fr\/fr\/?s={search_term_string}\"},\"query-input\":\"required name=search_term_string\"}],\"inLanguage\":\"fr-FR\"},{\"@type\":\"Organization\",\"@id\":\"https:\/\/www.le-celadon.fr\/fr\/#organization\",\"name\":\"Le C\u00e9ladon\",\"url\":\"https:\/\/www.le-celadon.fr\/fr\/\",\"logo\":{\"@type\":\"ImageObject\",\"inLanguage\":\"fr-FR\",\"@id\":\"https:\/\/www.le-celadon.fr\/fr\/#\/schema\/logo\/image\/\",\"url\":\"https:\/\/www.le-celadon.fr\/wp-content\/uploads\/2017\/04\/header-logo.png\",\"contentUrl\":\"https:\/\/www.le-celadon.fr\/wp-content\/uploads\/2017\/04\/header-logo.png\",\"width\":275,\"height\":59,\"caption\":\"Le C\u00e9ladon\"},\"image\":{\"@id\":\"https:\/\/www.le-celadon.fr\/fr\/#\/schema\/logo\/image\/\"},\"sameAs\":[\"https:\/\/www.facebook.com\/Le-C\u00e9ladon-Maison-dh\u00f4te-de-charme-985842411553284\/\"]}]}<\/script>\n<!-- \/ Yoast SEO plugin. -->","yoast_head_json":{"title":"Le Salon Anakha - Le C\u00e9ladon","description":"Ce vaste salon est totalement d\u00e9di\u00e9 \u00e0 nos h\u00f4tes. Enti\u00e8rement privatif, et situ\u00e9 au 2\u00e8me \u00e9tage, cet espace de repos et de rencontres s'ajoute au confort.","robots":{"index":"index","follow":"follow","max-snippet":"max-snippet:-1","max-image-preview":"max-image-preview:large","max-video-preview":"max-video-preview:-1"},"canonical":"https:\/\/www.le-celadon.fr\/fr\/la-maison\/les-amenagements-interieurs\/","og_locale":"fr_FR","og_type":"article","og_title":"Le Salon Anakha - Le C\u00e9ladon","og_description":"Ce vaste salon est totalement d\u00e9di\u00e9 \u00e0 nos h\u00f4tes. Enti\u00e8rement privatif, et situ\u00e9 au 2\u00e8me \u00e9tage, cet espace de repos et de rencontres s'ajoute au confort.","og_url":"https:\/\/www.le-celadon.fr\/fr\/la-maison\/les-amenagements-interieurs\/","og_site_name":"Celadon","article_publisher":"https:\/\/www.facebook.com\/Le-C%c3%a9ladon-Maison-dh%c3%b4te-de-charme-985842411553284\/","article_modified_time":"2025-07-15T17:26:52+00:00","og_image":[{"url":"https:\/\/www.le-celadon.fr\/wp-content\/uploads\/2017\/04\/salon_le_celadon-2-566x378.jpg"}],"twitter_card":"summary_large_image","twitter_misc":{"Dur\u00e9e de lecture estim\u00e9e":"2 minutes"},"schema":{"@context":"https:\/\/schema.org","@graph":[{"@type":"WebPage","@id":"https:\/\/www.le-celadon.fr\/fr\/la-maison\/les-amenagements-interieurs\/","url":"https:\/\/www.le-celadon.fr\/fr\/la-maison\/les-amenagements-interieurs\/","name":"Le Salon Anakha - Le C\u00e9ladon","isPartOf":{"@id":"https:\/\/www.le-celadon.fr\/fr\/#website"},"primaryImageOfPage":{"@id":"https:\/\/www.le-celadon.fr\/fr\/la-maison\/les-amenagements-interieurs\/#primaryimage"},"image":{"@id":"https:\/\/www.le-celadon.fr\/fr\/la-maison\/les-amenagements-interieurs\/#primaryimage"},"thumbnailUrl":"https:\/\/www.le-celadon.fr\/wp-content\/uploads\/2017\/04\/salon_le_celadon-2-566x378.jpg","datePublished":"2017-04-28T08:32:41+00:00","dateModified":"2025-07-15T17:26:52+00:00","description":"Ce vaste salon est totalement d\u00e9di\u00e9 \u00e0 nos h\u00f4tes. Enti\u00e8rement privatif, et situ\u00e9 au 2\u00e8me \u00e9tage, cet espace de repos et de rencontres s'ajoute au confort.","breadcrumb":{"@id":"https:\/\/www.le-celadon.fr\/fr\/la-maison\/les-amenagements-interieurs\/#breadcrumb"},"inLanguage":"fr-FR","potentialAction":[{"@type":"ReadAction","target":["https:\/\/www.le-celadon.fr\/fr\/la-maison\/les-amenagements-interieurs\/"]}]},{"@type":"ImageObject","inLanguage":"fr-FR","@id":"https:\/\/www.le-celadon.fr\/fr\/la-maison\/les-amenagements-interieurs\/#primaryimage","url":"https:\/\/www.le-celadon.fr\/wp-content\/uploads\/2017\/04\/salon_le_celadon-2-566x378.jpg","contentUrl":"https:\/\/www.le-celadon.fr\/wp-content\/uploads\/2017\/04\/salon_le_celadon-2-566x378.jpg"},{"@type":"BreadcrumbList","@id":"https:\/\/www.le-celadon.fr\/fr\/la-maison\/les-amenagements-interieurs\/#breadcrumb","itemListElement":[{"@type":"ListItem","position":1,"name":"Home","item":"https:\/\/www.le-celadon.fr\/fr\/"},{"@type":"ListItem","position":2,"name":"La Maison","item":"https:\/\/www.le-celadon.fr\/fr\/la-maison\/"},{"@type":"ListItem","position":3,"name":"Les am\u00e9nagements int\u00e9rieurs"}]},{"@type":"WebSite","@id":"https:\/\/www.le-celadon.fr\/fr\/#website","url":"https:\/\/www.le-celadon.fr\/fr\/","name":"Celadon","description":"Maison d&#039;h\u00f4tes de charme proche du Puy du Fou","publisher":{"@id":"https:\/\/www.le-celadon.fr\/fr\/#organization"},"potentialAction":[{"@type":"SearchAction","target":{"@type":"EntryPoint","urlTemplate":"https:\/\/www.le-celadon.fr\/fr\/?s={search_term_string}"},"query-input":"required name=search_term_string"}],"inLanguage":"fr-FR"},{"@type":"Organization","@id":"https:\/\/www.le-celadon.fr\/fr\/#organization","name":"Le C\u00e9ladon","url":"https:\/\/www.le-celadon.fr\/fr\/","logo":{"@type":"ImageObject","inLanguage":"fr-FR","@id":"https:\/\/www.le-celadon.fr\/fr\/#\/schema\/logo\/image\/","url":"https:\/\/www.le-celadon.fr\/wp-content\/uploads\/2017\/04\/header-logo.png","contentUrl":"https:\/\/www.le-celadon.fr\/wp-content\/uploads\/2017\/04\/header-logo.png","width":275,"height":59,"caption":"Le C\u00e9ladon"},"image":{"@id":"https:\/\/www.le-celadon.fr\/fr\/#\/schema\/logo\/image\/"},"sameAs":["https:\/\/www.facebook.com\/Le-C\u00e9ladon-Maison-dh\u00f4te-de-charme-985842411553284\/"]}]}},"_links":{"self":[{"href":"https:\/\/www.le-celadon.fr\/fr\/wp-json\/wp\/v2\/pages\/859"}],"collection":[{"href":"https:\/\/www.le-celadon.fr\/fr\/wp-json\/wp\/v2\/pages"}],"about":[{"href":"https:\/\/www.le-celadon.fr\/fr\/wp-json\/wp\/v2\/types\/page"}],"author":[{"embeddable":true,"href":"https:\/\/www.le-celadon.fr\/fr\/wp-json\/wp\/v2\/users\/3"}],"replies":[{"embeddable":true,"href":"https:\/\/www.le-celadon.fr\/fr\/wp-json\/wp\/v2\/comments?post=859"}],"version-history":[{"count":6,"href":"https:\/\/www.le-celadon.fr\/fr\/wp-json\/wp\/v2\/pages\/859\/revisions"}],"predecessor-version":[{"id":3881,"href":"https:\/\/www.le-celadon.fr\/fr\/wp-json\/wp\/v2\/pages\/859\/revisions\/3881"}],"up":[{"embeddable":true,"href":"https:\/\/www.le-celadon.fr\/fr\/wp-json\/wp\/v2\/pages\/233"}],"wp:attachment":[{"href":"https:\/\/www.le-celadon.fr\/fr\/wp-json\/wp\/v2\/media?parent=859"}],"curies":[{"name":"wp","href":"https:\/\/api.w.org\/{rel}","templated":true}]}}