{"id":924,"date":"2017-05-02T14:20:55","date_gmt":"2017-05-02T14:20:55","guid":{"rendered":"http:\/\/www.le-celadon.fr\/?page_id=924"},"modified":"2017-05-15T09:50:40","modified_gmt":"2017-05-15T09:50:40","slug":"conditions-generales-de-reservation","status":"publish","type":"page","link":"https:\/\/www.le-celadon.fr\/fr\/les-tarifs\/conditions-generales-de-reservation\/","title":{"rendered":"Conditions g\u00e9n\u00e9rales de r\u00e9servation"},"content":{"rendered":"<h2>R\u00e8glement int\u00e9rieur et conditions g\u00e9n\u00e9rales de r\u00e9servation et d&rsquo;annulation<\/h2>\n<p>Nos tarifs sont d\u00e9finis sur la base d\u2019une\u00a0<img decoding=\"async\" loading=\"lazy\" class=\"alignright wp-image-1865 size-thumbnail\" src=\"https:\/\/www.le-celadon.fr\/wp-content\/uploads\/2017\/05\/cgv_le_celadon-505x319.jpg\" alt=\"\" width=\"505\" height=\"319\" \/>ou de\u00a0deux personnes par chambre. Les petits d\u00e9jeuners sont inclus dans le prix de la chambre \u00e0 concurrence de deux petits d\u00e9jeuners par chambre. Tous nos tarifs sont exprim\u00e9s en euros ; la facturation et le r\u00e8glement sont effectu\u00e9s en euros.<\/p>\n<p>Au moment de la r\u00e9servation, un acompte \u00e9gal \u00e0 30% du montant total du s\u00e9jour vous sera demand\u00e9 afin de valider de fa\u00e7on d\u00e9finitive votre r\u00e9servation. <strong>Les factures pourront \u00eatre r\u00e9gl\u00e9es en esp\u00e8ces, par carte bancaire ou par virement<\/strong>. <strong>Les ch\u00e8ques ne sont pas accept\u00e9s.<\/strong><\/p>\n<p><strong>En cas d\u2019annulation de votre s\u00e9jour, nous vous remercions de bien comprendre et lire les r\u00e8gles suivantes avant de vous engager:<\/strong><\/p>\n<ul>\n<li><strong>Plus de 30 jours avant l\u2019arriv\u00e9e<\/strong> : Aucun frais ne sera retenu et l\u2019acompte sera restitu\u00e9 sous 30 jours (sauf r\u00e9servation en exclusivit\u00e9 de la maison d\u2019h\u00f4tes, auquel cas il sera conserv\u00e9 int\u00e9gralement).<\/li>\n<li><strong>Entre 29 et 15 jours<\/strong> : L\u2019acompte ne sera pas restitu\u00e9.<\/li>\n<li><strong>Moins de 15 jours avant votre arriv\u00e9e<\/strong> : La totalit\u00e9 de la facturation est due et sera encaiss\u00e9e apr\u00e8s d\u00e9duction de l\u2019acompte de r\u00e9servation.<\/li>\n<\/ul>\n<p><strong>En cas de d\u00e9part anticip\u00e9<\/strong> : a prestation reste due jusqu\u2019\u00e0 la date finale de la r\u00e9servation.<\/p>\n<p><strong>Garde et Responsabilit\u00e9s<\/strong> : Les installations et \u00e9quipements mis \u00e0 la disposition des h\u00f4tes doivent \u00eatre utilis\u00e9s conform\u00e9ment \u00e0 leur destination ordinaire. Ils sont plac\u00e9s sous la responsabilit\u00e9 et la garde du client d\u00e8s qu\u2019il en prend possession. Celui-ci s\u2019engage \u00e0 rendre les chambres en parfait \u00e9tat \u00e0 la fin du s\u00e9jour et \u00e0 d\u00e9clarer syst\u00e9matiquement toute d\u00e9gradation dont il serait responsable. Tout mat\u00e9riel non restitu\u00e9 ou toute d\u00e9gradation donnera lieu au paiement de frais de remise en \u00e9tat assum\u00e9s par l\u2019h\u00f4te.<\/p>\n<p><strong>L\u2019attention des h\u00f4tes est attir\u00e9e sur le fait que les mineurs \u00e9voluant sur la propri\u00e9t\u00e9 sont plac\u00e9s sous l\u2019unique et enti\u00e8re responsabilit\u00e9 de leurs parents ou des personnes ayant autorit\u00e9 sur eux<\/strong>. Le C\u00e9ladon n\u2019accepte aucune responsabilit\u00e9 en cas de perte, de vol et\/ou dommages ou de blessures caus\u00e9s aux biens ou aux personnes se trouvant sur la propri\u00e9t\u00e9, et ce, quelle qu\u2019en soit la cause. L\u2019acceptation et le respect de ces conditions g\u00e9n\u00e9rales sont r\u00e9put\u00e9s acquis aussit\u00f4t l\u2019acompte vers\u00e9.<\/p>\n","protected":false},"excerpt":{"rendered":"<p>R\u00e8glement int\u00e9rieur et conditions g\u00e9n\u00e9rales de r\u00e9servation et d&rsquo;annulation Nos tarifs sont d\u00e9finis sur la base d\u2019une\u00a0ou de\u00a0deux personnes par chambre. Les petits d\u00e9jeuners sont inclus dans le prix de la chambre \u00e0 concurrence de deux petits d\u00e9jeuners par chambre. Tous nos tarifs sont exprim\u00e9s en euros ; la facturation et le r\u00e8glement sont effectu\u00e9s en euros. Au moment de &hellip; <a href=\"https:\/\/www.le-celadon.fr\/fr\/les-tarifs\/conditions-generales-de-reservation\/\" class=\"more\"><\/a><\/p>\n","protected":false},"author":3,"featured_media":0,"parent":29,"menu_order":0,"comment_status":"closed","ping_status":"closed","template":"","meta":{"footnotes":""},"acf":[],"yoast_head":"<!-- This site is optimized with the Yoast SEO plugin v22.6 - https:\/\/yoast.com\/wordpress\/plugins\/seo\/ -->\n<title>Les conditions g\u00e9n\u00e9rales de r\u00e9servation - Le C\u00e9ladon<\/title>\n<meta name=\"description\" content=\"R\u00e8glement int\u00e9rieur et conditions g\u00e9n\u00e9rales de r\u00e9servation et d&#039;annulation. Pour toute demande, n&#039;h\u00e9sitez-pas \u00e0 nous contacter.\" \/>\n<meta name=\"robots\" content=\"index, follow, max-snippet:-1, max-image-preview:large, max-video-preview:-1\" \/>\n<link rel=\"canonical\" href=\"https:\/\/www.le-celadon.fr\/fr\/les-tarifs\/conditions-generales-de-reservation\/\" \/>\n<meta property=\"og:locale\" content=\"fr_FR\" \/>\n<meta property=\"og:type\" content=\"article\" \/>\n<meta property=\"og:title\" content=\"Les conditions g\u00e9n\u00e9rales de r\u00e9servation - Le C\u00e9ladon\" \/>\n<meta property=\"og:description\" content=\"R\u00e8glement int\u00e9rieur et conditions g\u00e9n\u00e9rales de r\u00e9servation et d&#039;annulation. Pour toute demande, n&#039;h\u00e9sitez-pas \u00e0 nous contacter.\" \/>\n<meta property=\"og:url\" content=\"https:\/\/www.le-celadon.fr\/fr\/les-tarifs\/conditions-generales-de-reservation\/\" \/>\n<meta property=\"og:site_name\" content=\"Celadon\" \/>\n<meta property=\"article:publisher\" content=\"https:\/\/www.facebook.com\/Le-C%c3%a9ladon-Maison-dh%c3%b4te-de-charme-985842411553284\/\" \/>\n<meta property=\"article:modified_time\" content=\"2017-05-15T09:50:40+00:00\" \/>\n<meta property=\"og:image\" content=\"https:\/\/www.le-celadon.fr\/wp-content\/uploads\/2017\/05\/cgv_le_celadon-505x319.jpg\" \/>\n<meta name=\"twitter:card\" content=\"summary_large_image\" \/>\n<meta name=\"twitter:label1\" content=\"Dur\u00e9e de lecture estim\u00e9e\" \/>\n\t<meta name=\"twitter:data1\" content=\"2 minutes\" \/>\n<script type=\"application\/ld+json\" class=\"yoast-schema-graph\">{\"@context\":\"https:\/\/schema.org\",\"@graph\":[{\"@type\":\"WebPage\",\"@id\":\"https:\/\/www.le-celadon.fr\/fr\/les-tarifs\/conditions-generales-de-reservation\/\",\"url\":\"https:\/\/www.le-celadon.fr\/fr\/les-tarifs\/conditions-generales-de-reservation\/\",\"name\":\"Les conditions g\u00e9n\u00e9rales de r\u00e9servation - Le C\u00e9ladon\",\"isPartOf\":{\"@id\":\"https:\/\/www.le-celadon.fr\/fr\/#website\"},\"primaryImageOfPage\":{\"@id\":\"https:\/\/www.le-celadon.fr\/fr\/les-tarifs\/conditions-generales-de-reservation\/#primaryimage\"},\"image\":{\"@id\":\"https:\/\/www.le-celadon.fr\/fr\/les-tarifs\/conditions-generales-de-reservation\/#primaryimage\"},\"thumbnailUrl\":\"https:\/\/www.le-celadon.fr\/wp-content\/uploads\/2017\/05\/cgv_le_celadon-505x319.jpg\",\"datePublished\":\"2017-05-02T14:20:55+00:00\",\"dateModified\":\"2017-05-15T09:50:40+00:00\",\"description\":\"R\u00e8glement int\u00e9rieur et conditions g\u00e9n\u00e9rales de r\u00e9servation et d'annulation. Pour toute demande, n'h\u00e9sitez-pas \u00e0 nous contacter.\",\"breadcrumb\":{\"@id\":\"https:\/\/www.le-celadon.fr\/fr\/les-tarifs\/conditions-generales-de-reservation\/#breadcrumb\"},\"inLanguage\":\"fr-FR\",\"potentialAction\":[{\"@type\":\"ReadAction\",\"target\":[\"https:\/\/www.le-celadon.fr\/fr\/les-tarifs\/conditions-generales-de-reservation\/\"]}]},{\"@type\":\"ImageObject\",\"inLanguage\":\"fr-FR\",\"@id\":\"https:\/\/www.le-celadon.fr\/fr\/les-tarifs\/conditions-generales-de-reservation\/#primaryimage\",\"url\":\"https:\/\/www.le-celadon.fr\/wp-content\/uploads\/2017\/05\/cgv_le_celadon-505x319.jpg\",\"contentUrl\":\"https:\/\/www.le-celadon.fr\/wp-content\/uploads\/2017\/05\/cgv_le_celadon-505x319.jpg\"},{\"@type\":\"BreadcrumbList\",\"@id\":\"https:\/\/www.le-celadon.fr\/fr\/les-tarifs\/conditions-generales-de-reservation\/#breadcrumb\",\"itemListElement\":[{\"@type\":\"ListItem\",\"position\":1,\"name\":\"Home\",\"item\":\"https:\/\/www.le-celadon.fr\/fr\/\"},{\"@type\":\"ListItem\",\"position\":2,\"name\":\"Les Tarifs\",\"item\":\"https:\/\/www.le-celadon.fr\/fr\/les-tarifs\/\"},{\"@type\":\"ListItem\",\"position\":3,\"name\":\"Conditions g\u00e9n\u00e9rales de r\u00e9servation\"}]},{\"@type\":\"WebSite\",\"@id\":\"https:\/\/www.le-celadon.fr\/fr\/#website\",\"url\":\"https:\/\/www.le-celadon.fr\/fr\/\",\"name\":\"Celadon\",\"description\":\"Maison d&#039;h\u00f4tes de charme proche du Puy du Fou\",\"publisher\":{\"@id\":\"https:\/\/www.le-celadon.fr\/fr\/#organization\"},\"potentialAction\":[{\"@type\":\"SearchAction\",\"target\":{\"@type\":\"EntryPoint\",\"urlTemplate\":\"https:\/\/www.le-celadon.fr\/fr\/?s={search_term_string}\"},\"query-input\":\"required name=search_term_string\"}],\"inLanguage\":\"fr-FR\"},{\"@type\":\"Organization\",\"@id\":\"https:\/\/www.le-celadon.fr\/fr\/#organization\",\"name\":\"Le C\u00e9ladon\",\"url\":\"https:\/\/www.le-celadon.fr\/fr\/\",\"logo\":{\"@type\":\"ImageObject\",\"inLanguage\":\"fr-FR\",\"@id\":\"https:\/\/www.le-celadon.fr\/fr\/#\/schema\/logo\/image\/\",\"url\":\"https:\/\/www.le-celadon.fr\/wp-content\/uploads\/2017\/04\/header-logo.png\",\"contentUrl\":\"https:\/\/www.le-celadon.fr\/wp-content\/uploads\/2017\/04\/header-logo.png\",\"width\":275,\"height\":59,\"caption\":\"Le C\u00e9ladon\"},\"image\":{\"@id\":\"https:\/\/www.le-celadon.fr\/fr\/#\/schema\/logo\/image\/\"},\"sameAs\":[\"https:\/\/www.facebook.com\/Le-C\u00e9ladon-Maison-dh\u00f4te-de-charme-985842411553284\/\"]}]}<\/script>\n<!-- \/ Yoast SEO plugin. -->","yoast_head_json":{"title":"Les conditions g\u00e9n\u00e9rales de r\u00e9servation - Le C\u00e9ladon","description":"R\u00e8glement int\u00e9rieur et conditions g\u00e9n\u00e9rales de r\u00e9servation et d'annulation. Pour toute demande, n'h\u00e9sitez-pas \u00e0 nous contacter.","robots":{"index":"index","follow":"follow","max-snippet":"max-snippet:-1","max-image-preview":"max-image-preview:large","max-video-preview":"max-video-preview:-1"},"canonical":"https:\/\/www.le-celadon.fr\/fr\/les-tarifs\/conditions-generales-de-reservation\/","og_locale":"fr_FR","og_type":"article","og_title":"Les conditions g\u00e9n\u00e9rales de r\u00e9servation - Le C\u00e9ladon","og_description":"R\u00e8glement int\u00e9rieur et conditions g\u00e9n\u00e9rales de r\u00e9servation et d'annulation. Pour toute demande, n'h\u00e9sitez-pas \u00e0 nous contacter.","og_url":"https:\/\/www.le-celadon.fr\/fr\/les-tarifs\/conditions-generales-de-reservation\/","og_site_name":"Celadon","article_publisher":"https:\/\/www.facebook.com\/Le-C%c3%a9ladon-Maison-dh%c3%b4te-de-charme-985842411553284\/","article_modified_time":"2017-05-15T09:50:40+00:00","og_image":[{"url":"https:\/\/www.le-celadon.fr\/wp-content\/uploads\/2017\/05\/cgv_le_celadon-505x319.jpg"}],"twitter_card":"summary_large_image","twitter_misc":{"Dur\u00e9e de lecture estim\u00e9e":"2 minutes"},"schema":{"@context":"https:\/\/schema.org","@graph":[{"@type":"WebPage","@id":"https:\/\/www.le-celadon.fr\/fr\/les-tarifs\/conditions-generales-de-reservation\/","url":"https:\/\/www.le-celadon.fr\/fr\/les-tarifs\/conditions-generales-de-reservation\/","name":"Les conditions g\u00e9n\u00e9rales de r\u00e9servation - Le C\u00e9ladon","isPartOf":{"@id":"https:\/\/www.le-celadon.fr\/fr\/#website"},"primaryImageOfPage":{"@id":"https:\/\/www.le-celadon.fr\/fr\/les-tarifs\/conditions-generales-de-reservation\/#primaryimage"},"image":{"@id":"https:\/\/www.le-celadon.fr\/fr\/les-tarifs\/conditions-generales-de-reservation\/#primaryimage"},"thumbnailUrl":"https:\/\/www.le-celadon.fr\/wp-content\/uploads\/2017\/05\/cgv_le_celadon-505x319.jpg","datePublished":"2017-05-02T14:20:55+00:00","dateModified":"2017-05-15T09:50:40+00:00","description":"R\u00e8glement int\u00e9rieur et conditions g\u00e9n\u00e9rales de r\u00e9servation et d'annulation. Pour toute demande, n'h\u00e9sitez-pas \u00e0 nous contacter.","breadcrumb":{"@id":"https:\/\/www.le-celadon.fr\/fr\/les-tarifs\/conditions-generales-de-reservation\/#breadcrumb"},"inLanguage":"fr-FR","potentialAction":[{"@type":"ReadAction","target":["https:\/\/www.le-celadon.fr\/fr\/les-tarifs\/conditions-generales-de-reservation\/"]}]},{"@type":"ImageObject","inLanguage":"fr-FR","@id":"https:\/\/www.le-celadon.fr\/fr\/les-tarifs\/conditions-generales-de-reservation\/#primaryimage","url":"https:\/\/www.le-celadon.fr\/wp-content\/uploads\/2017\/05\/cgv_le_celadon-505x319.jpg","contentUrl":"https:\/\/www.le-celadon.fr\/wp-content\/uploads\/2017\/05\/cgv_le_celadon-505x319.jpg"},{"@type":"BreadcrumbList","@id":"https:\/\/www.le-celadon.fr\/fr\/les-tarifs\/conditions-generales-de-reservation\/#breadcrumb","itemListElement":[{"@type":"ListItem","position":1,"name":"Home","item":"https:\/\/www.le-celadon.fr\/fr\/"},{"@type":"ListItem","position":2,"name":"Les Tarifs","item":"https:\/\/www.le-celadon.fr\/fr\/les-tarifs\/"},{"@type":"ListItem","position":3,"name":"Conditions g\u00e9n\u00e9rales de r\u00e9servation"}]},{"@type":"WebSite","@id":"https:\/\/www.le-celadon.fr\/fr\/#website","url":"https:\/\/www.le-celadon.fr\/fr\/","name":"Celadon","description":"Maison d&#039;h\u00f4tes de charme proche du Puy du Fou","publisher":{"@id":"https:\/\/www.le-celadon.fr\/fr\/#organization"},"potentialAction":[{"@type":"SearchAction","target":{"@type":"EntryPoint","urlTemplate":"https:\/\/www.le-celadon.fr\/fr\/?s={search_term_string}"},"query-input":"required name=search_term_string"}],"inLanguage":"fr-FR"},{"@type":"Organization","@id":"https:\/\/www.le-celadon.fr\/fr\/#organization","name":"Le C\u00e9ladon","url":"https:\/\/www.le-celadon.fr\/fr\/","logo":{"@type":"ImageObject","inLanguage":"fr-FR","@id":"https:\/\/www.le-celadon.fr\/fr\/#\/schema\/logo\/image\/","url":"https:\/\/www.le-celadon.fr\/wp-content\/uploads\/2017\/04\/header-logo.png","contentUrl":"https:\/\/www.le-celadon.fr\/wp-content\/uploads\/2017\/04\/header-logo.png","width":275,"height":59,"caption":"Le C\u00e9ladon"},"image":{"@id":"https:\/\/www.le-celadon.fr\/fr\/#\/schema\/logo\/image\/"},"sameAs":["https:\/\/www.facebook.com\/Le-C\u00e9ladon-Maison-dh\u00f4te-de-charme-985842411553284\/"]}]}},"_links":{"self":[{"href":"https:\/\/www.le-celadon.fr\/fr\/wp-json\/wp\/v2\/pages\/924"}],"collection":[{"href":"https:\/\/www.le-celadon.fr\/fr\/wp-json\/wp\/v2\/pages"}],"about":[{"href":"https:\/\/www.le-celadon.fr\/fr\/wp-json\/wp\/v2\/types\/page"}],"author":[{"embeddable":true,"href":"https:\/\/www.le-celadon.fr\/fr\/wp-json\/wp\/v2\/users\/3"}],"replies":[{"embeddable":true,"href":"https:\/\/www.le-celadon.fr\/fr\/wp-json\/wp\/v2\/comments?post=924"}],"version-history":[{"count":6,"href":"https:\/\/www.le-celadon.fr\/fr\/wp-json\/wp\/v2\/pages\/924\/revisions"}],"predecessor-version":[{"id":2268,"href":"https:\/\/www.le-celadon.fr\/fr\/wp-json\/wp\/v2\/pages\/924\/revisions\/2268"}],"up":[{"embeddable":true,"href":"https:\/\/www.le-celadon.fr\/fr\/wp-json\/wp\/v2\/pages\/29"}],"wp:attachment":[{"href":"https:\/\/www.le-celadon.fr\/fr\/wp-json\/wp\/v2\/media?parent=924"}],"curies":[{"name":"wp","href":"https:\/\/api.w.org\/{rel}","templated":true}]}}